{"id":1295,"date":"2016-09-21T10:55:25","date_gmt":"2016-09-21T10:55:25","guid":{"rendered":"http:\/\/cortadomobile.wpengine.com\/?page_id=1295"},"modified":"2024-04-22T14:48:11","modified_gmt":"2024-04-22T14:48:11","slug":"newsletter","status":"publish","type":"page","link":"https:\/\/www.cortado.com\/de\/newsletter\/","title":{"rendered":"Newsletter"},"content":{"rendered":"\n<h1>Besser informiert mit unserem kostenlosen Expertenwissen<\/h1>\n<p>Holen Sie mehr aus Ihren mobilen Ger\u00e4ten heraus und verpassen Sie keine Neuigkeiten, die iOS, Android und Co. Ihnen\n\tbieten. Unsere Newsletter liefern Ihnen Monat f\u00fcr Monat abwechslungsreich verpackte Themen rund um den produktiven\n\tEinsatz von mobilen Ger\u00e4ten und der Cortado L\u00f6sungen. Freuen Sie sich auf Whitepaper, Webinare, Tipps und Tricks,\n\tHow-to\u2019s und vieles mehr.<\/p>\n<div class=\"container\">\n\t<form action=\"https:\/\/web.inxmail.com\/cortado\/subscription\/servletv3\" method=\"post\"> <input type=\"hidden\"\n\t\t\tname=\"INXMAIL_SUBSCRIPTION\" value=\"Cortado Mobile Solutions News\" \/> <input type=\"hidden\"\n\t\t\tname=\"INXMAIL_HTTP_REDIRECT\" value=\"https:\/\/www.cortado.com\/de\/newsletter\/anmeldung-gesendet\/\" \/> <input\n\t\t\ttype=\"hidden\" name=\"INXMAIL_HTTP_REDIRECT_ERROR\"\n\t\t\tvalue=\"https:\/\/www.cortado.com\/de\/newsletter\/anmeldung-fehlgeschlagen\/\" \/> <input type=\"hidden\"\n\t\t\tname=\"INXMAIL_CHARSET\" value=\"UTF-8\" \/>\n\t\t<div class=\"headline\">\n\t\t\t<h3 class=\"heading\">Kontaktinformationen<\/h3>\n\t\t<\/div>\n\t\t<div class=\"field\"><label>E-Mail <span class=\"required\">(*)<\/span><\/label> <input type=\"text\" class=\"text\"\n\t\t\t\tname=\"email\"> <\/div>\n\t\t<div class=\"field\" id=\"field_first\"><label>Vorname<\/label> <input type=\"text\" class=\"text\"\n\t\t\t\tname=\"Contact - First Name\"> <\/div>\n\t\t<div class=\"field\" id=\"field_last\"><label>Nachname<\/label> <input type=\"text\" class=\"text\"\n\t\t\t\tname=\"Contact - Last Name\"> <\/div>\n\t\t<div class=\"field\" id=\"field_company\"><label>Unternehmen<\/label> <input type=\"text\" class=\"text\"\n\t\t\t\tname=\"Account - Name\"> <\/div>\n\t\t<div class=\"field\" id=\"field_type\"><label>Mein Unternehmen ist<\/label> <select name=\"Account - Type\">\n\t\t\t\t<option value=\"blank\">Bitte ausw\u00e4hlen<\/option>\n\t\t\t\t<option value=\"Reseller\">Reseller<\/option>\n\t\t\t\t<option value=\"Distributor\">Distributor<\/option>\n\t\t\t\t<option value=\"Enduser\">Enduser<\/option>\n\t\t\t\t<option value=\"Enduser\">Sonstiges<\/option>\n\t\t\t\t<option value=\"ASP\">ASP<\/option>\n\t\t\t<\/select> <\/div>\n\t\t<div class=\"field\"><label>Land<\/label> <select name=\"Contact - Country\">\n\t\t\t\t<option value=\"blank\">Bitte ausw\u00e4hlen <\/option>\n\t\t\t\t<option value=\"Germany\">Deutschland <\/option>\n\t\t\t\t<option value=\"Austria\">\u00d6sterreich <\/option>\n\t\t\t\t<option value=\"Switzerland\">Schweiz <\/option>\n\t\t\t\t<option value=\"Liechtenstein\">Liechtenstein <\/option>\n\t\t\t\t<option value=\"Australia\">Australien <\/option>\n\t\t\t\t<option value=\"Canada\">Kanada <\/option>\n\t\t\t\t<option value=\"United Kingdom\">Gro\u00dfbritannien <\/option>\n\t\t\t\t<option value=\"USA\">USA <\/option>\n\t\t\t\t<option value=\"Afghanistan\">Afghanistan <\/option>\n\t\t\t\t<option value=\"Albania\">Albanien <\/option>\n\t\t\t\t<option value=\"Algeria\">Algerien <\/option>\n\t\t\t\t<option value=\"Andorra\">Andorra <\/option>\n\t\t\t\t<option value=\"Angola\">Angola <\/option>\n\t\t\t\t<option value=\"Antigua and Barbuda\">Antigua &amp; Barbuda <\/option>\n\t\t\t\t<option value=\"Argentina\">Argentinien <\/option>\n\t\t\t\t<option value=\"Armenia\">Armenien <\/option>\n\t\t\t\t<option value=\"Azerbaijan\">Aserbaidschan <\/option>\n\t\t\t\t<option value=\"Bahamas\">Bahamas <\/option>\n\t\t\t\t<option value=\"Bahrain\">Bahrain <\/option>\n\t\t\t\t<option value=\"Bangladesh\">Bangladesch <\/option>\n\t\t\t\t<option value=\"Barbados\">Barbados <\/option>\n\t\t\t\t<option value=\"Belarus\">Wei\u00dfrussland <\/option>\n\t\t\t\t<option value=\"Belgium\">Belgien <\/option>\n\t\t\t\t<option value=\"Belize\">Belize <\/option>\n\t\t\t\t<option value=\"Benin\">Benin <\/option>\n\t\t\t\t<option value=\"Bhutan\">Bhutan <\/option>\n\t\t\t\t<option value=\"Bolivia\">Bolivien <\/option>\n\t\t\t\t<option value=\"Bosnia and Herzegovina\">Bosnien und Herzegowina <\/option>\n\t\t\t\t<option value=\"Botswana\">Botswana <\/option>\n\t\t\t\t<option value=\"Brazil\">Brasilien <\/option>\n\t\t\t\t<option value=\"Brunei\">Brunei <\/option>\n\t\t\t\t<option value=\"Bulgaria\">Bulgarien <\/option>\n\t\t\t\t<option value=\"Burkina Faso\">Burkina Faso <\/option>\n\t\t\t\t<option value=\"Burundi\">Burundi <\/option>\n\t\t\t\t<option value=\"Cabo Verde\">Kap Verde <\/option>\n\t\t\t\t<option value=\"Cambodia\">Kambodscha <\/option>\n\t\t\t\t<option value=\"Cameroon\">Kamerun <\/option>\n\t\t\t\t<option value=\"Central African Republic (CAR)\">Zentralafrikanische Republik<\/option>\n\t\t\t\t<option value=\"Chad\">Tshad <\/option>\n\t\t\t\t<option value=\"Chile\">Chile <\/option>\n\t\t\t\t<option value=\"China\">China <\/option>\n\t\t\t\t<option value=\"Colombia\">Kolumbien <\/option>\n\t\t\t\t<option value=\"Comoros\">Komoren <\/option>\n\t\t\t\t<option value=\"Democratic Republic of the Congo\">Demokratische Republik Kongo <\/option>\n\t\t\t\t<option value=\"Republic of the Congo\">Republik Kongo <\/option>\n\t\t\t\t<option value=\"Costa Rica\">Costa Rica <\/option>\n\t\t\t\t<option value=\"Cote d'Ivoire\">Elfenbeik\u00fcste <\/option>\n\t\t\t\t<option value=\"Croatia\">Kroatien <\/option>\n\t\t\t\t<option value=\"Cuba\">Kuba <\/option>\n\t\t\t\t<option value=\"Cyprus\">Zypern <\/option>\n\t\t\t\t<option value=\"Czech Republic\">Tschechien <\/option>\n\t\t\t\t<option value=\"Denmark\">D\u00e4nemark <\/option>\n\t\t\t\t<option value=\"Djibouti\">Dschibuti <\/option>\n\t\t\t\t<option value=\"Dominica\">Dominica <\/option>\n\t\t\t\t<option value=\"Dominican Republic\">Dominikanische Republik <\/option>\n\t\t\t\t<option value=\"Ecuador\">Ecuador <\/option>\n\t\t\t\t<option value=\"Egypt\">\u00c4gypten <\/option>\n\t\t\t\t<option value=\"El Salvador\">El Salvador <\/option>\n\t\t\t\t<option value=\"Equatorial Guinea\">\u00c4quatorialguinea <\/option>\n\t\t\t\t<option value=\"Eritrea\">Eritrea <\/option>\n\t\t\t\t<option value=\"Estonia\">Estland <\/option>\n\t\t\t\t<option value=\"Ethiopia\">\u00c4thiopien <\/option>\n\t\t\t\t<option value=\"Fiji\">Fidschi <\/option>\n\t\t\t\t<option value=\"Finland\">Finnland <\/option>\n\t\t\t\t<option value=\"France\">Frankreich <\/option>\n\t\t\t\t<option value=\"Gabon\">Gabon <\/option>\n\t\t\t\t<option value=\"Gambia\">Gambia <\/option>\n\t\t\t\t<option value=\"Georgia\">Georgien <\/option>\n\t\t\t\t<option value=\"Ghana\">Ghana <\/option>\n\t\t\t\t<option value=\"Greece\">Griechenland <\/option>\n\t\t\t\t<option value=\"Grenada\">Grenada <\/option>\n\t\t\t\t<option value=\"Guatemala\">Guatemala <\/option>\n\t\t\t\t<option value=\"Guinea\">Guinea <\/option>\n\t\t\t\t<option value=\"Guinea-Bissau\">Guinea-Bissau <\/option>\n\t\t\t\t<option value=\"Guyana\">Guyana <\/option>\n\t\t\t\t<option value=\"Haiti\">Haiti <\/option>\n\t\t\t\t<option value=\"Honduras\">Honduras <\/option>\n\t\t\t\t<option value=\"Hungary\">Ungarn <\/option>\n\t\t\t\t<option value=\"Iceland\">Island <\/option>\n\t\t\t\t<option value=\"India\">Indien <\/option>\n\t\t\t\t<option value=\"Indonesia\">Indonesien <\/option>\n\t\t\t\t<option value=\"Iran\">Iran <\/option>\n\t\t\t\t<option value=\"Iraq\">Irak <\/option>\n\t\t\t\t<option value=\"Ireland\">Irland <\/option>\n\t\t\t\t<option value=\"Israel\">Israel <\/option>\n\t\t\t\t<option value=\"Italy\">Italien <\/option>\n\t\t\t\t<option value=\"Jamaica\">Jamaika <\/option>\n\t\t\t\t<option value=\"Japan\">Japan <\/option>\n\t\t\t\t<option value=\"Jordan\">Jordanien <\/option>\n\t\t\t\t<option value=\"Kazakhstan\">Kasachstan <\/option>\n\t\t\t\t<option value=\"Kenya\">Kenia <\/option>\n\t\t\t\t<option value=\"Kiribati\">Kiribati <\/option>\n\t\t\t\t<option value=\"Kosovo\">Kosovo <\/option>\n\t\t\t\t<option value=\"Kuwait\">Kuwait <\/option>\n\t\t\t\t<option value=\"Kyrgyzstan\">Kirgistan <\/option>\n\t\t\t\t<option value=\"Laos\">Laos <\/option>\n\t\t\t\t<option value=\"Latvia\">Lettland <\/option>\n\t\t\t\t<option value=\"Lebanon\">Libanon <\/option>\n\t\t\t\t<option value=\"Lesotho\">Lesotho <\/option>\n\t\t\t\t<option value=\"Liberia\">Liberia <\/option>\n\t\t\t\t<option value=\"Libya\">Libyen <\/option>\n\t\t\t\t<option value=\"Lithuania\">Lithauen <\/option>\n\t\t\t\t<option value=\"Luxembourg\">Luxemburg <\/option>\n\t\t\t\t<option value=\"Macedonia \">Mazedonien <\/option>\n\t\t\t\t<option value=\"Madagascar\">Madagaskar <\/option>\n\t\t\t\t<option value=\"Malawi\">Malawi <\/option>\n\t\t\t\t<option value=\"Malaysia\">Malaysia <\/option>\n\t\t\t\t<option value=\"Maldives\">Malediven <\/option>\n\t\t\t\t<option value=\"Mali\">Mali <\/option>\n\t\t\t\t<option value=\"Malta\">Malta <\/option>\n\t\t\t\t<option value=\"Marshall Islands\">Marshall Inseln <\/option>\n\t\t\t\t<option value=\"Mauritania\">Mauritanien <\/option>\n\t\t\t\t<option value=\"Mauritius\">Mauritius <\/option>\n\t\t\t\t<option value=\"Mexico\">Mexiko <\/option>\n\t\t\t\t<option value=\"Micronesia\">Mikronesien <\/option>\n\t\t\t\t<option value=\"Moldova\">Moldawien <\/option>\n\t\t\t\t<option value=\"Monaco\">Monaco <\/option>\n\t\t\t\t<option value=\"Mongolia\">Mongolei <\/option>\n\t\t\t\t<option value=\"Montenegro\">Montenegro <\/option>\n\t\t\t\t<option value=\"Morocco\">Marokko <\/option>\n\t\t\t\t<option value=\"Mozambique\">Mosambik <\/option>\n\t\t\t\t<option value=\"Myanmar (Burma)\">Myanmar (Burma) <\/option>\n\t\t\t\t<option value=\"Namibia\">Namibia <\/option>\n\t\t\t\t<option value=\"Nauru\">Nauru <\/option>\n\t\t\t\t<option value=\"Nepal\">Nepal <\/option>\n\t\t\t\t<option value=\"Netherlands\">Niederlande <\/option>\n\t\t\t\t<option value=\"New Zealand\">Neuseeland <\/option>\n\t\t\t\t<option value=\"Nicaragua\">Nicaragua <\/option>\n\t\t\t\t<option value=\"Niger\">Niger <\/option>\n\t\t\t\t<option value=\"Nigeria\">Nigeria <\/option>\n\t\t\t\t<option value=\"North Korea\">Nordkorea <\/option>\n\t\t\t\t<option value=\"Norway\">Norwegen <\/option>\n\t\t\t\t<option value=\"Oman\">Oman <\/option>\n\t\t\t\t<option value=\"Pakistan\">Pakistan <\/option>\n\t\t\t\t<option value=\"Palau\">Palau <\/option>\n\t\t\t\t<option value=\"Palestine\">Pal\u00e4stina <\/option>\n\t\t\t\t<option value=\"Panama\">Panama <\/option>\n\t\t\t\t<option value=\"Papua New Guinea\">Papua Neu Guinea <\/option>\n\t\t\t\t<option value=\"Paraguay\">Paraguay <\/option>\n\t\t\t\t<option value=\"Peru\">Peru <\/option>\n\t\t\t\t<option value=\"Philippines\">Philippinen <\/option>\n\t\t\t\t<option value=\"Poland\">Polen <\/option>\n\t\t\t\t<option value=\"Portugal\">Portugal <\/option>\n\t\t\t\t<option value=\"Qatar\">Katar <\/option>\n\t\t\t\t<option value=\"Romania\">Rum\u00e4nien <\/option>\n\t\t\t\t<option value=\"Russia\">Russland <\/option>\n\t\t\t\t<option value=\"Rwanda\">Ruanda <\/option>\n\t\t\t\t<option value=\"Saint Kitts and Nevis\">Saint Kitts &amp; Nevis <\/option>\n\t\t\t\t<option value=\"Saint Lucia\">Sankt Lucia <\/option>\n\t\t\t\t<option value=\"Saint Vincent and the Grenadines\">Sankt Vincent und die Grenadinen <\/option>\n\t\t\t\t<option value=\"Samoa\">Samoa <\/option>\n\t\t\t\t<option value=\"San Marino\">San Marino <\/option>\n\t\t\t\t<option value=\"Sao Tome and Principe\">Sao Tome &amp; Principe <\/option>\n\t\t\t\t<option value=\"Saudi Arabia\">Saudi Arabien <\/option>\n\t\t\t\t<option value=\"Senegal\">Senegal <\/option>\n\t\t\t\t<option value=\"Serbia\">Serbien <\/option>\n\t\t\t\t<option value=\"Seychelles\">Seychellen <\/option>\n\t\t\t\t<option value=\"Sierra Leone\">Sierra Leone <\/option>\n\t\t\t\t<option value=\"Singapore\">Singapur <\/option>\n\t\t\t\t<option value=\"Slovakia\">Slovakei <\/option>\n\t\t\t\t<option value=\"Slovenia\">Slovenien <\/option>\n\t\t\t\t<option value=\"Solomon Islands\">Salomon Inseln <\/option>\n\t\t\t\t<option value=\"Somalia\">Somalia <\/option>\n\t\t\t\t<option value=\"South Africa\">S\u00fcdafrika <\/option>\n\t\t\t\t<option value=\"South Korea\">S\u00fcdkorea <\/option>\n\t\t\t\t<option value=\"South Sudan\">S\u00fcdsudan <\/option>\n\t\t\t\t<option value=\"Spain\">Spanien <\/option>\n\t\t\t\t<option value=\"Sri Lanka\">Sri Lanka <\/option>\n\t\t\t\t<option value=\"Sudan\">Sudan <\/option>\n\t\t\t\t<option value=\"Suriname\">Surinam <\/option>\n\t\t\t\t<option value=\"Swaziland\">Swasiland <\/option>\n\t\t\t\t<option value=\"Sweden\">Schweden <\/option>\n\t\t\t\t<option value=\"Syria\">Syrien <\/option>\n\t\t\t\t<option value=\"Taiwan\">Taiwan <\/option>\n\t\t\t\t<option value=\"Tajikistan\">Tadschikistan <\/option>\n\t\t\t\t<option value=\"Tanzania\">Tansania <\/option>\n\t\t\t\t<option value=\"Thailand\">Thailand <\/option>\n\t\t\t\t<option value=\"Timor-Leste\">Osttimor <\/option>\n\t\t\t\t<option value=\"Togo\">Togo <\/option>\n\t\t\t\t<option value=\"Tonga\">Tonga <\/option>\n\t\t\t\t<option value=\"Trinidad and Tobago\">Trinidad &amp; Tobago <\/option>\n\t\t\t\t<option value=\"Tunisia\">Tunesien <\/option>\n\t\t\t\t<option value=\"Turkey\">T\u00fcrkei <\/option>\n\t\t\t\t<option value=\"Turkmenistan\">Turkmenistan <\/option>\n\t\t\t\t<option value=\"Tuvalu\">Tuvalu <\/option>\n\t\t\t\t<option value=\"Uganda\">Uganda <\/option>\n\t\t\t\t<option value=\"Ukraine\">Ukraine <\/option>\n\t\t\t\t<option value=\"United Arab Emirates\">Vereinigte Arabische Emirate <\/option>\n\t\t\t\t<option value=\"Uruguay\">Uruguay <\/option>\n\t\t\t\t<option value=\"Uzbekistan\">Usbekistan <\/option>\n\t\t\t\t<option value=\"Vanuatu\">Vanuatu <\/option>\n\t\t\t\t<option value=\"Venezuela\">Venezuela <\/option>\n\t\t\t\t<option value=\"Vietnam\">Vietnam <\/option>\n\t\t\t\t<option value=\"Yemen\">Jemen <\/option>\n\t\t\t\t<option value=\"Zambia\">Sambia <\/option>\n\t\t\t\t<option value=\"Zimbabwe\">Simbabwe <\/option>\n\t\t\t<\/select> <\/div> <input type=\"submit\" \/><br\/>\n\t\t<div class=\"frc-captcha\" data-sitekey=\"FCMQMF2A9M34Q6HJ\"\n\t\t\tdata-puzzle-endpoint=\"https:\/\/eu-api.friendlycaptcha.eu\/api\/v1\/puzzle\"><\/div>\n\t<\/form>\n\t<aside> Die mit einem Stern gekennzeichneten Felder <span class=\"required\">(*)<\/span> sind Pflichtfelder. Ihre Daten\n\t\twerden ausschlie\u00dflich f\u00fcr die Personalisierung unserer Newsletter verwendet und nicht an Dritte weitergegeben.\n\t\tF\u00fcr statistische Zwecke verwenden wir Link-Tracking. Bitte f\u00fcgen Sie unsere Senderadresse Ihrem Adressbuch\n\t\thinzu, damit der Newsletter nicht im Spamordner landet.<\/aside>\n<\/div>\n\n\n\n\n<script type=\"module\" src=\"https:\/\/unpkg.com\/friendly-challenge@0.9.9\/widget.module.min.js\" async defer><\/script>\n<script nomodule src=\"https:\/\/unpkg.com\/friendly-challenge@0.9.9\/widget.min.js\" async defer><\/script>\n\n\n\n\n<style class=\"advgb-styles-renderer\">\nh3.heading {margin-top: 40px;}\ninput.check {top: -2px; position: relative;} \ndiv.subscription > label {margin-left: 0.5rem;}\n.required {color:#5D9200;} \ndiv.radiobutton > fieldset > label {margin: 0 0.5rem 0 0.5rem;} \n#field_first, #field_company {float: left;} \n#field_last, #field_type {float: right;} \ndiv.field {margin: 20px 0; width: 49%;} \nbutton {background-color: #5D9200; color: #fff; border: none; align-items: center; border-radius: 4px; display: inline-flex; font-size: 16px; font-weight: 600!important; height: 44px; letter-spacing: -.011em; line-height: 44px; outline: none; padding: 0 1em; text-decoration: none!important; cursor: pointer;} \nbutton:hover {opacity: 0.8;} \n@media only screen and (max-width: 700px) { div.field {margin: 20px 0 20px 0; width: 100%;}} \n.grecaptcha-badge {display: none;}\nselect {border-radius: 4px; -webkit-transition: border-color ease-in-out .15s,box-shadow ease-in-out .15s; -o-transition: border-color ease-in-out .15s,box-shadow ease-in-out .15s; transition: border-color ease-in-out .15s,box-shadow ease-in-out .15s;}\n.rb {top: -2px; position: relative;} \n.text {width: 30rem; border-radius: 4px !important;} \n.submit {margin: 2rem 0;}\n.checkbox {margin: 40px 0}\ndiv.checkbox > label > input {margin-right: 1rem;}\nlabel {font-weight: 600; margin-left: 0.2rem;}\n.radiobutton > fieldset > label {font-weight: normal;}\n.radiobutton {margin: 40px 0 20px 0;}\ninput, textarea, keygen, select, button {margin-top: 0.7rem;}\n#field_company {margin-bottom: 40px;}\ndiv.description {margin: 0 0 1rem 1.9rem;}\nform input[type=submit],\nbutton {\n    background-color: #5D9200;\n    color: #fff;\n    border: none;\n    align-items: center;\n    border-radius: 4px;\n    display: inline-flex;\n    font-size: 16px;\n    font-weight: 600!important;\n    height: 44px;\n    letter-spacing: -.011em;\n    line-height: 44px;\n    outline: none;\n    padding: 0 1em;\n    text-decoration: none!important;\n    cursor: pointer;\n}\n<\/style>","protected":false},"excerpt":{"rendered":"<p>Besser informiert mit unserem kostenlosen Expertenwissen Holen Sie mehr aus Ihren mobilen Ger\u00e4ten heraus und verpassen Sie keine Neuigkeiten, die iOS, Android und Co. Ihnen bieten. Unsere Newsletter liefern Ihnen Monat f\u00fcr Monat abwechslungsreich verpackte Themen rund um den produktiven Einsatz von mobilen Ger\u00e4ten und der Cortado L\u00f6sungen. Freuen Sie sich auf Whitepaper, Webinare, Tipps [&hellip;]<\/p>\n","protected":false},"author":17,"featured_media":0,"parent":0,"menu_order":0,"comment_status":"closed","ping_status":"closed","template":"","meta":{"_acf_changed":false,"inline_featured_image":false,"advgb_blocks_editor_width":"","advgb_blocks_columns_visual_guide":"","footnotes":""},"class_list":["post-1295","page","type-page","status-publish","hentry"],"acf":[],"yoast_head":"<!-- This site is optimized with the Yoast SEO Premium plugin v21.9 (Yoast SEO v27.3) - https:\/\/yoast.com\/product\/yoast-seo-premium-wordpress\/ -->\n<title>Cortado Newsletter - Jetzt abonnieren<\/title>\n<meta name=\"description\" content=\"Erhalten Sie alle Neuigkeiten rund um Enterprise Mobility, Produktneuerungen, Eventmeldungen, Webinarank\u00fcndigungen und vieles mehr direkt in Ihre Inbox.\" \/>\n<meta name=\"robots\" content=\"index, follow, max-snippet:-1, max-image-preview:large, max-video-preview:-1\" \/>\n<link rel=\"canonical\" href=\"https:\/\/www.cortado.com\/de\/newsletter\/\" \/>\n<meta property=\"og:locale\" content=\"de_DE\" \/>\n<meta property=\"og:type\" content=\"article\" \/>\n<meta property=\"og:title\" content=\"Newsletter\" \/>\n<meta property=\"og:description\" content=\"Erhalten Sie alle Neuigkeiten rund um Enterprise Mobility, Produktneuerungen, Eventmeldungen, Webinarank\u00fcndigungen und vieles mehr direkt in Ihre Inbox.\" \/>\n<meta property=\"og:url\" content=\"https:\/\/www.cortado.com\/de\/newsletter\/\" \/>\n<meta property=\"og:site_name\" content=\"Cortado\" \/>\n<meta property=\"article:publisher\" content=\"https:\/\/www.facebook.com\/CortadoMobileSolutions\/\" \/>\n<meta property=\"article:modified_time\" content=\"2024-04-22T14:48:11+00:00\" \/>\n<meta name=\"twitter:card\" content=\"summary_large_image\" \/>\n<meta name=\"twitter:site\" content=\"@cortado_com\" \/>\n<meta name=\"twitter:label1\" content=\"Gesch\u00e4tzte Lesezeit\" \/>\n\t<meta name=\"twitter:data1\" content=\"2 Minuten\" \/>\n<script type=\"application\/ld+json\" class=\"yoast-schema-graph\">{\"@context\":\"https:\\\/\\\/schema.org\",\"@graph\":[{\"@type\":\"WebPage\",\"@id\":\"https:\\\/\\\/www.cortado.com\\\/de\\\/newsletter\\\/\",\"url\":\"https:\\\/\\\/www.cortado.com\\\/de\\\/newsletter\\\/\",\"name\":\"Cortado Newsletter - Jetzt abonnieren\",\"isPartOf\":{\"@id\":\"https:\\\/\\\/www.cortado.com\\\/de\\\/#website\"},\"datePublished\":\"2016-09-21T10:55:25+00:00\",\"dateModified\":\"2024-04-22T14:48:11+00:00\",\"description\":\"Erhalten Sie alle Neuigkeiten rund um Enterprise Mobility, Produktneuerungen, Eventmeldungen, Webinarank\u00fcndigungen und vieles mehr direkt in Ihre Inbox.\",\"breadcrumb\":{\"@id\":\"https:\\\/\\\/www.cortado.com\\\/de\\\/newsletter\\\/#breadcrumb\"},\"inLanguage\":\"de-DE\",\"potentialAction\":[{\"@type\":\"ReadAction\",\"target\":[\"https:\\\/\\\/www.cortado.com\\\/de\\\/newsletter\\\/\"]}]},{\"@type\":\"BreadcrumbList\",\"@id\":\"https:\\\/\\\/www.cortado.com\\\/de\\\/newsletter\\\/#breadcrumb\",\"itemListElement\":[{\"@type\":\"ListItem\",\"position\":1,\"name\":\"Home\",\"item\":\"https:\\\/\\\/www.cortado.com\\\/de\\\/\"},{\"@type\":\"ListItem\",\"position\":2,\"name\":\"Newsletter\"}]},{\"@type\":\"WebSite\",\"@id\":\"https:\\\/\\\/www.cortado.com\\\/de\\\/#website\",\"url\":\"https:\\\/\\\/www.cortado.com\\\/de\\\/\",\"name\":\"Cortado\",\"description\":\"\",\"potentialAction\":[{\"@type\":\"SearchAction\",\"target\":{\"@type\":\"EntryPoint\",\"urlTemplate\":\"https:\\\/\\\/www.cortado.com\\\/de\\\/?s={search_term_string}\"},\"query-input\":{\"@type\":\"PropertyValueSpecification\",\"valueRequired\":true,\"valueName\":\"search_term_string\"}}],\"inLanguage\":\"de-DE\"}]}<\/script>\n<!-- \/ Yoast SEO Premium plugin. -->","yoast_head_json":{"title":"Cortado Newsletter - Jetzt abonnieren","description":"Erhalten Sie alle Neuigkeiten rund um Enterprise Mobility, Produktneuerungen, Eventmeldungen, Webinarank\u00fcndigungen und vieles mehr direkt in Ihre Inbox.","robots":{"index":"index","follow":"follow","max-snippet":"max-snippet:-1","max-image-preview":"max-image-preview:large","max-video-preview":"max-video-preview:-1"},"canonical":"https:\/\/www.cortado.com\/de\/newsletter\/","og_locale":"de_DE","og_type":"article","og_title":"Newsletter","og_description":"Erhalten Sie alle Neuigkeiten rund um Enterprise Mobility, Produktneuerungen, Eventmeldungen, Webinarank\u00fcndigungen und vieles mehr direkt in Ihre Inbox.","og_url":"https:\/\/www.cortado.com\/de\/newsletter\/","og_site_name":"Cortado","article_publisher":"https:\/\/www.facebook.com\/CortadoMobileSolutions\/","article_modified_time":"2024-04-22T14:48:11+00:00","twitter_card":"summary_large_image","twitter_site":"@cortado_com","twitter_misc":{"Gesch\u00e4tzte Lesezeit":"2 Minuten"},"schema":{"@context":"https:\/\/schema.org","@graph":[{"@type":"WebPage","@id":"https:\/\/www.cortado.com\/de\/newsletter\/","url":"https:\/\/www.cortado.com\/de\/newsletter\/","name":"Cortado Newsletter - Jetzt abonnieren","isPartOf":{"@id":"https:\/\/www.cortado.com\/de\/#website"},"datePublished":"2016-09-21T10:55:25+00:00","dateModified":"2024-04-22T14:48:11+00:00","description":"Erhalten Sie alle Neuigkeiten rund um Enterprise Mobility, Produktneuerungen, Eventmeldungen, Webinarank\u00fcndigungen und vieles mehr direkt in Ihre Inbox.","breadcrumb":{"@id":"https:\/\/www.cortado.com\/de\/newsletter\/#breadcrumb"},"inLanguage":"de-DE","potentialAction":[{"@type":"ReadAction","target":["https:\/\/www.cortado.com\/de\/newsletter\/"]}]},{"@type":"BreadcrumbList","@id":"https:\/\/www.cortado.com\/de\/newsletter\/#breadcrumb","itemListElement":[{"@type":"ListItem","position":1,"name":"Home","item":"https:\/\/www.cortado.com\/de\/"},{"@type":"ListItem","position":2,"name":"Newsletter"}]},{"@type":"WebSite","@id":"https:\/\/www.cortado.com\/de\/#website","url":"https:\/\/www.cortado.com\/de\/","name":"Cortado","description":"","potentialAction":[{"@type":"SearchAction","target":{"@type":"EntryPoint","urlTemplate":"https:\/\/www.cortado.com\/de\/?s={search_term_string}"},"query-input":{"@type":"PropertyValueSpecification","valueRequired":true,"valueName":"search_term_string"}}],"inLanguage":"de-DE"}]}},"coauthors":[],"author_meta":{"author_link":"https:\/\/www.cortado.com\/de\/author\/damei\/","display_name":"Dana Meier"},"relative_dates":{"created":"Ver\u00f6ffentlicht 10 Jahren vor","modified":"Aktualisiert 2 Jahren vor"},"absolute_dates":{"created":"Ver\u00f6ffentlicht am September 21, 2016","modified":"Aktualisiert am April 22, 2024"},"absolute_dates_time":{"created":"Ver\u00f6ffentlicht am September 21, 2016 10:55 am","modified":"Aktualisiert am April 22, 2024 2:48 pm"},"featured_img_caption":"","featured_img":false,"series_order":"","_links":{"self":[{"href":"https:\/\/www.cortado.com\/de\/wp-json\/wp\/v2\/pages\/1295","targetHints":{"allow":["GET"]}}],"collection":[{"href":"https:\/\/www.cortado.com\/de\/wp-json\/wp\/v2\/pages"}],"about":[{"href":"https:\/\/www.cortado.com\/de\/wp-json\/wp\/v2\/types\/page"}],"author":[{"embeddable":true,"href":"https:\/\/www.cortado.com\/de\/wp-json\/wp\/v2\/users\/17"}],"replies":[{"embeddable":true,"href":"https:\/\/www.cortado.com\/de\/wp-json\/wp\/v2\/comments?post=1295"}],"version-history":[{"count":0,"href":"https:\/\/www.cortado.com\/de\/wp-json\/wp\/v2\/pages\/1295\/revisions"}],"wp:attachment":[{"href":"https:\/\/www.cortado.com\/de\/wp-json\/wp\/v2\/media?parent=1295"}],"curies":[{"name":"wp","href":"https:\/\/api.w.org\/{rel}","templated":true}]}}