{"id":14484,"date":"2025-02-03T12:05:00","date_gmt":"2025-02-03T12:05:00","guid":{"rendered":"https:\/\/www.cortado.com\/?page_id=14484"},"modified":"2025-03-20T08:37:46","modified_gmt":"2025-03-20T08:37:46","slug":"ressourcen-hub","status":"publish","type":"page","link":"https:\/\/www.cortado.com\/de\/ressourcen-hub\/","title":{"rendered":"Ressourcen-Hub"},"content":{"rendered":"\n<div style=\"height:75px\" aria-hidden=\"true\" class=\"wp-block-spacer\"><\/div>\n\n\n\n<h1 class=\"wp-block-heading alignwide has-text-align-center\" id=\"h-ressourcen-auf-einen-blick\">Ressourcen auf einen Blick<\/h1>\n\n\n\n<div class=\"wp-block-columns alignwide is-layout-flex wp-container-core-columns-is-layout-ad2f72ca wp-block-columns-is-layout-flex\">\n<div class=\"wp-block-column is-vertically-aligned-top  has-background is-layout-flow wp-block-column-is-layout-flow\" style=\"padding-right:0;padding-left:0;background-color:#ffffff;\">\n<div class=\"wp-block-cover\" style=\"min-height:50px;aspect-ratio:unset;\"><span aria-hidden=\"true\" class=\"wp-block-cover__background  has-background-dim-100 has-background-dim\" style=\"background-color:#5d9200;\"><\/span><div class=\"wp-block-cover__inner-container is-layout-constrained wp-block-cover-is-layout-constrained\">\n<div style=\"height:25px\" aria-hidden=\"true\" class=\"wp-block-spacer\"><\/div>\n\n\n\n<h3 class=\"wp-block-heading\" id=\"h-loslegen\"><i class=\"fa-solid fa-flag-checkered\"><\/i>  Loslegen<\/h3>\n<\/div><\/div>\n\n\n\n<div class=\"wp-block-cover is-light has-custom-content-position is-position-top-center\" style=\"min-height:550px;aspect-ratio:unset;\"><span aria-hidden=\"true\" class=\"wp-block-cover__background  has-background-dim-100 has-background-dim\" style=\"background-color:#ffffff;\"><\/span><div class=\"wp-block-cover__inner-container is-layout-constrained wp-block-cover-is-layout-constrained\">\n<h4 class=\"wp-block-heading\" id=\"h-gesprach-buchen\"><a href=\"https:\/\/www.cortado.com\/de\/beratung\/\">Gespr\u00e4ch buchen<\/a><\/h4>\n\n\n\n<p class=\"has-small-font-size\">Sie haben Fragen oder sind unsicher, ob unsere L\u00f6sung zu Ihnen passt? Wir beraten Sie gern. <\/p>\n\n\n\n<h4 class=\"wp-block-heading\" id=\"h-kostenlos-testen\"><a href=\"https:\/\/www.cortado.com\/de\/testen\/\">Kostenlos testen<\/a><\/h4>\n\n\n\n<p class=\"has-small-font-size\">\u00dcberzeugen Sie sich unverbindlich von den Vorteilen unserer L\u00f6sung.<\/p>\n\n\n\n<div class=\"wp-block-buttons is-layout-flex wp-block-buttons-is-layout-flex\">\n<div class=\"wp-block-button\"><a class=\"wp-block-button__link  has-background wp-element-button\" href=\"https:\/\/www.cortado.com\/de\/testen\/\" style=\"background-color:#5d9200;\"><strong>Jetzt testen<\/strong><\/a><\/div>\n<\/div>\n<\/div><\/div>\n<\/div>\n\n\n\n<div class=\"wp-block-column is-vertically-aligned-top is-layout-flow wp-block-column-is-layout-flow\" style=\"padding-right:0;padding-left:0\">\n<div class=\"wp-block-cover\" style=\"min-height:50px;aspect-ratio:unset;\"><span aria-hidden=\"true\" class=\"wp-block-cover__background  has-background-dim-100 has-background-dim\" style=\"background-color:#5d9200;\"><\/span><div class=\"wp-block-cover__inner-container is-layout-constrained wp-block-cover-is-layout-constrained\">\n<div style=\"height:25px\" aria-hidden=\"true\" class=\"wp-block-spacer\"><\/div>\n\n\n\n<h3 class=\"wp-block-heading\" id=\"h-wissen\"><i class=\"fa-solid fa-lightbulb\"><\/i>  Wissen<\/h3>\n<\/div><\/div>\n\n\n\n<div class=\"wp-block-cover is-light has-custom-content-position is-position-top-center\" style=\"min-height:550px;aspect-ratio:unset;\"><span aria-hidden=\"true\" class=\"wp-block-cover__background  has-background-dim-100 has-background-dim\" style=\"background-color:#ffffff;\"><\/span><div class=\"wp-block-cover__inner-container is-layout-constrained wp-block-cover-is-layout-constrained\">\n<h4 class=\"wp-block-heading\" id=\"h-webinare\"><a href=\"https:\/\/cortado.webinargeek.com\">Webinare<\/a><\/h4>\n\n\n\n<p class=\"has-small-font-size\">Erhalten Sie wertvolles Wissen rund um mobile Strategien, MDM und Best Practices.<\/p>\n\n\n\n<h4 class=\"wp-block-heading\" id=\"h-ebooks-und-mehr\"><a href=\"https:\/\/www.cortado.com\/de\/ressource-kategorie\/white-paper\/\">eBooks und mehr<\/a><\/h4>\n\n\n\n<p class=\"has-small-font-size\">Durchst\u00f6bern Sie unsere Bibliothek mit eBooks, Whitepaper und \u00e4hnlichem zum kostenlosen Herunterladen. <\/p>\n\n\n\n<h4 class=\"wp-block-heading\" id=\"h-blog\"><a href=\"https:\/\/blog.cortado.com\/de\/\" target=\"_blank\" rel=\"noreferrer noopener\">Blog<\/a><\/h4>\n\n\n\n<p class=\"has-small-font-size\">Lesen Sie aktuelle Artikel und Ratgeber f\u00fcr den effektiven und sicheren Einsatz von Firmenhandys.<\/p>\n<\/div><\/div>\n<\/div>\n\n\n\n<div class=\"wp-block-column is-layout-flow wp-block-column-is-layout-flow\" style=\"padding-right:0;padding-left:0\">\n<div class=\"wp-block-cover\" style=\"min-height:50px;aspect-ratio:unset;\"><span aria-hidden=\"true\" class=\"wp-block-cover__background  has-background-dim-100 has-background-dim\" style=\"background-color:#5d9200;\"><\/span><div class=\"wp-block-cover__inner-container is-layout-constrained wp-block-cover-is-layout-constrained\">\n<div style=\"height:25px\" aria-hidden=\"true\" class=\"wp-block-spacer\"><\/div>\n\n\n\n<h3 class=\"wp-block-heading\" id=\"h-entdecken\"><i class=\"fa-solid fa-binoculars\"><\/i>  Entdecken<\/h3>\n<\/div><\/div>\n\n\n\n<div class=\"wp-block-cover is-light has-custom-content-position is-position-top-center\" style=\"min-height:550px;aspect-ratio:unset;\"><span aria-hidden=\"true\" class=\"wp-block-cover__background  has-background-dim-100 has-background-dim\" style=\"background-color:#ffffff;\"><\/span><div class=\"wp-block-cover__inner-container is-layout-constrained wp-block-cover-is-layout-constrained\">\n<h4 class=\"wp-block-heading\" id=\"h-produkt-demo\"><a href=\"https:\/\/www.cortado.com\/de\/ressourcen\/mdm-video-demo\/\">Produkt-Demo<\/a><\/h4>\n\n\n\n<p class=\"has-small-font-size\">Erleben Sie live, wie unsere L\u00f6sung Ihre Ger\u00e4teverwaltung vereinfacht.<\/p>\n\n\n\n<h4 class=\"wp-block-heading\" id=\"h-news-amp-updates\"><a href=\"https:\/\/www.cortado.com\/de\/news\/\">News &amp; Updates<\/a><\/h4>\n\n\n\n<p class=\"has-small-font-size\">Neuigkeiten und Updates zu unserem Produkt und Unternehmen.<\/p>\n\n\n\n<h4 class=\"wp-block-heading\" id=\"h-roi-kalkulator\"><a href=\"\/de\/roi\/\">ROI-Kalkulator<\/a><\/h4>\n\n\n\n<p class=\"has-small-font-size\">Berechnen Sie Ihren Nutzen und die Einsparungen mit unserer L\u00f6sung.<\/p>\n\n\n\n<h4 class=\"wp-block-heading\" id=\"h-kundenstories\"><a href=\"https:\/\/www.cortado.com\/de\/kundenreferenzen\/\">Kundenstories<\/a><\/h4>\n\n\n\n<p class=\"has-small-font-size\">Erfahren Sie, wie Unternehmen unsere L\u00f6sung erfolgreich einsetzen.<\/p>\n\n\n\n<h4 class=\"wp-block-heading\" id=\"h-partner-netzwerk\"><a href=\"https:\/\/www.cortado.com\/de\/partner\/\">Partner-Netzwerk<\/a> <\/h4>\n\n\n\n<p class=\"has-small-font-size\">Entdecken Sie unser Netzwerk an Partnern und unsere Partnerprogramme.<\/p>\n<\/div><\/div>\n<\/div>\n\n\n\n<div class=\"wp-block-column is-vertically-aligned-top is-layout-flow wp-block-column-is-layout-flow\" style=\"padding-right:0;padding-left:0\">\n<div class=\"wp-block-cover\" style=\"min-height:50px;aspect-ratio:unset;\"><span aria-hidden=\"true\" class=\"wp-block-cover__background  has-background-dim-100 has-background-dim\" style=\"background-color:#5d9200;\"><\/span><div class=\"wp-block-cover__inner-container is-layout-constrained wp-block-cover-is-layout-constrained\">\n<div style=\"height:25px\" aria-hidden=\"true\" class=\"wp-block-spacer\"><\/div>\n\n\n\n<h3 class=\"wp-block-heading\" id=\"h-hilfe-amp-support\"><i class=\"fa-solid fa-circle-question\"><\/i>  Hilfe &amp; Support<\/h3>\n<\/div><\/div>\n\n\n\n<div class=\"wp-block-cover is-light has-custom-content-position is-position-top-center\" style=\"min-height:550px;aspect-ratio:unset;\"><span aria-hidden=\"true\" class=\"wp-block-cover__background  has-background-dim-100 has-background-dim\" style=\"background-color:#ffffff;\"><\/span><div class=\"wp-block-cover__inner-container is-layout-constrained wp-block-cover-is-layout-constrained\">\n<h4 class=\"wp-block-heading\" id=\"h-chat\">Chat<\/h4>\n\n\n\n<p class=\"has-small-font-size\">Kontaktieren Sie uns im Chat (rechts unten) f\u00fcr schnelle und unkomplizierte Hilfe.<\/p>\n\n\n\n<h4 class=\"wp-block-heading\" id=\"h-knowledge-base\"><a href=\"https:\/\/support.cortado.com\/de\/support\/home\" target=\"_blank\" rel=\"noreferrer noopener\">Knowledge Base<\/a><\/h4>\n\n\n\n<p class=\"has-small-font-size\">Finden Sie Antworten und Anleitungen in unserer Wissensdatenbank.<\/p>\n\n\n\n<h4 class=\"wp-block-heading\" id=\"h-support-ticket\"><a href=\"https:\/\/support.cortado.com\/de\/support\/login\/new\" target=\"_blank\" rel=\"noreferrer noopener\">Support Ticket<\/a><\/h4>\n\n\n\n<p class=\"has-small-font-size\">Erstellen Sie ein Ticket und erhalten Sie individuelle Unterst\u00fctzung.<\/p>\n\n\n\n<h4 class=\"wp-block-heading\" id=\"h-on-boarding-services\"><a href=\"https:\/\/www.cortado.com\/de\/services\/\">On-Boarding Services<\/a><\/h4>\n\n\n\n<p class=\"has-small-font-size\">Individuelle Betreuung f\u00fcr einen reibungslosen und erfolgreichen Start.<\/p>\n\n\n\n<h4 class=\"wp-block-heading\" id=\"h-consulting-services\"><a href=\"https:\/\/www.cortado.com\/de\/services\/#consulting\">Consulting Services<\/a><\/h4>\n\n\n\n<p class=\"has-small-font-size\">Expertenberatung f\u00fcr ma\u00dfgeschneiderte L\u00f6sungen und optimierte Prozesse.<\/p>\n<\/div><\/div>\n<\/div>\n<\/div>\n\n\n\n<div style=\"height:35px\" aria-hidden=\"true\" class=\"wp-block-spacer\"><\/div>\n\n\n\n<div style=\"height:35px\" aria-hidden=\"true\" class=\"wp-block-spacer\"><\/div>\n\n\n\n<div style=\"height:35px\" aria-hidden=\"true\" class=\"wp-block-spacer\"><\/div>\n","protected":false},"excerpt":{"rendered":"<p>Ressourcen auf einen Blick<\/p>\n","protected":false},"author":9,"featured_media":12018,"parent":0,"menu_order":0,"comment_status":"closed","ping_status":"closed","template":"page-templates\/gutenberg-page.php","meta":{"_acf_changed":false,"inline_featured_image":false,"advgb_blocks_editor_width":"","advgb_blocks_columns_visual_guide":"","footnotes":""},"class_list":["post-14484","page","type-page","status-publish","has-post-thumbnail","hentry"],"acf":[],"yoast_head":"<!-- This site is optimized with the Yoast SEO Premium plugin v21.9 (Yoast SEO v27.3) - https:\/\/yoast.com\/product\/yoast-seo-premium-wordpress\/ -->\n<title>MDM Resource Hub \u2013 Wissen, Tools &amp; Insights<\/title>\n<meta name=\"description\" content=\"MDM Resource Hub \u2013 Ihre zentrale Anlaufstelle f\u00fcr Wissen, Tools &amp; Best Practices rund um Mobile Device Management und die Cortado-L\u00f6sungen.\" \/>\n<meta name=\"robots\" content=\"index, follow, max-snippet:-1, max-image-preview:large, max-video-preview:-1\" \/>\n<link rel=\"canonical\" href=\"https:\/\/www.cortado.com\/de\/ressourcen-hub\/\" \/>\n<meta property=\"og:locale\" content=\"de_DE\" \/>\n<meta property=\"og:type\" content=\"article\" \/>\n<meta property=\"og:title\" content=\"Ressourcen-Hub\" \/>\n<meta property=\"og:description\" content=\"MDM Resource Hub \u2013 Ihre zentrale Anlaufstelle f\u00fcr Wissen, Tools &amp; Best Practices rund um Mobile Device Management und die Cortado-L\u00f6sungen.\" \/>\n<meta property=\"og:url\" content=\"https:\/\/www.cortado.com\/de\/ressourcen-hub\/\" \/>\n<meta property=\"og:site_name\" content=\"Cortado\" \/>\n<meta property=\"article:publisher\" content=\"https:\/\/www.facebook.com\/CortadoMobileSolutions\/\" \/>\n<meta property=\"article:modified_time\" content=\"2025-03-20T08:37:46+00:00\" \/>\n<meta property=\"og:image\" content=\"https:\/\/www.cortado.com\/wp-content\/uploads\/cortado_mobile_solutions_fi.png\" \/>\n\t<meta property=\"og:image:width\" content=\"960\" \/>\n\t<meta property=\"og:image:height\" content=\"540\" \/>\n\t<meta property=\"og:image:type\" content=\"image\/png\" \/>\n<meta name=\"twitter:card\" content=\"summary_large_image\" \/>\n<meta name=\"twitter:site\" content=\"@cortado_com\" \/>\n<meta name=\"twitter:label1\" content=\"Gesch\u00e4tzte Lesezeit\" \/>\n\t<meta name=\"twitter:data1\" content=\"2 Minuten\" \/>\n<script type=\"application\/ld+json\" class=\"yoast-schema-graph\">{\"@context\":\"https:\\\/\\\/schema.org\",\"@graph\":[{\"@type\":\"WebPage\",\"@id\":\"https:\\\/\\\/www.cortado.com\\\/de\\\/ressourcen-hub\\\/\",\"url\":\"https:\\\/\\\/www.cortado.com\\\/de\\\/ressourcen-hub\\\/\",\"name\":\"MDM Resource Hub \u2013 Wissen, Tools & Insights\",\"isPartOf\":{\"@id\":\"https:\\\/\\\/www.cortado.com\\\/de\\\/#website\"},\"primaryImageOfPage\":{\"@id\":\"https:\\\/\\\/www.cortado.com\\\/de\\\/ressourcen-hub\\\/#primaryimage\"},\"image\":{\"@id\":\"https:\\\/\\\/www.cortado.com\\\/de\\\/ressourcen-hub\\\/#primaryimage\"},\"thumbnailUrl\":\"https:\\\/\\\/www.cortado.com\\\/wp-content\\\/uploads\\\/cortado_mobile_solutions_fi.png\",\"datePublished\":\"2025-02-03T12:05:00+00:00\",\"dateModified\":\"2025-03-20T08:37:46+00:00\",\"description\":\"MDM Resource Hub \u2013 Ihre zentrale Anlaufstelle f\u00fcr Wissen, Tools & Best Practices rund um Mobile Device Management und die Cortado-L\u00f6sungen.\",\"breadcrumb\":{\"@id\":\"https:\\\/\\\/www.cortado.com\\\/de\\\/ressourcen-hub\\\/#breadcrumb\"},\"inLanguage\":\"de-DE\",\"potentialAction\":[{\"@type\":\"ReadAction\",\"target\":[\"https:\\\/\\\/www.cortado.com\\\/de\\\/ressourcen-hub\\\/\"]}]},{\"@type\":\"ImageObject\",\"inLanguage\":\"de-DE\",\"@id\":\"https:\\\/\\\/www.cortado.com\\\/de\\\/ressourcen-hub\\\/#primaryimage\",\"url\":\"https:\\\/\\\/www.cortado.com\\\/wp-content\\\/uploads\\\/cortado_mobile_solutions_fi.png\",\"contentUrl\":\"https:\\\/\\\/www.cortado.com\\\/wp-content\\\/uploads\\\/cortado_mobile_solutions_fi.png\",\"width\":960,\"height\":540,\"caption\":\"Cortado Mobile Solutions\"},{\"@type\":\"BreadcrumbList\",\"@id\":\"https:\\\/\\\/www.cortado.com\\\/de\\\/ressourcen-hub\\\/#breadcrumb\",\"itemListElement\":[{\"@type\":\"ListItem\",\"position\":1,\"name\":\"Home\",\"item\":\"https:\\\/\\\/www.cortado.com\\\/de\\\/\"},{\"@type\":\"ListItem\",\"position\":2,\"name\":\"Ressourcen-Hub\"}]},{\"@type\":\"WebSite\",\"@id\":\"https:\\\/\\\/www.cortado.com\\\/de\\\/#website\",\"url\":\"https:\\\/\\\/www.cortado.com\\\/de\\\/\",\"name\":\"Cortado\",\"description\":\"\",\"potentialAction\":[{\"@type\":\"SearchAction\",\"target\":{\"@type\":\"EntryPoint\",\"urlTemplate\":\"https:\\\/\\\/www.cortado.com\\\/de\\\/?s={search_term_string}\"},\"query-input\":{\"@type\":\"PropertyValueSpecification\",\"valueRequired\":true,\"valueName\":\"search_term_string\"}}],\"inLanguage\":\"de-DE\"}]}<\/script>\n<!-- \/ Yoast SEO Premium plugin. -->","yoast_head_json":{"title":"MDM Resource Hub \u2013 Wissen, Tools & Insights","description":"MDM Resource Hub \u2013 Ihre zentrale Anlaufstelle f\u00fcr Wissen, Tools & Best Practices rund um Mobile Device Management und die Cortado-L\u00f6sungen.","robots":{"index":"index","follow":"follow","max-snippet":"max-snippet:-1","max-image-preview":"max-image-preview:large","max-video-preview":"max-video-preview:-1"},"canonical":"https:\/\/www.cortado.com\/de\/ressourcen-hub\/","og_locale":"de_DE","og_type":"article","og_title":"Ressourcen-Hub","og_description":"MDM Resource Hub \u2013 Ihre zentrale Anlaufstelle f\u00fcr Wissen, Tools & Best Practices rund um Mobile Device Management und die Cortado-L\u00f6sungen.","og_url":"https:\/\/www.cortado.com\/de\/ressourcen-hub\/","og_site_name":"Cortado","article_publisher":"https:\/\/www.facebook.com\/CortadoMobileSolutions\/","article_modified_time":"2025-03-20T08:37:46+00:00","og_image":[{"width":960,"height":540,"url":"https:\/\/www.cortado.com\/wp-content\/uploads\/cortado_mobile_solutions_fi.png","type":"image\/png"}],"twitter_card":"summary_large_image","twitter_site":"@cortado_com","twitter_misc":{"Gesch\u00e4tzte Lesezeit":"2 Minuten"},"schema":{"@context":"https:\/\/schema.org","@graph":[{"@type":"WebPage","@id":"https:\/\/www.cortado.com\/de\/ressourcen-hub\/","url":"https:\/\/www.cortado.com\/de\/ressourcen-hub\/","name":"MDM Resource Hub \u2013 Wissen, Tools & Insights","isPartOf":{"@id":"https:\/\/www.cortado.com\/de\/#website"},"primaryImageOfPage":{"@id":"https:\/\/www.cortado.com\/de\/ressourcen-hub\/#primaryimage"},"image":{"@id":"https:\/\/www.cortado.com\/de\/ressourcen-hub\/#primaryimage"},"thumbnailUrl":"https:\/\/www.cortado.com\/wp-content\/uploads\/cortado_mobile_solutions_fi.png","datePublished":"2025-02-03T12:05:00+00:00","dateModified":"2025-03-20T08:37:46+00:00","description":"MDM Resource Hub \u2013 Ihre zentrale Anlaufstelle f\u00fcr Wissen, Tools & Best Practices rund um Mobile Device Management und die Cortado-L\u00f6sungen.","breadcrumb":{"@id":"https:\/\/www.cortado.com\/de\/ressourcen-hub\/#breadcrumb"},"inLanguage":"de-DE","potentialAction":[{"@type":"ReadAction","target":["https:\/\/www.cortado.com\/de\/ressourcen-hub\/"]}]},{"@type":"ImageObject","inLanguage":"de-DE","@id":"https:\/\/www.cortado.com\/de\/ressourcen-hub\/#primaryimage","url":"https:\/\/www.cortado.com\/wp-content\/uploads\/cortado_mobile_solutions_fi.png","contentUrl":"https:\/\/www.cortado.com\/wp-content\/uploads\/cortado_mobile_solutions_fi.png","width":960,"height":540,"caption":"Cortado Mobile Solutions"},{"@type":"BreadcrumbList","@id":"https:\/\/www.cortado.com\/de\/ressourcen-hub\/#breadcrumb","itemListElement":[{"@type":"ListItem","position":1,"name":"Home","item":"https:\/\/www.cortado.com\/de\/"},{"@type":"ListItem","position":2,"name":"Ressourcen-Hub"}]},{"@type":"WebSite","@id":"https:\/\/www.cortado.com\/de\/#website","url":"https:\/\/www.cortado.com\/de\/","name":"Cortado","description":"","potentialAction":[{"@type":"SearchAction","target":{"@type":"EntryPoint","urlTemplate":"https:\/\/www.cortado.com\/de\/?s={search_term_string}"},"query-input":{"@type":"PropertyValueSpecification","valueRequired":true,"valueName":"search_term_string"}}],"inLanguage":"de-DE"}]}},"coauthors":[],"author_meta":{"author_link":"https:\/\/www.cortado.com\/de\/author\/dani\/","display_name":"Linda Martin"},"relative_dates":{"created":"Ver\u00f6ffentlicht 1 Jahr vor","modified":"Aktualisiert 1 Jahr vor"},"absolute_dates":{"created":"Ver\u00f6ffentlicht am Februar 3, 2025","modified":"Aktualisiert am M\u00e4rz 20, 2025"},"absolute_dates_time":{"created":"Ver\u00f6ffentlicht am Februar 3, 2025 12:05 pm","modified":"Aktualisiert am M\u00e4rz 20, 2025 8:37 am"},"featured_img_caption":"","featured_img":"https:\/\/www.cortado.com\/wp-content\/uploads\/cortado_mobile_solutions_fi.png","series_order":"","_links":{"self":[{"href":"https:\/\/www.cortado.com\/de\/wp-json\/wp\/v2\/pages\/14484","targetHints":{"allow":["GET"]}}],"collection":[{"href":"https:\/\/www.cortado.com\/de\/wp-json\/wp\/v2\/pages"}],"about":[{"href":"https:\/\/www.cortado.com\/de\/wp-json\/wp\/v2\/types\/page"}],"author":[{"embeddable":true,"href":"https:\/\/www.cortado.com\/de\/wp-json\/wp\/v2\/users\/9"}],"replies":[{"embeddable":true,"href":"https:\/\/www.cortado.com\/de\/wp-json\/wp\/v2\/comments?post=14484"}],"version-history":[{"count":0,"href":"https:\/\/www.cortado.com\/de\/wp-json\/wp\/v2\/pages\/14484\/revisions"}],"wp:featuredmedia":[{"embeddable":true,"href":"https:\/\/www.cortado.com\/de\/wp-json\/wp\/v2\/media\/12018"}],"wp:attachment":[{"href":"https:\/\/www.cortado.com\/de\/wp-json\/wp\/v2\/media?parent=14484"}],"curies":[{"name":"wp","href":"https:\/\/api.w.org\/{rel}","templated":true}]}}