{"id":2635,"date":"2016-09-21T15:18:05","date_gmt":"2016-09-21T15:18:05","guid":{"rendered":"http:\/\/cortadomobile.wpengine.com\/?page_id=2635"},"modified":"2024-06-19T08:51:53","modified_gmt":"2024-06-19T08:51:53","slug":"newsroom","status":"publish","type":"page","link":"https:\/\/www.cortado.com\/de\/newsroom\/","title":{"rendered":"News Center"},"content":{"rendered":"","protected":false},"excerpt":{"rendered":"","protected":false},"author":11,"featured_media":0,"parent":0,"menu_order":0,"comment_status":"closed","ping_status":"closed","template":"page-templates\/post-list.php","meta":{"_acf_changed":false,"inline_featured_image":false,"advgb_blocks_editor_width":"","advgb_blocks_columns_visual_guide":"","footnotes":""},"class_list":["post-2635","page","type-page","status-publish","hentry"],"acf":[],"yoast_head":"<!-- This site is optimized with the Yoast SEO Premium plugin v21.9 (Yoast SEO v27.3) - https:\/\/yoast.com\/product\/yoast-seo-premium-wordpress\/ -->\n<title>News Center \u2013 Aktuelle Entwicklungen &amp; Updates<\/title>\n<meta name=\"description\" content=\"Ihr zuverl\u00e4ssiger Informationspunkt f\u00fcr aktuelle Entwicklungen und wichtige Updates aus dem Bereich der mobilen Technologien.\" \/>\n<meta name=\"robots\" content=\"index, follow, max-snippet:-1, max-image-preview:large, max-video-preview:-1\" \/>\n<link rel=\"canonical\" href=\"https:\/\/www.cortado.com\/de\/newsroom\/\" \/>\n<meta property=\"og:locale\" content=\"de_DE\" \/>\n<meta property=\"og:type\" content=\"article\" \/>\n<meta property=\"og:title\" content=\"News Center\" \/>\n<meta property=\"og:description\" content=\"Ihr zuverl\u00e4ssiger Informationspunkt f\u00fcr aktuelle Entwicklungen und wichtige Updates aus dem Bereich der mobilen Technologien.\" \/>\n<meta property=\"og:url\" content=\"https:\/\/www.cortado.com\/de\/newsroom\/\" \/>\n<meta property=\"og:site_name\" content=\"Cortado\" \/>\n<meta property=\"article:publisher\" content=\"https:\/\/www.facebook.com\/CortadoMobileSolutions\/\" \/>\n<meta property=\"article:modified_time\" content=\"2024-06-19T08:51:53+00:00\" \/>\n<meta name=\"twitter:card\" content=\"summary_large_image\" \/>\n<meta name=\"twitter:site\" content=\"@cortado_com\" \/>\n<script type=\"application\/ld+json\" class=\"yoast-schema-graph\">{\"@context\":\"https:\\\/\\\/schema.org\",\"@graph\":[{\"@type\":\"WebPage\",\"@id\":\"https:\\\/\\\/www.cortado.com\\\/de\\\/newsroom\\\/\",\"url\":\"https:\\\/\\\/www.cortado.com\\\/de\\\/newsroom\\\/\",\"name\":\"News Center \u2013 Aktuelle Entwicklungen & Updates\",\"isPartOf\":{\"@id\":\"https:\\\/\\\/www.cortado.com\\\/de\\\/#website\"},\"datePublished\":\"2016-09-21T15:18:05+00:00\",\"dateModified\":\"2024-06-19T08:51:53+00:00\",\"description\":\"Ihr zuverl\u00e4ssiger Informationspunkt f\u00fcr aktuelle Entwicklungen und wichtige Updates aus dem Bereich der mobilen Technologien.\",\"breadcrumb\":{\"@id\":\"https:\\\/\\\/www.cortado.com\\\/de\\\/newsroom\\\/#breadcrumb\"},\"inLanguage\":\"de-DE\",\"potentialAction\":[{\"@type\":\"ReadAction\",\"target\":[\"https:\\\/\\\/www.cortado.com\\\/de\\\/newsroom\\\/\"]}]},{\"@type\":\"BreadcrumbList\",\"@id\":\"https:\\\/\\\/www.cortado.com\\\/de\\\/newsroom\\\/#breadcrumb\",\"itemListElement\":[{\"@type\":\"ListItem\",\"position\":1,\"name\":\"Home\",\"item\":\"https:\\\/\\\/www.cortado.com\\\/de\\\/\"},{\"@type\":\"ListItem\",\"position\":2,\"name\":\"News Center\"}]},{\"@type\":\"WebSite\",\"@id\":\"https:\\\/\\\/www.cortado.com\\\/de\\\/#website\",\"url\":\"https:\\\/\\\/www.cortado.com\\\/de\\\/\",\"name\":\"Cortado\",\"description\":\"\",\"potentialAction\":[{\"@type\":\"SearchAction\",\"target\":{\"@type\":\"EntryPoint\",\"urlTemplate\":\"https:\\\/\\\/www.cortado.com\\\/de\\\/?s={search_term_string}\"},\"query-input\":{\"@type\":\"PropertyValueSpecification\",\"valueRequired\":true,\"valueName\":\"search_term_string\"}}],\"inLanguage\":\"de-DE\"}]}<\/script>\n<!-- \/ Yoast SEO Premium plugin. -->","yoast_head_json":{"title":"News Center \u2013 Aktuelle Entwicklungen & Updates","description":"Ihr zuverl\u00e4ssiger Informationspunkt f\u00fcr aktuelle Entwicklungen und wichtige Updates aus dem Bereich der mobilen Technologien.","robots":{"index":"index","follow":"follow","max-snippet":"max-snippet:-1","max-image-preview":"max-image-preview:large","max-video-preview":"max-video-preview:-1"},"canonical":"https:\/\/www.cortado.com\/de\/newsroom\/","og_locale":"de_DE","og_type":"article","og_title":"News Center","og_description":"Ihr zuverl\u00e4ssiger Informationspunkt f\u00fcr aktuelle Entwicklungen und wichtige Updates aus dem Bereich der mobilen Technologien.","og_url":"https:\/\/www.cortado.com\/de\/newsroom\/","og_site_name":"Cortado","article_publisher":"https:\/\/www.facebook.com\/CortadoMobileSolutions\/","article_modified_time":"2024-06-19T08:51:53+00:00","twitter_card":"summary_large_image","twitter_site":"@cortado_com","schema":{"@context":"https:\/\/schema.org","@graph":[{"@type":"WebPage","@id":"https:\/\/www.cortado.com\/de\/newsroom\/","url":"https:\/\/www.cortado.com\/de\/newsroom\/","name":"News Center \u2013 Aktuelle Entwicklungen & Updates","isPartOf":{"@id":"https:\/\/www.cortado.com\/de\/#website"},"datePublished":"2016-09-21T15:18:05+00:00","dateModified":"2024-06-19T08:51:53+00:00","description":"Ihr zuverl\u00e4ssiger Informationspunkt f\u00fcr aktuelle Entwicklungen und wichtige Updates aus dem Bereich der mobilen Technologien.","breadcrumb":{"@id":"https:\/\/www.cortado.com\/de\/newsroom\/#breadcrumb"},"inLanguage":"de-DE","potentialAction":[{"@type":"ReadAction","target":["https:\/\/www.cortado.com\/de\/newsroom\/"]}]},{"@type":"BreadcrumbList","@id":"https:\/\/www.cortado.com\/de\/newsroom\/#breadcrumb","itemListElement":[{"@type":"ListItem","position":1,"name":"Home","item":"https:\/\/www.cortado.com\/de\/"},{"@type":"ListItem","position":2,"name":"News Center"}]},{"@type":"WebSite","@id":"https:\/\/www.cortado.com\/de\/#website","url":"https:\/\/www.cortado.com\/de\/","name":"Cortado","description":"","potentialAction":[{"@type":"SearchAction","target":{"@type":"EntryPoint","urlTemplate":"https:\/\/www.cortado.com\/de\/?s={search_term_string}"},"query-input":{"@type":"PropertyValueSpecification","valueRequired":true,"valueName":"search_term_string"}}],"inLanguage":"de-DE"}]}},"coauthors":[],"author_meta":{"author_link":"https:\/\/www.cortado.com\/de\/author\/","display_name":""},"relative_dates":{"created":"Ver\u00f6ffentlicht 10 Jahren vor","modified":"Aktualisiert 2 Jahren vor"},"absolute_dates":{"created":"Ver\u00f6ffentlicht am September 21, 2016","modified":"Aktualisiert am Juni 19, 2024"},"absolute_dates_time":{"created":"Ver\u00f6ffentlicht am September 21, 2016 3:18 pm","modified":"Aktualisiert am Juni 19, 2024 8:51 am"},"featured_img_caption":"","featured_img":false,"series_order":"","_links":{"self":[{"href":"https:\/\/www.cortado.com\/de\/wp-json\/wp\/v2\/pages\/2635","targetHints":{"allow":["GET"]}}],"collection":[{"href":"https:\/\/www.cortado.com\/de\/wp-json\/wp\/v2\/pages"}],"about":[{"href":"https:\/\/www.cortado.com\/de\/wp-json\/wp\/v2\/types\/page"}],"author":[{"embeddable":true,"href":"https:\/\/www.cortado.com\/de\/wp-json\/wp\/v2\/users\/11"}],"replies":[{"embeddable":true,"href":"https:\/\/www.cortado.com\/de\/wp-json\/wp\/v2\/comments?post=2635"}],"version-history":[{"count":0,"href":"https:\/\/www.cortado.com\/de\/wp-json\/wp\/v2\/pages\/2635\/revisions"}],"wp:attachment":[{"href":"https:\/\/www.cortado.com\/de\/wp-json\/wp\/v2\/media?parent=2635"}],"curies":[{"name":"wp","href":"https:\/\/api.w.org\/{rel}","templated":true}]}}