{"id":3029,"date":"2016-09-15T08:30:11","date_gmt":"2016-09-15T08:30:11","guid":{"rendered":"http:\/\/cortadomobile.wpengine.com\/?page_id=3029"},"modified":"2025-05-20T09:25:49","modified_gmt":"2025-05-20T09:25:49","slug":"impressum","status":"publish","type":"page","link":"https:\/\/www.cortado.com\/de\/impressum\/","title":{"rendered":"Impressum"},"content":{"rendered":"\n<h1 class=\"wp-block-heading\" id=\"h-impressum\">Impressum<\/h1>\n\n\n\n<p>Cortado Mobile Solutions GmbH<br>Alt-Moabit 91 a<br>10559 Berlin, Deutschland<\/p>\n\n\n\n<p>Telefon: +49 (0)30 408 198 500<br>Fax: +49 (0)30 408 198 501<br>E-Mail: info@cortado.com<br>Internet: www.cortado.com<\/p>\n\n\n\n<p>Gesch\u00e4ftsf\u00fchrer: Michael R\u00f6diger<br>Handelsregister: Amtsgericht Berlin-Charlottenburg, HRB 163439 B<br>USt-IdNr.: DE297882285<\/p>\n\n\n\n<p><strong>Dieses Impressum gilt auch f\u00fcr folgende Telemedien:<\/strong><\/p>\n\n\n\n<ul class=\"wp-block-list\">\n<li><a href=\"https:\/\/twitter.com\/cortado_com\" target=\"_blank\" rel=\"noreferrer noopener\">Cortado bei Twitter<\/a> | <a href=\"https:\/\/twitter.com\/teamplacenet\" target=\"_blank\" rel=\"noreferrer noopener\">Teamplace bei Twitter<\/a><\/li>\n\n\n\n<li><a href=\"https:\/\/www.facebook.com\/CortadoMobileSolutions\/\" target=\"_blank\" rel=\"noreferrer noopener\">Cortado bei Facebook<\/a> | <a href=\"https:\/\/www.facebook.com\/teamplace.net\/\" target=\"_blank\" rel=\"noreferrer noopener\">Teamplace bei Facebook<\/a><\/li>\n\n\n\n<li><a href=\"https:\/\/www.youtube.com\/cortadovideos\" target=\"_blank\" rel=\"noreferrer noopener\">Cortado bei YouTube <\/a>| <a href=\"https:\/\/www.youtube.com\/c\/TeamplaceNet\" target=\"_blank\" rel=\"noreferrer noopener\">Teamplace bei YouTube<\/a><\/li>\n\n\n\n<li><a href=\"https:\/\/www.linkedin.com\/company\/cortado-ag\" target=\"_blank\" rel=\"noreferrer noopener\">Cortado bei LinkedIn<\/a><\/li>\n\n\n\n<li><a href=\"https:\/\/www.instagram.com\/cortado_live\/\" target=\"_blank\" rel=\"noreferrer noopener\">Cortado bei Instagram<\/a><\/li>\n\n\n\n<li><a href=\"https:\/\/www.webinargeek.com\/de\/datenschutzerklarung\" target=\"_blank\" rel=\"noreferrer noopener\">Cortado bei WebinarGeek<\/a><\/li>\n<\/ul>\n\n\n\n<p>Das Internetangebot der Cortado Mobile Solutions GmbH enth\u00e4lt Links, die auf Internetseiten anderer Anbieter verweisen. Wenn Sie diesen Links folgen, verlassen Sie die Seiten der Cortado Mobile Solutions GmbH. Diese ist f\u00fcr die Inhalte solcher fremden Seiten nicht verantwortlich und \u00fcbernimmt insoweit keine Haftung.<\/p>\n","protected":false},"excerpt":{"rendered":"<p>Impressum Cortado Mobile Solutions GmbHAlt-Moabit 91 a10559 Berlin, Deutschland Telefon: +49 (0)30 408 198 500Fax: +49 (0)30 408 198 501E-Mail: info@cortado.comInternet: www.cortado.com Gesch\u00e4ftsf\u00fchrer: Michael R\u00f6digerHandelsregister: Amtsgericht Berlin-Charlottenburg, HRB 163439 BUSt-IdNr.: DE297882285 Dieses Impressum gilt auch f\u00fcr folgende Telemedien: Das Internetangebot der Cortado Mobile Solutions GmbH enth\u00e4lt Links, die auf Internetseiten anderer Anbieter verweisen. Wenn Sie [&hellip;]<\/p>\n","protected":false},"author":17,"featured_media":0,"parent":0,"menu_order":0,"comment_status":"closed","ping_status":"closed","template":"","meta":{"_acf_changed":false,"inline_featured_image":false,"advgb_blocks_editor_width":"","advgb_blocks_columns_visual_guide":"","footnotes":""},"class_list":["post-3029","page","type-page","status-publish","hentry"],"acf":[],"yoast_head":"<!-- This site is optimized with the Yoast SEO Premium plugin v21.9 (Yoast SEO v27.3) - https:\/\/yoast.com\/product\/yoast-seo-premium-wordpress\/ -->\n<title>Impressum \u2013 Cortado Mobile Solutions<\/title>\n<meta name=\"description\" content=\"Inhaber diese Website ist die Cortado Mobile Solutions GmbH. Das vollst\u00e4ndige Impressum finden Sie auf dieser Seite.\" \/>\n<meta name=\"robots\" content=\"index, follow, max-snippet:-1, max-image-preview:large, max-video-preview:-1\" \/>\n<link rel=\"canonical\" href=\"https:\/\/www.cortado.com\/de\/impressum\/\" \/>\n<meta property=\"og:locale\" content=\"de_DE\" \/>\n<meta property=\"og:type\" content=\"article\" \/>\n<meta property=\"og:title\" content=\"Impressum\" \/>\n<meta property=\"og:description\" content=\"Inhaber diese Website ist die Cortado Mobile Solutions GmbH. Das vollst\u00e4ndige Impressum finden Sie auf dieser Seite.\" \/>\n<meta property=\"og:url\" content=\"https:\/\/www.cortado.com\/de\/impressum\/\" \/>\n<meta property=\"og:site_name\" content=\"Cortado\" \/>\n<meta property=\"article:publisher\" content=\"https:\/\/www.facebook.com\/CortadoMobileSolutions\/\" \/>\n<meta property=\"article:modified_time\" content=\"2025-05-20T09:25:49+00:00\" \/>\n<meta name=\"twitter:card\" content=\"summary_large_image\" \/>\n<meta name=\"twitter:site\" content=\"@cortado_com\" \/>\n<meta name=\"twitter:label1\" content=\"Gesch\u00e4tzte Lesezeit\" \/>\n\t<meta name=\"twitter:data1\" content=\"1 Minute\" \/>\n<script type=\"application\/ld+json\" class=\"yoast-schema-graph\">{\"@context\":\"https:\\\/\\\/schema.org\",\"@graph\":[{\"@type\":\"WebPage\",\"@id\":\"https:\\\/\\\/www.cortado.com\\\/de\\\/impressum\\\/\",\"url\":\"https:\\\/\\\/www.cortado.com\\\/de\\\/impressum\\\/\",\"name\":\"Impressum \u2013 Cortado Mobile Solutions\",\"isPartOf\":{\"@id\":\"https:\\\/\\\/www.cortado.com\\\/de\\\/#website\"},\"datePublished\":\"2016-09-15T08:30:11+00:00\",\"dateModified\":\"2025-05-20T09:25:49+00:00\",\"description\":\"Inhaber diese Website ist die Cortado Mobile Solutions GmbH. Das vollst\u00e4ndige Impressum finden Sie auf dieser Seite.\",\"breadcrumb\":{\"@id\":\"https:\\\/\\\/www.cortado.com\\\/de\\\/impressum\\\/#breadcrumb\"},\"inLanguage\":\"de-DE\",\"potentialAction\":[{\"@type\":\"ReadAction\",\"target\":[\"https:\\\/\\\/www.cortado.com\\\/de\\\/impressum\\\/\"]}]},{\"@type\":\"BreadcrumbList\",\"@id\":\"https:\\\/\\\/www.cortado.com\\\/de\\\/impressum\\\/#breadcrumb\",\"itemListElement\":[{\"@type\":\"ListItem\",\"position\":1,\"name\":\"Home\",\"item\":\"https:\\\/\\\/www.cortado.com\\\/de\\\/\"},{\"@type\":\"ListItem\",\"position\":2,\"name\":\"Impressum\"}]},{\"@type\":\"WebSite\",\"@id\":\"https:\\\/\\\/www.cortado.com\\\/de\\\/#website\",\"url\":\"https:\\\/\\\/www.cortado.com\\\/de\\\/\",\"name\":\"Cortado\",\"description\":\"\",\"potentialAction\":[{\"@type\":\"SearchAction\",\"target\":{\"@type\":\"EntryPoint\",\"urlTemplate\":\"https:\\\/\\\/www.cortado.com\\\/de\\\/?s={search_term_string}\"},\"query-input\":{\"@type\":\"PropertyValueSpecification\",\"valueRequired\":true,\"valueName\":\"search_term_string\"}}],\"inLanguage\":\"de-DE\"}]}<\/script>\n<!-- \/ Yoast SEO Premium plugin. -->","yoast_head_json":{"title":"Impressum \u2013 Cortado Mobile Solutions","description":"Inhaber diese Website ist die Cortado Mobile Solutions GmbH. Das vollst\u00e4ndige Impressum finden Sie auf dieser Seite.","robots":{"index":"index","follow":"follow","max-snippet":"max-snippet:-1","max-image-preview":"max-image-preview:large","max-video-preview":"max-video-preview:-1"},"canonical":"https:\/\/www.cortado.com\/de\/impressum\/","og_locale":"de_DE","og_type":"article","og_title":"Impressum","og_description":"Inhaber diese Website ist die Cortado Mobile Solutions GmbH. Das vollst\u00e4ndige Impressum finden Sie auf dieser Seite.","og_url":"https:\/\/www.cortado.com\/de\/impressum\/","og_site_name":"Cortado","article_publisher":"https:\/\/www.facebook.com\/CortadoMobileSolutions\/","article_modified_time":"2025-05-20T09:25:49+00:00","twitter_card":"summary_large_image","twitter_site":"@cortado_com","twitter_misc":{"Gesch\u00e4tzte Lesezeit":"1 Minute"},"schema":{"@context":"https:\/\/schema.org","@graph":[{"@type":"WebPage","@id":"https:\/\/www.cortado.com\/de\/impressum\/","url":"https:\/\/www.cortado.com\/de\/impressum\/","name":"Impressum \u2013 Cortado Mobile Solutions","isPartOf":{"@id":"https:\/\/www.cortado.com\/de\/#website"},"datePublished":"2016-09-15T08:30:11+00:00","dateModified":"2025-05-20T09:25:49+00:00","description":"Inhaber diese Website ist die Cortado Mobile Solutions GmbH. Das vollst\u00e4ndige Impressum finden Sie auf dieser Seite.","breadcrumb":{"@id":"https:\/\/www.cortado.com\/de\/impressum\/#breadcrumb"},"inLanguage":"de-DE","potentialAction":[{"@type":"ReadAction","target":["https:\/\/www.cortado.com\/de\/impressum\/"]}]},{"@type":"BreadcrumbList","@id":"https:\/\/www.cortado.com\/de\/impressum\/#breadcrumb","itemListElement":[{"@type":"ListItem","position":1,"name":"Home","item":"https:\/\/www.cortado.com\/de\/"},{"@type":"ListItem","position":2,"name":"Impressum"}]},{"@type":"WebSite","@id":"https:\/\/www.cortado.com\/de\/#website","url":"https:\/\/www.cortado.com\/de\/","name":"Cortado","description":"","potentialAction":[{"@type":"SearchAction","target":{"@type":"EntryPoint","urlTemplate":"https:\/\/www.cortado.com\/de\/?s={search_term_string}"},"query-input":{"@type":"PropertyValueSpecification","valueRequired":true,"valueName":"search_term_string"}}],"inLanguage":"de-DE"}]}},"coauthors":[],"author_meta":{"author_link":"https:\/\/www.cortado.com\/de\/author\/damei\/","display_name":"Dana Meier"},"relative_dates":{"created":"Ver\u00f6ffentlicht 10 Jahren vor","modified":"Aktualisiert 12 Monaten vor"},"absolute_dates":{"created":"Ver\u00f6ffentlicht am September 15, 2016","modified":"Aktualisiert am Mai 20, 2025"},"absolute_dates_time":{"created":"Ver\u00f6ffentlicht am September 15, 2016 8:30 am","modified":"Aktualisiert am Mai 20, 2025 9:25 am"},"featured_img_caption":"","featured_img":false,"series_order":"","_links":{"self":[{"href":"https:\/\/www.cortado.com\/de\/wp-json\/wp\/v2\/pages\/3029","targetHints":{"allow":["GET"]}}],"collection":[{"href":"https:\/\/www.cortado.com\/de\/wp-json\/wp\/v2\/pages"}],"about":[{"href":"https:\/\/www.cortado.com\/de\/wp-json\/wp\/v2\/types\/page"}],"author":[{"embeddable":true,"href":"https:\/\/www.cortado.com\/de\/wp-json\/wp\/v2\/users\/17"}],"replies":[{"embeddable":true,"href":"https:\/\/www.cortado.com\/de\/wp-json\/wp\/v2\/comments?post=3029"}],"version-history":[{"count":0,"href":"https:\/\/www.cortado.com\/de\/wp-json\/wp\/v2\/pages\/3029\/revisions"}],"wp:attachment":[{"href":"https:\/\/www.cortado.com\/de\/wp-json\/wp\/v2\/media?parent=3029"}],"curies":[{"name":"wp","href":"https:\/\/api.w.org\/{rel}","templated":true}]}}