{"id":3034,"date":"2016-09-14T14:34:58","date_gmt":"2016-09-14T14:34:58","guid":{"rendered":"http:\/\/cortadomobile.wpengine.com\/?page_id=3034"},"modified":"2024-07-17T08:20:48","modified_gmt":"2024-07-17T08:20:48","slug":"kundenreferenzen","status":"publish","type":"page","link":"https:\/\/www.cortado.com\/de\/kundenreferenzen\/","title":{"rendered":"Kunden-Stories"},"content":{"rendered":"\n<p class=\"has-medium-font-size\">Unternehmen aus den verschiedensten Berufszweigen setzen auf Cortado MDM. Lesen Sie unsere Kundenstories und entdecken Sie die Anwendungsf\u00e4lle innerhalb der verschiedenen Branchen. <\/p>\n","protected":false},"excerpt":{"rendered":"<p>Unternehmen aus den verschiedensten Berufszweigen setzen auf Cortado MDM. Lesen Sie unsere Kundenstories und entdecken Sie die Anwendungsf\u00e4lle innerhalb der verschiedenen Branchen.<\/p>\n","protected":false},"author":17,"featured_media":12018,"parent":0,"menu_order":0,"comment_status":"closed","ping_status":"closed","template":"page-templates\/post-list.php","meta":{"_acf_changed":false,"inline_featured_image":false,"advgb_blocks_editor_width":"","advgb_blocks_columns_visual_guide":"","footnotes":""},"class_list":["post-3034","page","type-page","status-publish","has-post-thumbnail","hentry"],"acf":[],"yoast_head":"<!-- This site is optimized with the Yoast SEO Premium plugin v21.9 (Yoast SEO v27.3) - https:\/\/yoast.com\/product\/yoast-seo-premium-wordpress\/ -->\n<title>Erfolgsgeschichten unserer Kunden | Cortado Case Studies<\/title>\n<meta name=\"description\" content=\"Entdecken Sie, wie Unternehmen weltweit mit Cortado ihre mobilen Arbeitsprozesse und Sicherheitsma\u00dfnahmen optimiert haben.\" \/>\n<meta name=\"robots\" content=\"index, follow, max-snippet:-1, max-image-preview:large, max-video-preview:-1\" \/>\n<link rel=\"canonical\" href=\"https:\/\/www.cortado.com\/de\/kundenreferenzen\/\" \/>\n<meta property=\"og:locale\" content=\"de_DE\" \/>\n<meta property=\"og:type\" content=\"article\" \/>\n<meta property=\"og:title\" content=\"Erfolgreiche MDM-L\u00f6sungen \u2013 Kundenstories\" \/>\n<meta property=\"og:description\" content=\"Unternehmen aller Branchen setzen auf Cortado Mobile Device Management.\" \/>\n<meta property=\"og:url\" content=\"https:\/\/www.cortado.com\/de\/kundenreferenzen\/\" \/>\n<meta property=\"og:site_name\" content=\"Cortado\" \/>\n<meta property=\"article:publisher\" content=\"https:\/\/www.facebook.com\/CortadoMobileSolutions\/\" \/>\n<meta property=\"article:modified_time\" content=\"2024-07-17T08:20:48+00:00\" \/>\n<meta property=\"og:image\" content=\"https:\/\/www.cortado.com\/wp-content\/uploads\/case-studies-fi.jpg\" \/>\n\t<meta property=\"og:image:width\" content=\"1200\" \/>\n\t<meta property=\"og:image:height\" content=\"675\" \/>\n\t<meta property=\"og:image:type\" content=\"image\/jpeg\" \/>\n<meta name=\"twitter:card\" content=\"summary_large_image\" \/>\n<meta name=\"twitter:title\" content=\"Erfolgreiche MDM-L\u00f6sungen \u2013 Kundenstories\" \/>\n<meta name=\"twitter:description\" content=\"Entdecken Sie, wie Unternehmen verschiedenster Branchen mit Cortado Mobile Device Management zum Erfolg gelangen.\" \/>\n<meta name=\"twitter:site\" content=\"@cortado_com\" \/>\n<meta name=\"twitter:label1\" content=\"Gesch\u00e4tzte Lesezeit\" \/>\n\t<meta name=\"twitter:data1\" content=\"1 Minute\" \/>\n<script type=\"application\/ld+json\" class=\"yoast-schema-graph\">{\"@context\":\"https:\\\/\\\/schema.org\",\"@graph\":[{\"@type\":\"WebPage\",\"@id\":\"https:\\\/\\\/www.cortado.com\\\/de\\\/kundenreferenzen\\\/\",\"url\":\"https:\\\/\\\/www.cortado.com\\\/de\\\/kundenreferenzen\\\/\",\"name\":\"Erfolgsgeschichten unserer Kunden | Cortado Case Studies\",\"isPartOf\":{\"@id\":\"https:\\\/\\\/www.cortado.com\\\/de\\\/#website\"},\"primaryImageOfPage\":{\"@id\":\"https:\\\/\\\/www.cortado.com\\\/de\\\/kundenreferenzen\\\/#primaryimage\"},\"image\":{\"@id\":\"https:\\\/\\\/www.cortado.com\\\/de\\\/kundenreferenzen\\\/#primaryimage\"},\"thumbnailUrl\":\"https:\\\/\\\/www.cortado.com\\\/wp-content\\\/uploads\\\/cortado_mobile_solutions_fi.png\",\"datePublished\":\"2016-09-14T14:34:58+00:00\",\"dateModified\":\"2024-07-17T08:20:48+00:00\",\"description\":\"Entdecken Sie, wie Unternehmen weltweit mit Cortado ihre mobilen Arbeitsprozesse und Sicherheitsma\u00dfnahmen optimiert haben.\",\"breadcrumb\":{\"@id\":\"https:\\\/\\\/www.cortado.com\\\/de\\\/kundenreferenzen\\\/#breadcrumb\"},\"inLanguage\":\"de-DE\",\"potentialAction\":[{\"@type\":\"ReadAction\",\"target\":[\"https:\\\/\\\/www.cortado.com\\\/de\\\/kundenreferenzen\\\/\"]}]},{\"@type\":\"ImageObject\",\"inLanguage\":\"de-DE\",\"@id\":\"https:\\\/\\\/www.cortado.com\\\/de\\\/kundenreferenzen\\\/#primaryimage\",\"url\":\"https:\\\/\\\/www.cortado.com\\\/wp-content\\\/uploads\\\/cortado_mobile_solutions_fi.png\",\"contentUrl\":\"https:\\\/\\\/www.cortado.com\\\/wp-content\\\/uploads\\\/cortado_mobile_solutions_fi.png\",\"width\":960,\"height\":540,\"caption\":\"Cortado Mobile Solutions\"},{\"@type\":\"BreadcrumbList\",\"@id\":\"https:\\\/\\\/www.cortado.com\\\/de\\\/kundenreferenzen\\\/#breadcrumb\",\"itemListElement\":[{\"@type\":\"ListItem\",\"position\":1,\"name\":\"Home\",\"item\":\"https:\\\/\\\/www.cortado.com\\\/de\\\/\"},{\"@type\":\"ListItem\",\"position\":2,\"name\":\"Kunden-Stories\"}]},{\"@type\":\"WebSite\",\"@id\":\"https:\\\/\\\/www.cortado.com\\\/de\\\/#website\",\"url\":\"https:\\\/\\\/www.cortado.com\\\/de\\\/\",\"name\":\"Cortado\",\"description\":\"\",\"potentialAction\":[{\"@type\":\"SearchAction\",\"target\":{\"@type\":\"EntryPoint\",\"urlTemplate\":\"https:\\\/\\\/www.cortado.com\\\/de\\\/?s={search_term_string}\"},\"query-input\":{\"@type\":\"PropertyValueSpecification\",\"valueRequired\":true,\"valueName\":\"search_term_string\"}}],\"inLanguage\":\"de-DE\"}]}<\/script>\n<!-- \/ Yoast SEO Premium plugin. -->","yoast_head_json":{"title":"Erfolgsgeschichten unserer Kunden | Cortado Case Studies","description":"Entdecken Sie, wie Unternehmen weltweit mit Cortado ihre mobilen Arbeitsprozesse und Sicherheitsma\u00dfnahmen optimiert haben.","robots":{"index":"index","follow":"follow","max-snippet":"max-snippet:-1","max-image-preview":"max-image-preview:large","max-video-preview":"max-video-preview:-1"},"canonical":"https:\/\/www.cortado.com\/de\/kundenreferenzen\/","og_locale":"de_DE","og_type":"article","og_title":"Erfolgreiche MDM-L\u00f6sungen \u2013 Kundenstories","og_description":"Unternehmen aller Branchen setzen auf Cortado Mobile Device Management.","og_url":"https:\/\/www.cortado.com\/de\/kundenreferenzen\/","og_site_name":"Cortado","article_publisher":"https:\/\/www.facebook.com\/CortadoMobileSolutions\/","article_modified_time":"2024-07-17T08:20:48+00:00","og_image":[{"width":1200,"height":675,"url":"https:\/\/www.cortado.com\/wp-content\/uploads\/case-studies-fi.jpg","type":"image\/jpeg"}],"twitter_card":"summary_large_image","twitter_title":"Erfolgreiche MDM-L\u00f6sungen \u2013 Kundenstories","twitter_description":"Entdecken Sie, wie Unternehmen verschiedenster Branchen mit Cortado Mobile Device Management zum Erfolg gelangen.","twitter_site":"@cortado_com","twitter_misc":{"Gesch\u00e4tzte Lesezeit":"1 Minute"},"schema":{"@context":"https:\/\/schema.org","@graph":[{"@type":"WebPage","@id":"https:\/\/www.cortado.com\/de\/kundenreferenzen\/","url":"https:\/\/www.cortado.com\/de\/kundenreferenzen\/","name":"Erfolgsgeschichten unserer Kunden | Cortado Case Studies","isPartOf":{"@id":"https:\/\/www.cortado.com\/de\/#website"},"primaryImageOfPage":{"@id":"https:\/\/www.cortado.com\/de\/kundenreferenzen\/#primaryimage"},"image":{"@id":"https:\/\/www.cortado.com\/de\/kundenreferenzen\/#primaryimage"},"thumbnailUrl":"https:\/\/www.cortado.com\/wp-content\/uploads\/cortado_mobile_solutions_fi.png","datePublished":"2016-09-14T14:34:58+00:00","dateModified":"2024-07-17T08:20:48+00:00","description":"Entdecken Sie, wie Unternehmen weltweit mit Cortado ihre mobilen Arbeitsprozesse und Sicherheitsma\u00dfnahmen optimiert haben.","breadcrumb":{"@id":"https:\/\/www.cortado.com\/de\/kundenreferenzen\/#breadcrumb"},"inLanguage":"de-DE","potentialAction":[{"@type":"ReadAction","target":["https:\/\/www.cortado.com\/de\/kundenreferenzen\/"]}]},{"@type":"ImageObject","inLanguage":"de-DE","@id":"https:\/\/www.cortado.com\/de\/kundenreferenzen\/#primaryimage","url":"https:\/\/www.cortado.com\/wp-content\/uploads\/cortado_mobile_solutions_fi.png","contentUrl":"https:\/\/www.cortado.com\/wp-content\/uploads\/cortado_mobile_solutions_fi.png","width":960,"height":540,"caption":"Cortado Mobile Solutions"},{"@type":"BreadcrumbList","@id":"https:\/\/www.cortado.com\/de\/kundenreferenzen\/#breadcrumb","itemListElement":[{"@type":"ListItem","position":1,"name":"Home","item":"https:\/\/www.cortado.com\/de\/"},{"@type":"ListItem","position":2,"name":"Kunden-Stories"}]},{"@type":"WebSite","@id":"https:\/\/www.cortado.com\/de\/#website","url":"https:\/\/www.cortado.com\/de\/","name":"Cortado","description":"","potentialAction":[{"@type":"SearchAction","target":{"@type":"EntryPoint","urlTemplate":"https:\/\/www.cortado.com\/de\/?s={search_term_string}"},"query-input":{"@type":"PropertyValueSpecification","valueRequired":true,"valueName":"search_term_string"}}],"inLanguage":"de-DE"}]}},"coauthors":[],"author_meta":{"author_link":"https:\/\/www.cortado.com\/de\/author\/damei\/","display_name":"Dana Meier"},"relative_dates":{"created":"Ver\u00f6ffentlicht 10 Jahren vor","modified":"Aktualisiert 2 Jahren vor"},"absolute_dates":{"created":"Ver\u00f6ffentlicht am September 14, 2016","modified":"Aktualisiert am Juli 17, 2024"},"absolute_dates_time":{"created":"Ver\u00f6ffentlicht am September 14, 2016 2:34 pm","modified":"Aktualisiert am Juli 17, 2024 8:20 am"},"featured_img_caption":"","featured_img":"https:\/\/www.cortado.com\/wp-content\/uploads\/cortado_mobile_solutions_fi.png","series_order":"","_links":{"self":[{"href":"https:\/\/www.cortado.com\/de\/wp-json\/wp\/v2\/pages\/3034","targetHints":{"allow":["GET"]}}],"collection":[{"href":"https:\/\/www.cortado.com\/de\/wp-json\/wp\/v2\/pages"}],"about":[{"href":"https:\/\/www.cortado.com\/de\/wp-json\/wp\/v2\/types\/page"}],"author":[{"embeddable":true,"href":"https:\/\/www.cortado.com\/de\/wp-json\/wp\/v2\/users\/17"}],"replies":[{"embeddable":true,"href":"https:\/\/www.cortado.com\/de\/wp-json\/wp\/v2\/comments?post=3034"}],"version-history":[{"count":0,"href":"https:\/\/www.cortado.com\/de\/wp-json\/wp\/v2\/pages\/3034\/revisions"}],"wp:featuredmedia":[{"embeddable":true,"href":"https:\/\/www.cortado.com\/de\/wp-json\/wp\/v2\/media\/12018"}],"wp:attachment":[{"href":"https:\/\/www.cortado.com\/de\/wp-json\/wp\/v2\/media?parent=3034"}],"curies":[{"name":"wp","href":"https:\/\/api.w.org\/{rel}","templated":true}]}}