{"id":3092,"date":"2016-09-29T16:19:41","date_gmt":"2016-09-29T16:19:41","guid":{"rendered":"http:\/\/cortadomobile.wpengine.com\/?page_id=3092"},"modified":"2021-05-21T11:58:10","modified_gmt":"2021-05-21T11:58:10","slug":"wb-form-sent","status":"publish","type":"page","link":"https:\/\/www.cortado.com\/de\/danke\/wb-form-sent\/","title":{"rendered":"Webinar-Recording Registrierung Best\u00e4tigung"},"content":{"rendered":"\n<h1 class=\"has-text-align-center wp-block-heading\"><br>Vielen Dank!<\/h1>\n\n\n\n<div class=\"wp-block-group\"><div class=\"wp-block-group__inner-container is-layout-constrained wp-block-group-is-layout-constrained\">\n<div style=\"height:24px\" aria-hidden=\"true\" class=\"wp-block-spacer\"><\/div>\n<\/div><\/div>\n\n\n\n<p class=\"has-text-align-center emphasized\">Eine E-Mail mit dem Webinar-Link wurde an Ihre E-Mail-Adresse gesendet.<br>Bitte pr\u00fcfen Sie ggf. auch Ihren Junk-E-Mail-Ordner.<\/p>\n\n\n\n<p class=\"has-text-align-center\"><a href=\"https:\/\/www.cortado.com\/de\/\">Zur\u00fcck zur Startseite \u00bb<\/a><\/p>\n","protected":false},"excerpt":{"rendered":"<p>Vielen Dank! Eine E-Mail mit dem Webinar-Link wurde an Ihre E-Mail-Adresse gesendet.Bitte pr\u00fcfen Sie ggf. auch Ihren Junk-E-Mail-Ordner. Zur\u00fcck zur Startseite \u00bb<\/p>\n","protected":false},"author":17,"featured_media":0,"parent":6118,"menu_order":0,"comment_status":"closed","ping_status":"closed","template":"","meta":{"_acf_changed":false,"inline_featured_image":false,"advgb_blocks_editor_width":"","advgb_blocks_columns_visual_guide":"","footnotes":""},"class_list":["post-3092","page","type-page","status-publish","hentry"],"acf":[],"yoast_head":"<!-- This site is optimized with the Yoast SEO Premium plugin v21.9 (Yoast SEO v27.3) - https:\/\/yoast.com\/product\/yoast-seo-premium-wordpress\/ -->\n<title>On-Demand-Webinar: Best\u00e4tigung der Anmeldung<\/title>\n<meta name=\"robots\" content=\"index, follow, max-snippet:-1, max-image-preview:large, max-video-preview:-1\" \/>\n<link rel=\"canonical\" href=\"https:\/\/www.cortado.com\/de\/danke\/wb-form-sent\/\" \/>\n<meta property=\"og:locale\" content=\"de_DE\" \/>\n<meta property=\"og:type\" content=\"article\" \/>\n<meta property=\"og:title\" content=\"Webinar-Recording Registrierung Best\u00e4tigung\" \/>\n<meta property=\"og:description\" content=\"Vielen Dank! Eine E-Mail mit dem Webinar-Link wurde an Ihre E-Mail-Adresse gesendet.Bitte pr\u00fcfen Sie ggf. auch Ihren Junk-E-Mail-Ordner. Zur\u00fcck zur Startseite \u00bb\" \/>\n<meta property=\"og:url\" content=\"https:\/\/www.cortado.com\/de\/danke\/wb-form-sent\/\" \/>\n<meta property=\"og:site_name\" content=\"Cortado\" \/>\n<meta property=\"article:publisher\" content=\"https:\/\/www.facebook.com\/CortadoMobileSolutions\/\" \/>\n<meta property=\"article:modified_time\" content=\"2021-05-21T11:58:10+00:00\" \/>\n<meta name=\"twitter:card\" content=\"summary_large_image\" \/>\n<meta name=\"twitter:site\" content=\"@cortado_com\" \/>\n<script type=\"application\/ld+json\" class=\"yoast-schema-graph\">{\"@context\":\"https:\\\/\\\/schema.org\",\"@graph\":[{\"@type\":\"WebPage\",\"@id\":\"https:\\\/\\\/www.cortado.com\\\/de\\\/danke\\\/wb-form-sent\\\/\",\"url\":\"https:\\\/\\\/www.cortado.com\\\/de\\\/danke\\\/wb-form-sent\\\/\",\"name\":\"On-Demand-Webinar: Best\u00e4tigung der Anmeldung\",\"isPartOf\":{\"@id\":\"https:\\\/\\\/www.cortado.com\\\/de\\\/#website\"},\"datePublished\":\"2016-09-29T16:19:41+00:00\",\"dateModified\":\"2021-05-21T11:58:10+00:00\",\"breadcrumb\":{\"@id\":\"https:\\\/\\\/www.cortado.com\\\/de\\\/danke\\\/wb-form-sent\\\/#breadcrumb\"},\"inLanguage\":\"de-DE\",\"potentialAction\":[{\"@type\":\"ReadAction\",\"target\":[\"https:\\\/\\\/www.cortado.com\\\/de\\\/danke\\\/wb-form-sent\\\/\"]}]},{\"@type\":\"BreadcrumbList\",\"@id\":\"https:\\\/\\\/www.cortado.com\\\/de\\\/danke\\\/wb-form-sent\\\/#breadcrumb\",\"itemListElement\":[{\"@type\":\"ListItem\",\"position\":1,\"name\":\"Home\",\"item\":\"https:\\\/\\\/www.cortado.com\\\/de\\\/\"},{\"@type\":\"ListItem\",\"position\":2,\"name\":\"Danke\",\"item\":\"https:\\\/\\\/www.cortado.com\\\/de\\\/thank-you\\\/\"},{\"@type\":\"ListItem\",\"position\":3,\"name\":\"Webinar-Recording Registrierung Best\u00e4tigung\"}]},{\"@type\":\"WebSite\",\"@id\":\"https:\\\/\\\/www.cortado.com\\\/de\\\/#website\",\"url\":\"https:\\\/\\\/www.cortado.com\\\/de\\\/\",\"name\":\"Cortado\",\"description\":\"\",\"potentialAction\":[{\"@type\":\"SearchAction\",\"target\":{\"@type\":\"EntryPoint\",\"urlTemplate\":\"https:\\\/\\\/www.cortado.com\\\/de\\\/?s={search_term_string}\"},\"query-input\":{\"@type\":\"PropertyValueSpecification\",\"valueRequired\":true,\"valueName\":\"search_term_string\"}}],\"inLanguage\":\"de-DE\"}]}<\/script>\n<!-- \/ Yoast SEO Premium plugin. -->","yoast_head_json":{"title":"On-Demand-Webinar: Best\u00e4tigung der Anmeldung","robots":{"index":"index","follow":"follow","max-snippet":"max-snippet:-1","max-image-preview":"max-image-preview:large","max-video-preview":"max-video-preview:-1"},"canonical":"https:\/\/www.cortado.com\/de\/danke\/wb-form-sent\/","og_locale":"de_DE","og_type":"article","og_title":"Webinar-Recording Registrierung Best\u00e4tigung","og_description":"Vielen Dank! Eine E-Mail mit dem Webinar-Link wurde an Ihre E-Mail-Adresse gesendet.Bitte pr\u00fcfen Sie ggf. auch Ihren Junk-E-Mail-Ordner. Zur\u00fcck zur Startseite \u00bb","og_url":"https:\/\/www.cortado.com\/de\/danke\/wb-form-sent\/","og_site_name":"Cortado","article_publisher":"https:\/\/www.facebook.com\/CortadoMobileSolutions\/","article_modified_time":"2021-05-21T11:58:10+00:00","twitter_card":"summary_large_image","twitter_site":"@cortado_com","schema":{"@context":"https:\/\/schema.org","@graph":[{"@type":"WebPage","@id":"https:\/\/www.cortado.com\/de\/danke\/wb-form-sent\/","url":"https:\/\/www.cortado.com\/de\/danke\/wb-form-sent\/","name":"On-Demand-Webinar: Best\u00e4tigung der Anmeldung","isPartOf":{"@id":"https:\/\/www.cortado.com\/de\/#website"},"datePublished":"2016-09-29T16:19:41+00:00","dateModified":"2021-05-21T11:58:10+00:00","breadcrumb":{"@id":"https:\/\/www.cortado.com\/de\/danke\/wb-form-sent\/#breadcrumb"},"inLanguage":"de-DE","potentialAction":[{"@type":"ReadAction","target":["https:\/\/www.cortado.com\/de\/danke\/wb-form-sent\/"]}]},{"@type":"BreadcrumbList","@id":"https:\/\/www.cortado.com\/de\/danke\/wb-form-sent\/#breadcrumb","itemListElement":[{"@type":"ListItem","position":1,"name":"Home","item":"https:\/\/www.cortado.com\/de\/"},{"@type":"ListItem","position":2,"name":"Danke","item":"https:\/\/www.cortado.com\/de\/thank-you\/"},{"@type":"ListItem","position":3,"name":"Webinar-Recording Registrierung Best\u00e4tigung"}]},{"@type":"WebSite","@id":"https:\/\/www.cortado.com\/de\/#website","url":"https:\/\/www.cortado.com\/de\/","name":"Cortado","description":"","potentialAction":[{"@type":"SearchAction","target":{"@type":"EntryPoint","urlTemplate":"https:\/\/www.cortado.com\/de\/?s={search_term_string}"},"query-input":{"@type":"PropertyValueSpecification","valueRequired":true,"valueName":"search_term_string"}}],"inLanguage":"de-DE"}]}},"coauthors":[],"author_meta":{"author_link":"https:\/\/www.cortado.com\/de\/author\/damei\/","display_name":"Dana Meier"},"relative_dates":{"created":"Ver\u00f6ffentlicht 10 Jahren vor","modified":"Aktualisiert 5 Jahren vor"},"absolute_dates":{"created":"Ver\u00f6ffentlicht am September 29, 2016","modified":"Aktualisiert am Mai 21, 2021"},"absolute_dates_time":{"created":"Ver\u00f6ffentlicht am September 29, 2016 4:19 pm","modified":"Aktualisiert am Mai 21, 2021 11:58 am"},"featured_img_caption":"","featured_img":false,"series_order":"","_links":{"self":[{"href":"https:\/\/www.cortado.com\/de\/wp-json\/wp\/v2\/pages\/3092","targetHints":{"allow":["GET"]}}],"collection":[{"href":"https:\/\/www.cortado.com\/de\/wp-json\/wp\/v2\/pages"}],"about":[{"href":"https:\/\/www.cortado.com\/de\/wp-json\/wp\/v2\/types\/page"}],"author":[{"embeddable":true,"href":"https:\/\/www.cortado.com\/de\/wp-json\/wp\/v2\/users\/17"}],"replies":[{"embeddable":true,"href":"https:\/\/www.cortado.com\/de\/wp-json\/wp\/v2\/comments?post=3092"}],"version-history":[{"count":0,"href":"https:\/\/www.cortado.com\/de\/wp-json\/wp\/v2\/pages\/3092\/revisions"}],"up":[{"embeddable":true,"href":"https:\/\/www.cortado.com\/de\/wp-json\/wp\/v2\/pages\/6118"}],"wp:attachment":[{"href":"https:\/\/www.cortado.com\/de\/wp-json\/wp\/v2\/media?parent=3092"}],"curies":[{"name":"wp","href":"https:\/\/api.w.org\/{rel}","templated":true}]}}