{"id":5463,"date":"2019-10-22T08:58:36","date_gmt":"2019-10-22T08:58:36","guid":{"rendered":"http:\/\/cortado-website.local\/?page_id=5463"},"modified":"2020-11-10T10:45:39","modified_gmt":"2020-11-10T10:45:39","slug":"anmeldung-gesendet","status":"publish","type":"page","link":"https:\/\/www.cortado.com\/de\/newsletter\/anmeldung-gesendet\/","title":{"rendered":"Newletter-Anmeldung gesendet"},"content":{"rendered":"\n<h2 class=\"wp-block-heading\" style=\"text-align:center\">Vielen Dank!<\/h2>\n\n\n\n<div style=\"height:25px\" aria-hidden=\"true\" class=\"wp-block-spacer\"><\/div>\n\n\n\n<p style=\"text-align:center\" class=\"has-medium-font-size\"> Wir freuen uns \u00fcber Ihre Anmeldung f\u00fcr den Cortado Mobile Solutions Newsletter. <br>Sie erhalten in K\u00fcrze eine E-Mail, in der wir Sie bitten, Ihre Anmeldung zu best\u00e4tigen.<\/p>\n\n\n\n<p style=\"text-align:center\"><strong><a href=\"\/de\/\">Zur Startseite \u00bb<\/a><\/strong><\/p>\n","protected":false},"excerpt":{"rendered":"<p>Vielen Dank! Wir freuen uns \u00fcber Ihre Anmeldung f\u00fcr den Cortado Mobile Solutions Newsletter. Sie erhalten in K\u00fcrze eine E-Mail, in der wir Sie bitten, Ihre Anmeldung zu best\u00e4tigen. Zur Startseite \u00bb<\/p>\n","protected":false},"author":17,"featured_media":0,"parent":1295,"menu_order":0,"comment_status":"closed","ping_status":"closed","template":"","meta":{"_acf_changed":false,"inline_featured_image":false,"advgb_blocks_editor_width":"","advgb_blocks_columns_visual_guide":"","footnotes":""},"class_list":["post-5463","page","type-page","status-publish","hentry"],"acf":[],"yoast_head":"<!-- This site is optimized with the Yoast SEO Premium plugin v21.9 (Yoast SEO v27.3) - https:\/\/yoast.com\/product\/yoast-seo-premium-wordpress\/ -->\n<title>Newletter-Anmeldung gesendet<\/title>\n<meta name=\"robots\" content=\"index, follow, max-snippet:-1, max-image-preview:large, max-video-preview:-1\" \/>\n<link rel=\"canonical\" href=\"https:\/\/www.cortado.com\/de\/newsletter\/anmeldung-gesendet\/\" \/>\n<meta property=\"og:locale\" content=\"de_DE\" \/>\n<meta property=\"og:type\" content=\"article\" \/>\n<meta property=\"og:title\" content=\"Newletter-Anmeldung gesendet\" \/>\n<meta property=\"og:description\" content=\"Vielen Dank! Wir freuen uns \u00fcber Ihre Anmeldung f\u00fcr den Cortado Mobile Solutions Newsletter. Sie erhalten in K\u00fcrze eine E-Mail, in der wir Sie bitten, Ihre Anmeldung zu best\u00e4tigen. Zur Startseite \u00bb\" \/>\n<meta property=\"og:url\" content=\"https:\/\/www.cortado.com\/de\/newsletter\/anmeldung-gesendet\/\" \/>\n<meta property=\"og:site_name\" content=\"Cortado\" \/>\n<meta property=\"article:publisher\" content=\"https:\/\/www.facebook.com\/CortadoMobileSolutions\/\" \/>\n<meta property=\"article:modified_time\" content=\"2020-11-10T10:45:39+00:00\" \/>\n<meta name=\"twitter:card\" content=\"summary_large_image\" \/>\n<meta name=\"twitter:site\" content=\"@cortado_com\" \/>\n<script type=\"application\/ld+json\" class=\"yoast-schema-graph\">{\"@context\":\"https:\\\/\\\/schema.org\",\"@graph\":[{\"@type\":\"WebPage\",\"@id\":\"https:\\\/\\\/www.cortado.com\\\/de\\\/newsletter\\\/anmeldung-gesendet\\\/\",\"url\":\"https:\\\/\\\/www.cortado.com\\\/de\\\/newsletter\\\/anmeldung-gesendet\\\/\",\"name\":\"Newletter-Anmeldung gesendet\",\"isPartOf\":{\"@id\":\"https:\\\/\\\/www.cortado.com\\\/de\\\/#website\"},\"datePublished\":\"2019-10-22T08:58:36+00:00\",\"dateModified\":\"2020-11-10T10:45:39+00:00\",\"breadcrumb\":{\"@id\":\"https:\\\/\\\/www.cortado.com\\\/de\\\/newsletter\\\/anmeldung-gesendet\\\/#breadcrumb\"},\"inLanguage\":\"de-DE\",\"potentialAction\":[{\"@type\":\"ReadAction\",\"target\":[\"https:\\\/\\\/www.cortado.com\\\/de\\\/newsletter\\\/anmeldung-gesendet\\\/\"]}]},{\"@type\":\"BreadcrumbList\",\"@id\":\"https:\\\/\\\/www.cortado.com\\\/de\\\/newsletter\\\/anmeldung-gesendet\\\/#breadcrumb\",\"itemListElement\":[{\"@type\":\"ListItem\",\"position\":1,\"name\":\"Home\",\"item\":\"https:\\\/\\\/www.cortado.com\\\/de\\\/\"},{\"@type\":\"ListItem\",\"position\":2,\"name\":\"Newsletter\",\"item\":\"https:\\\/\\\/www.cortado.com\\\/de\\\/newsletter\\\/\"},{\"@type\":\"ListItem\",\"position\":3,\"name\":\"Newletter-Anmeldung gesendet\"}]},{\"@type\":\"WebSite\",\"@id\":\"https:\\\/\\\/www.cortado.com\\\/de\\\/#website\",\"url\":\"https:\\\/\\\/www.cortado.com\\\/de\\\/\",\"name\":\"Cortado\",\"description\":\"\",\"potentialAction\":[{\"@type\":\"SearchAction\",\"target\":{\"@type\":\"EntryPoint\",\"urlTemplate\":\"https:\\\/\\\/www.cortado.com\\\/de\\\/?s={search_term_string}\"},\"query-input\":{\"@type\":\"PropertyValueSpecification\",\"valueRequired\":true,\"valueName\":\"search_term_string\"}}],\"inLanguage\":\"de-DE\"}]}<\/script>\n<!-- \/ Yoast SEO Premium plugin. -->","yoast_head_json":{"title":"Newletter-Anmeldung gesendet","robots":{"index":"index","follow":"follow","max-snippet":"max-snippet:-1","max-image-preview":"max-image-preview:large","max-video-preview":"max-video-preview:-1"},"canonical":"https:\/\/www.cortado.com\/de\/newsletter\/anmeldung-gesendet\/","og_locale":"de_DE","og_type":"article","og_title":"Newletter-Anmeldung gesendet","og_description":"Vielen Dank! Wir freuen uns \u00fcber Ihre Anmeldung f\u00fcr den Cortado Mobile Solutions Newsletter. Sie erhalten in K\u00fcrze eine E-Mail, in der wir Sie bitten, Ihre Anmeldung zu best\u00e4tigen. Zur Startseite \u00bb","og_url":"https:\/\/www.cortado.com\/de\/newsletter\/anmeldung-gesendet\/","og_site_name":"Cortado","article_publisher":"https:\/\/www.facebook.com\/CortadoMobileSolutions\/","article_modified_time":"2020-11-10T10:45:39+00:00","twitter_card":"summary_large_image","twitter_site":"@cortado_com","schema":{"@context":"https:\/\/schema.org","@graph":[{"@type":"WebPage","@id":"https:\/\/www.cortado.com\/de\/newsletter\/anmeldung-gesendet\/","url":"https:\/\/www.cortado.com\/de\/newsletter\/anmeldung-gesendet\/","name":"Newletter-Anmeldung gesendet","isPartOf":{"@id":"https:\/\/www.cortado.com\/de\/#website"},"datePublished":"2019-10-22T08:58:36+00:00","dateModified":"2020-11-10T10:45:39+00:00","breadcrumb":{"@id":"https:\/\/www.cortado.com\/de\/newsletter\/anmeldung-gesendet\/#breadcrumb"},"inLanguage":"de-DE","potentialAction":[{"@type":"ReadAction","target":["https:\/\/www.cortado.com\/de\/newsletter\/anmeldung-gesendet\/"]}]},{"@type":"BreadcrumbList","@id":"https:\/\/www.cortado.com\/de\/newsletter\/anmeldung-gesendet\/#breadcrumb","itemListElement":[{"@type":"ListItem","position":1,"name":"Home","item":"https:\/\/www.cortado.com\/de\/"},{"@type":"ListItem","position":2,"name":"Newsletter","item":"https:\/\/www.cortado.com\/de\/newsletter\/"},{"@type":"ListItem","position":3,"name":"Newletter-Anmeldung gesendet"}]},{"@type":"WebSite","@id":"https:\/\/www.cortado.com\/de\/#website","url":"https:\/\/www.cortado.com\/de\/","name":"Cortado","description":"","potentialAction":[{"@type":"SearchAction","target":{"@type":"EntryPoint","urlTemplate":"https:\/\/www.cortado.com\/de\/?s={search_term_string}"},"query-input":{"@type":"PropertyValueSpecification","valueRequired":true,"valueName":"search_term_string"}}],"inLanguage":"de-DE"}]}},"coauthors":[],"author_meta":{"author_link":"https:\/\/www.cortado.com\/de\/author\/damei\/","display_name":"Dana Meier"},"relative_dates":{"created":"Ver\u00f6ffentlicht 6 Jahren vor","modified":"Aktualisiert 5 Jahren vor"},"absolute_dates":{"created":"Ver\u00f6ffentlicht am Oktober 22, 2019","modified":"Aktualisiert am November 10, 2020"},"absolute_dates_time":{"created":"Ver\u00f6ffentlicht am Oktober 22, 2019 8:58 am","modified":"Aktualisiert am November 10, 2020 10:45 am"},"featured_img_caption":"","featured_img":false,"series_order":"","_links":{"self":[{"href":"https:\/\/www.cortado.com\/de\/wp-json\/wp\/v2\/pages\/5463","targetHints":{"allow":["GET"]}}],"collection":[{"href":"https:\/\/www.cortado.com\/de\/wp-json\/wp\/v2\/pages"}],"about":[{"href":"https:\/\/www.cortado.com\/de\/wp-json\/wp\/v2\/types\/page"}],"author":[{"embeddable":true,"href":"https:\/\/www.cortado.com\/de\/wp-json\/wp\/v2\/users\/17"}],"replies":[{"embeddable":true,"href":"https:\/\/www.cortado.com\/de\/wp-json\/wp\/v2\/comments?post=5463"}],"version-history":[{"count":0,"href":"https:\/\/www.cortado.com\/de\/wp-json\/wp\/v2\/pages\/5463\/revisions"}],"up":[{"embeddable":true,"href":"https:\/\/www.cortado.com\/de\/wp-json\/wp\/v2\/pages\/1295"}],"wp:attachment":[{"href":"https:\/\/www.cortado.com\/de\/wp-json\/wp\/v2\/media?parent=5463"}],"curies":[{"name":"wp","href":"https:\/\/api.w.org\/{rel}","templated":true}]}}