{"id":5766,"date":"2020-02-18T08:32:27","date_gmt":"2020-02-18T08:32:27","guid":{"rendered":"http:\/\/cortado-website.local\/?page_id=5766"},"modified":"2025-05-21T12:23:27","modified_gmt":"2025-05-21T12:23:27","slug":"pressebereich","status":"publish","type":"page","link":"https:\/\/www.cortado.com\/de\/pressebereich\/","title":{"rendered":"Pressebereich"},"content":{"rendered":"\n<h1 class=\"wp-block-heading has-text-align-center\" id=\"h-presse\">Presse<\/h1>\n\n\n\n<p class=\"has-text-align-center emphasized\">Hier finden Sie aktuelle Pressemitteilungen sowie Ressourcen f\u00fcr Journalisten und Blog-Autoren, die \u00fcber Cortado Mobile Solutions schreiben m\u00f6chten. Wenn Sie Fragen haben, z\u00f6gern Sie bitte nicht, sich mit uns in Verbindung zu setzen!<\/p>\n\n\n\n<div class=\"wp-block-buttons is-layout-flex wp-block-buttons-is-layout-flex\">\n<div class=\"wp-block-button aligncenter\"><a class=\"wp-block-button__link wp-element-button\" href=\"#kontakt\">Kontaktieren Sie uns<\/a><\/div>\n<\/div>\n\n\n\n<div style=\"height:100px\" aria-hidden=\"true\" class=\"wp-block-spacer\"><\/div>\n\n\n\n<div class=\"wp-block-columns is-layout-flex wp-container-core-columns-is-layout-ad2f72ca wp-block-columns-is-layout-flex\">\n<div class=\"wp-block-column is-vertically-aligned-center has-background is-layout-flow wp-block-column-is-layout-flow\" style=\"background-color:#5d9200;flex-basis:33.33%\">\n<figure class=\"wp-block-image size-large\"><img decoding=\"async\" src=\"https:\/\/www.cortado.com\/wp-content\/uploads\/pr-icon.png\" alt=\"Public Relations Icon\"\/><\/figure>\n<\/div>\n\n\n\n<div class=\"wp-block-column is-layout-flow wp-block-column-is-layout-flow\" style=\"flex-basis:66.66%\">\n<h2 class=\"wp-block-heading has-text-align-left\">Aktuelle Presseinformationen<\/h2>\n\n\n<ul class=\"wp-block-latest-posts__list has-dates wp-block-latest-posts\"><li><a class=\"wp-block-latest-posts__post-title\" href=\"https:\/\/www.cortado.com\/de\/pr\/cortado-erweitert-seine-mdm-loesung-um-mac-management\/\">Cortado erweitert seine MDM-L\u00f6sung um Mac-Management<\/a><time datetime=\"2025-11-05T10:48:55+00:00\" class=\"wp-block-latest-posts__post-date\">November 5, 2025<\/time><div class=\"wp-block-latest-posts__post-excerpt\">Unternehmen k\u00f6nnen iOS-, Android- und ab sofort auch macOS-Ger\u00e4te zentral mit Cortado MDM \u00fcber eine Plattform verwalten \u2013 mit Hosting und Datenschutz &#8220;Made in Germany&#8221;<\/div><\/li>\n<li><a class=\"wp-block-latest-posts__post-title\" href=\"https:\/\/www.cortado.com\/de\/news\/studie-arbeiten-ist-besser-mit-dem-smartphone\/\">Studie: Arbeiten ist besser mit dem Smartphone<\/a><time datetime=\"2023-05-03T07:15:46+00:00\" class=\"wp-block-latest-posts__post-date\">Mai 3, 2023<\/time><div class=\"wp-block-latest-posts__post-excerpt\">Laut einer aktuellen Studie von Cortado Mobile Solutions zur Nutzung von Smartphones bewerten fast 80 Prozent der Befragten den Einsatz mobiler Ger\u00e4te in ihrem Arbeitsumfeld als positiv. <\/div><\/li>\n<li><a class=\"wp-block-latest-posts__post-title\" href=\"https:\/\/www.cortado.com\/de\/news\/neuer-geschaeftsfuehrer-bei-cortado-mobile-solutions\/\">Neuer Gesch\u00e4ftsf\u00fchrer bei Cortado Mobile Solutions<\/a><time datetime=\"2023-02-08T08:47:48+00:00\" class=\"wp-block-latest-posts__post-date\">Februar 8, 2023<\/time><div class=\"wp-block-latest-posts__post-excerpt\">Cortado Mobile Solutions erweitert seine Gesch\u00e4ftsf\u00fchrung. Neuer CEO und Verantwortlicher f\u00fcr den kaufm\u00e4nnischen Teil ist Michael R\u00f6diger. <\/div><\/li>\n<\/ul>\n\n\n<div class=\"wp-block-buttons is-layout-flex wp-block-buttons-is-layout-flex\">\n<div class=\"wp-block-button is-style-outline is-style-outline--1\"><a class=\"wp-block-button__link wp-element-button\" href=\"https:\/\/www.cortado.com\/de\/cat\/pr\/\">Alle Presseinformationen<\/a><\/div>\n<\/div>\n<\/div>\n<\/div>\n\n\n\n<div style=\"height:75px\" aria-hidden=\"true\" class=\"wp-block-spacer\"><\/div>\n\n\n\n<h2 class=\"wp-block-heading has-text-align-center\" id=\"h-pressebilder\">Pressebilder<\/h2>\n\n\n\n<div class=\"wp-block-columns is-layout-flex wp-container-core-columns-is-layout-ad2f72ca wp-block-columns-is-layout-flex\">\n<div class=\"wp-block-column is-layout-flow wp-block-column-is-layout-flow\">\n<figure class=\"wp-block-image size-full\"><img loading=\"lazy\" decoding=\"async\" width=\"800\" height=\"800\" src=\"https:\/\/www.cortado.com\/wp-content\/uploads\/cortado_logo_800x800px.png\" alt=\"\" class=\"wp-image-8438\" srcset=\"https:\/\/www.cortado.com\/wp-content\/uploads\/cortado_logo_800x800px.png 800w, https:\/\/www.cortado.com\/wp-content\/uploads\/cortado_logo_800x800px-300x300.png 300w, https:\/\/www.cortado.com\/wp-content\/uploads\/cortado_logo_800x800px-150x150.png 150w, https:\/\/www.cortado.com\/wp-content\/uploads\/cortado_logo_800x800px-768x768.png 768w\" sizes=\"auto, (max-width: 800px) 100vw, 800px\" \/><\/figure>\n\n\n\n<div class=\"wp-block-group\"><div class=\"wp-block-group__inner-container is-layout-constrained wp-block-group-is-layout-constrained\">\n<p class=\"has-text-align-center\"><strong>Unternehmenslogo<\/strong><br>Cortado Mobile Solutions<\/p>\n\n\n\n<div class=\"wp-block-buttons is-content-justification-center is-layout-flex wp-container-core-buttons-is-layout-16018d1d wp-block-buttons-is-layout-flex\">\n<div class=\"wp-block-button is-style-outline is-style-outline--2\"><a class=\"wp-block-button__link wp-element-button\" href=\"https:\/\/www.cortado.com\/wp-content\/uploads\/cortado-logo.zip\">Download<\/a><\/div>\n<\/div>\n<\/div><\/div>\n<\/div>\n\n\n\n<div class=\"wp-block-column is-layout-flow wp-block-column-is-layout-flow\">\n<div class=\"wp-block-group\"><div class=\"wp-block-group__inner-container is-layout-constrained wp-block-group-is-layout-constrained\">\n<figure class=\"wp-block-image size-full\"><img loading=\"lazy\" decoding=\"async\" width=\"800\" height=\"800\" src=\"https:\/\/www.cortado.com\/wp-content\/uploads\/michael-roediger-1.png\" alt=\"Michael R\u00f6diger, CEO \u2013 Cortado Mobile Solutions\" class=\"wp-image-8435\" srcset=\"https:\/\/www.cortado.com\/wp-content\/uploads\/michael-roediger-1.png 800w, https:\/\/www.cortado.com\/wp-content\/uploads\/michael-roediger-1-300x300.png 300w, https:\/\/www.cortado.com\/wp-content\/uploads\/michael-roediger-1-150x150.png 150w, https:\/\/www.cortado.com\/wp-content\/uploads\/michael-roediger-1-768x768.png 768w\" sizes=\"auto, (max-width: 800px) 100vw, 800px\" \/><\/figure>\n\n\n\n<p class=\"has-text-align-center\"><strong>Michael R\u00f6diger<\/strong><br>CEO, Cortado Mobile Solutions<\/p>\n\n\n\n<div class=\"wp-block-buttons is-content-justification-center is-layout-flex wp-container-core-buttons-is-layout-16018d1d wp-block-buttons-is-layout-flex\">\n<div class=\"wp-block-button is-style-outline is-style-outline--3\"><a class=\"wp-block-button__link wp-element-button\" href=\"https:\/\/www.cortado.com\/wp-content\/uploads\/michael-roediger.zip\">Download<\/a><\/div>\n<\/div>\n<\/div><\/div>\n<\/div>\n<\/div>\n\n\n\n<div style=\"height:100px\" aria-hidden=\"true\" class=\"wp-block-spacer\"><\/div>\n\n\n\n<div class=\"wp-block-media-text alignwide has-media-on-the-right is-stacked-on-mobile is-image-fill has-background\" style=\"background-color:#d6dee8\" id=\"kontakt\"><div class=\"wp-block-media-text__content\">\n<div style=\"height:50px\" aria-hidden=\"true\" class=\"wp-block-spacer\"><\/div>\n\n\n\n<h3 class=\"wp-block-heading\" id=\"h-informationen-zum-unternehmen\">Informationen zum Unternehmen<\/h3>\n\n\n\n<ul class=\"wp-block-list\">\n<li><a href=\"\/de\/ueber-uns\/\">\u00dcber Cortado Mobile Solutions<\/a><\/li>\n\n\n\n<li><a href=\"\/de\/ueber-uns\/#directors\">Gesch\u00e4ftsf\u00fchrung<\/a><\/li>\n\n\n\n<li><a href=\"\/de\/ueber-uns\/#cortado-worldwide\">Niederlassungen<\/a><\/li>\n\n\n\n<li><a href=\"\/de\/kundenreferenzen\/\">Kundenreferenzen<\/a><\/li>\n<\/ul>\n\n\n\n<div style=\"height:25px\" aria-hidden=\"true\" class=\"wp-block-spacer\"><\/div>\n\n\n\n<div class=\"wp-block-columns is-layout-flex wp-container-core-columns-is-layout-ad2f72ca wp-block-columns-is-layout-flex\">\n<div class=\"wp-block-column is-layout-flow wp-block-column-is-layout-flow\" style=\"flex-basis:25%\">\n<figure class=\"wp-block-image size-large is-style-rounded\"><img decoding=\"async\" src=\"https:\/\/www.cortado.com\/wp-content\/uploads\/silke-kluckert.png\" alt=\"Silke Kluckert, PR Manager\"\/><\/figure>\n<\/div>\n\n\n\n<div class=\"wp-block-column is-layout-flow wp-block-column-is-layout-flow\" style=\"flex-basis:66.66%\">\n<p class=\"kontakt has-medium-font-size\"><strong>Ansprechpartnerin f\u00fcr Presseanfragen<\/strong><\/p>\n\n\n\n<p>Silke Kluckert, PR Manager<br>E-Mail: press@cortado.com<br>Tel.: +49-(0)30-39 49 31 66<\/p>\n<\/div>\n<\/div>\n\n\n\n<div style=\"height:25px\" aria-hidden=\"true\" class=\"wp-block-spacer\"><\/div>\n<\/div><figure class=\"wp-block-media-text__media\" style=\"background-image:url(https:\/\/www.cortado.com\/wp-content\/uploads\/cortado-office-berlin-1024x692.jpg);background-position:50% 50%\"><img loading=\"lazy\" decoding=\"async\" width=\"1024\" height=\"692\" src=\"https:\/\/www.cortado.com\/wp-content\/uploads\/cortado-office-berlin-1024x692.jpg\" alt=\"Cortado Hauptniederlassung in Berlin-Mitte\" class=\"wp-image-7751 size-full\" srcset=\"https:\/\/www.cortado.com\/wp-content\/uploads\/cortado-office-berlin-1024x692.jpg 1024w, https:\/\/www.cortado.com\/wp-content\/uploads\/cortado-office-berlin-300x203.jpg 300w, https:\/\/www.cortado.com\/wp-content\/uploads\/cortado-office-berlin-768x519.jpg 768w, https:\/\/www.cortado.com\/wp-content\/uploads\/cortado-office-berlin-1536x1038.jpg 1536w, https:\/\/www.cortado.com\/wp-content\/uploads\/cortado-office-berlin-2048x1384.jpg 2048w\" sizes=\"auto, (max-width: 1024px) 100vw, 1024px\" \/><\/figure><\/div>\n","protected":false},"excerpt":{"rendered":"<p>Presse Hier finden Sie aktuelle Pressemitteilungen sowie Ressourcen f\u00fcr Journalisten und Blog-Autoren, die \u00fcber Cortado Mobile Solutions schreiben m\u00f6chten. Wenn Sie Fragen haben, z\u00f6gern Sie bitte nicht, sich mit uns in Verbindung zu setzen! Aktuelle Presseinformationen Pressebilder UnternehmenslogoCortado Mobile Solutions Michael R\u00f6digerCEO, Cortado Mobile Solutions<\/p>\n","protected":false},"author":9,"featured_media":8448,"parent":0,"menu_order":0,"comment_status":"closed","ping_status":"closed","template":"","meta":{"_acf_changed":false,"inline_featured_image":false,"advgb_blocks_editor_width":"","advgb_blocks_columns_visual_guide":"","footnotes":""},"class_list":["post-5766","page","type-page","status-publish","has-post-thumbnail","hentry"],"acf":[],"yoast_head":"<!-- This site is optimized with the Yoast SEO Premium plugin v21.9 (Yoast SEO v27.3) - https:\/\/yoast.com\/product\/yoast-seo-premium-wordpress\/ -->\n<title>Pressebereich \u2013 Cortado Mobile Solutions<\/title>\n<meta name=\"description\" content=\"Hier finden Sie aktuelle Pressemitteilungen sowie Ressourcen f\u00fcr Journalisten und Blog-Autoren, die \u00fcber Cortado Mobile Solutions schreiben m\u00f6chten.\" \/>\n<meta name=\"robots\" content=\"index, follow, max-snippet:-1, max-image-preview:large, max-video-preview:-1\" \/>\n<link rel=\"canonical\" href=\"https:\/\/www.cortado.com\/de\/pressebereich\/\" \/>\n<meta property=\"og:locale\" content=\"de_DE\" \/>\n<meta property=\"og:type\" content=\"article\" \/>\n<meta property=\"og:title\" content=\"Pressebereich\" \/>\n<meta property=\"og:description\" content=\"Hier finden Sie aktuelle Pressemitteilungen sowie Ressourcen f\u00fcr Journalisten und Blog-Autoren, die \u00fcber Cortado Mobile Solutions schreiben m\u00f6chten.\" \/>\n<meta property=\"og:url\" content=\"https:\/\/www.cortado.com\/de\/pressebereich\/\" \/>\n<meta property=\"og:site_name\" content=\"Cortado\" \/>\n<meta property=\"article:publisher\" content=\"https:\/\/www.facebook.com\/CortadoMobileSolutions\/\" \/>\n<meta property=\"article:modified_time\" content=\"2025-05-21T12:23:27+00:00\" \/>\n<meta property=\"og:image\" content=\"https:\/\/www.cortado.com\/wp-content\/uploads\/presse-fi.jpg\" \/>\n\t<meta property=\"og:image:width\" content=\"800\" \/>\n\t<meta property=\"og:image:height\" content=\"800\" \/>\n\t<meta property=\"og:image:type\" content=\"image\/jpeg\" \/>\n<meta name=\"twitter:card\" content=\"summary_large_image\" \/>\n<meta name=\"twitter:site\" content=\"@cortado_com\" \/>\n<meta name=\"twitter:label1\" content=\"Gesch\u00e4tzte Lesezeit\" \/>\n\t<meta name=\"twitter:data1\" content=\"2 Minuten\" \/>\n<script type=\"application\/ld+json\" class=\"yoast-schema-graph\">{\"@context\":\"https:\\\/\\\/schema.org\",\"@graph\":[{\"@type\":\"WebPage\",\"@id\":\"https:\\\/\\\/www.cortado.com\\\/de\\\/pressebereich\\\/\",\"url\":\"https:\\\/\\\/www.cortado.com\\\/de\\\/pressebereich\\\/\",\"name\":\"Pressebereich \u2013 Cortado Mobile Solutions\",\"isPartOf\":{\"@id\":\"https:\\\/\\\/www.cortado.com\\\/de\\\/#website\"},\"primaryImageOfPage\":{\"@id\":\"https:\\\/\\\/www.cortado.com\\\/de\\\/pressebereich\\\/#primaryimage\"},\"image\":{\"@id\":\"https:\\\/\\\/www.cortado.com\\\/de\\\/pressebereich\\\/#primaryimage\"},\"thumbnailUrl\":\"https:\\\/\\\/www.cortado.com\\\/wp-content\\\/uploads\\\/presse-fi.jpg\",\"datePublished\":\"2020-02-18T08:32:27+00:00\",\"dateModified\":\"2025-05-21T12:23:27+00:00\",\"description\":\"Hier finden Sie aktuelle Pressemitteilungen sowie Ressourcen f\u00fcr Journalisten und Blog-Autoren, die \u00fcber Cortado Mobile Solutions schreiben m\u00f6chten.\",\"breadcrumb\":{\"@id\":\"https:\\\/\\\/www.cortado.com\\\/de\\\/pressebereich\\\/#breadcrumb\"},\"inLanguage\":\"de-DE\",\"potentialAction\":[{\"@type\":\"ReadAction\",\"target\":[\"https:\\\/\\\/www.cortado.com\\\/de\\\/pressebereich\\\/\"]}]},{\"@type\":\"ImageObject\",\"inLanguage\":\"de-DE\",\"@id\":\"https:\\\/\\\/www.cortado.com\\\/de\\\/pressebereich\\\/#primaryimage\",\"url\":\"https:\\\/\\\/www.cortado.com\\\/wp-content\\\/uploads\\\/presse-fi.jpg\",\"contentUrl\":\"https:\\\/\\\/www.cortado.com\\\/wp-content\\\/uploads\\\/presse-fi.jpg\",\"width\":800,\"height\":800,\"caption\":\"Pressebereich Cortado\"},{\"@type\":\"BreadcrumbList\",\"@id\":\"https:\\\/\\\/www.cortado.com\\\/de\\\/pressebereich\\\/#breadcrumb\",\"itemListElement\":[{\"@type\":\"ListItem\",\"position\":1,\"name\":\"Home\",\"item\":\"https:\\\/\\\/www.cortado.com\\\/de\\\/\"},{\"@type\":\"ListItem\",\"position\":2,\"name\":\"Pressebereich\"}]},{\"@type\":\"WebSite\",\"@id\":\"https:\\\/\\\/www.cortado.com\\\/de\\\/#website\",\"url\":\"https:\\\/\\\/www.cortado.com\\\/de\\\/\",\"name\":\"Cortado\",\"description\":\"\",\"potentialAction\":[{\"@type\":\"SearchAction\",\"target\":{\"@type\":\"EntryPoint\",\"urlTemplate\":\"https:\\\/\\\/www.cortado.com\\\/de\\\/?s={search_term_string}\"},\"query-input\":{\"@type\":\"PropertyValueSpecification\",\"valueRequired\":true,\"valueName\":\"search_term_string\"}}],\"inLanguage\":\"de-DE\"}]}<\/script>\n<!-- \/ Yoast SEO Premium plugin. -->","yoast_head_json":{"title":"Pressebereich \u2013 Cortado Mobile Solutions","description":"Hier finden Sie aktuelle Pressemitteilungen sowie Ressourcen f\u00fcr Journalisten und Blog-Autoren, die \u00fcber Cortado Mobile Solutions schreiben m\u00f6chten.","robots":{"index":"index","follow":"follow","max-snippet":"max-snippet:-1","max-image-preview":"max-image-preview:large","max-video-preview":"max-video-preview:-1"},"canonical":"https:\/\/www.cortado.com\/de\/pressebereich\/","og_locale":"de_DE","og_type":"article","og_title":"Pressebereich","og_description":"Hier finden Sie aktuelle Pressemitteilungen sowie Ressourcen f\u00fcr Journalisten und Blog-Autoren, die \u00fcber Cortado Mobile Solutions schreiben m\u00f6chten.","og_url":"https:\/\/www.cortado.com\/de\/pressebereich\/","og_site_name":"Cortado","article_publisher":"https:\/\/www.facebook.com\/CortadoMobileSolutions\/","article_modified_time":"2025-05-21T12:23:27+00:00","og_image":[{"width":800,"height":800,"url":"https:\/\/www.cortado.com\/wp-content\/uploads\/presse-fi.jpg","type":"image\/jpeg"}],"twitter_card":"summary_large_image","twitter_site":"@cortado_com","twitter_misc":{"Gesch\u00e4tzte Lesezeit":"2 Minuten"},"schema":{"@context":"https:\/\/schema.org","@graph":[{"@type":"WebPage","@id":"https:\/\/www.cortado.com\/de\/pressebereich\/","url":"https:\/\/www.cortado.com\/de\/pressebereich\/","name":"Pressebereich \u2013 Cortado Mobile Solutions","isPartOf":{"@id":"https:\/\/www.cortado.com\/de\/#website"},"primaryImageOfPage":{"@id":"https:\/\/www.cortado.com\/de\/pressebereich\/#primaryimage"},"image":{"@id":"https:\/\/www.cortado.com\/de\/pressebereich\/#primaryimage"},"thumbnailUrl":"https:\/\/www.cortado.com\/wp-content\/uploads\/presse-fi.jpg","datePublished":"2020-02-18T08:32:27+00:00","dateModified":"2025-05-21T12:23:27+00:00","description":"Hier finden Sie aktuelle Pressemitteilungen sowie Ressourcen f\u00fcr Journalisten und Blog-Autoren, die \u00fcber Cortado Mobile Solutions schreiben m\u00f6chten.","breadcrumb":{"@id":"https:\/\/www.cortado.com\/de\/pressebereich\/#breadcrumb"},"inLanguage":"de-DE","potentialAction":[{"@type":"ReadAction","target":["https:\/\/www.cortado.com\/de\/pressebereich\/"]}]},{"@type":"ImageObject","inLanguage":"de-DE","@id":"https:\/\/www.cortado.com\/de\/pressebereich\/#primaryimage","url":"https:\/\/www.cortado.com\/wp-content\/uploads\/presse-fi.jpg","contentUrl":"https:\/\/www.cortado.com\/wp-content\/uploads\/presse-fi.jpg","width":800,"height":800,"caption":"Pressebereich Cortado"},{"@type":"BreadcrumbList","@id":"https:\/\/www.cortado.com\/de\/pressebereich\/#breadcrumb","itemListElement":[{"@type":"ListItem","position":1,"name":"Home","item":"https:\/\/www.cortado.com\/de\/"},{"@type":"ListItem","position":2,"name":"Pressebereich"}]},{"@type":"WebSite","@id":"https:\/\/www.cortado.com\/de\/#website","url":"https:\/\/www.cortado.com\/de\/","name":"Cortado","description":"","potentialAction":[{"@type":"SearchAction","target":{"@type":"EntryPoint","urlTemplate":"https:\/\/www.cortado.com\/de\/?s={search_term_string}"},"query-input":{"@type":"PropertyValueSpecification","valueRequired":true,"valueName":"search_term_string"}}],"inLanguage":"de-DE"}]}},"coauthors":[],"author_meta":{"author_link":"https:\/\/www.cortado.com\/de\/author\/dani\/","display_name":"Linda Martin"},"relative_dates":{"created":"Ver\u00f6ffentlicht 6 Jahren vor","modified":"Aktualisiert 12 Monaten vor"},"absolute_dates":{"created":"Ver\u00f6ffentlicht am Februar 18, 2020","modified":"Aktualisiert am Mai 21, 2025"},"absolute_dates_time":{"created":"Ver\u00f6ffentlicht am Februar 18, 2020 8:32 am","modified":"Aktualisiert am Mai 21, 2025 12:23 pm"},"featured_img_caption":"","featured_img":"https:\/\/www.cortado.com\/wp-content\/uploads\/presse-fi.jpg","series_order":"","_links":{"self":[{"href":"https:\/\/www.cortado.com\/de\/wp-json\/wp\/v2\/pages\/5766","targetHints":{"allow":["GET"]}}],"collection":[{"href":"https:\/\/www.cortado.com\/de\/wp-json\/wp\/v2\/pages"}],"about":[{"href":"https:\/\/www.cortado.com\/de\/wp-json\/wp\/v2\/types\/page"}],"author":[{"embeddable":true,"href":"https:\/\/www.cortado.com\/de\/wp-json\/wp\/v2\/users\/9"}],"replies":[{"embeddable":true,"href":"https:\/\/www.cortado.com\/de\/wp-json\/wp\/v2\/comments?post=5766"}],"version-history":[{"count":0,"href":"https:\/\/www.cortado.com\/de\/wp-json\/wp\/v2\/pages\/5766\/revisions"}],"wp:featuredmedia":[{"embeddable":true,"href":"https:\/\/www.cortado.com\/de\/wp-json\/wp\/v2\/media\/8448"}],"wp:attachment":[{"href":"https:\/\/www.cortado.com\/de\/wp-json\/wp\/v2\/media?parent=5766"}],"curies":[{"name":"wp","href":"https:\/\/api.w.org\/{rel}","templated":true}]}}