{"id":6031,"date":"2020-10-16T15:33:44","date_gmt":"2020-10-16T15:33:44","guid":{"rendered":"http:\/\/cortado-website.local\/?page_id=6031"},"modified":"2024-09-16T09:40:10","modified_gmt":"2024-09-16T09:40:10","slug":"krankenhauszukunftsgesetz-mobiles-arbeiten-finanzieren","status":"publish","type":"page","link":"https:\/\/www.cortado.com\/de\/lp\/krankenhauszukunftsgesetz-mobiles-arbeiten-finanzieren\/","title":{"rendered":"Krankenhauszukunftsgesetz: Starten und finanzieren Sie mobiles Arbeiten in Ihrer Klinik"},"content":{"rendered":"\n<p class=\"has-text-align-center emphasized\">Mit dem <a rel=\"noreferrer noopener\" href=\"https:\/\/www.bundesgesundheitsministerium.de\/krankenhauszukunftsgesetz.html\" target=\"_blank\">Krankenhauszukunftsgesetz (KHZG) <\/a>stellen Bund und L\u00e4nder gemeinsam \u00fcber 4 Milliarden Euro f\u00fcr die Modernisierung und Digitalisierung von Krankenh\u00e4usern bereit. Nutzen Sie die Gelegenheit! Mit Cortado MDM bieten wir Ihnen die ideale L\u00f6sung, um Arbeitsabl\u00e4ufe mit Smartphones und Tablets umzusetzen \u2013 einfach, sicher und DSGVO-konform. <\/p>\n\n\n\n<div class=\"wp-block-group\"><div class=\"wp-block-group__inner-container is-layout-constrained wp-block-group-is-layout-constrained\">\n<div style=\"height:24px\" aria-hidden=\"true\" class=\"wp-block-spacer\"><\/div>\n<\/div><\/div>\n\n\n\n<div style=\"height:50px\" aria-hidden=\"true\" class=\"wp-block-spacer\"><\/div>\n\n\n\n<div class=\"wp-block-media-text alignwide is-vertically-aligned-top is-stacked-on-mobile\"><figure class=\"wp-block-media-text__media\"><img loading=\"lazy\" decoding=\"async\" width=\"1024\" height=\"683\" src=\"https:\/\/www.cortado.com\/wp-content\/uploads\/arzt-smartphone-1024x683.jpg\" alt=\"Arzt mit Smartphone\" class=\"wp-image-6033 size-full\" srcset=\"https:\/\/www.cortado.com\/wp-content\/uploads\/arzt-smartphone-1024x683.jpg 1024w, https:\/\/www.cortado.com\/wp-content\/uploads\/arzt-smartphone-300x200.jpg 300w, https:\/\/www.cortado.com\/wp-content\/uploads\/arzt-smartphone-768x512.jpg 768w, https:\/\/www.cortado.com\/wp-content\/uploads\/arzt-smartphone.jpg 1050w\" sizes=\"auto, (max-width: 1024px) 100vw, 1024px\" \/><\/figure><div class=\"wp-block-media-text__content\">\n<h2 class=\"wp-block-heading\" id=\"h-integrieren-sie-smartphones-und-tablets-in-den-klinik-alltag\">Integrieren Sie Smartphones und Tablets in den Klinik-Alltag<\/h2>\n\n\n\n<p class=\"has-normal-font-size\">In vielen Arbeitsbereichen in der Pflege, der Diagnostik, der Therapie und der Verwaltung k\u00f6nnen Smartphones und Tablets die Arbeit erleichtern und verbessern. <\/p>\n\n\n\n<p class=\"has-normal-font-size\">Mit unserem Mobile-Device-Management-System Cortado MDM sorgen Sie f\u00fcr die sichere Verwaltung der Ger\u00e4te und verteilen die ben\u00f6tigten Apps an die Mitarbeiter. <\/p>\n\n\n\n<p class=\"has-normal-font-size\">Viele Kliniken verwenden bereits heute Cortado MDM und optimieren so ihre Arbeitsabl\u00e4ufe. <\/p>\n<\/div><\/div>\n\n\n\n<div style=\"height:75px\" aria-hidden=\"true\" class=\"wp-block-spacer\"><\/div>\n\n\n\n<h2 class=\"wp-block-heading has-text-align-left\" id=\"h-entdecken-sie-die-moglichkeiten-mobiler-arbeitsablaufe\">Entdecken Sie die M\u00f6glichkeiten mobiler Arbeitsabl\u00e4ufe<\/h2>\n\n\n\n<p class=\"has-text-align-left has-medium-font-size\">All das und viel mehr ist m\u00f6glich mit mobilen Ger\u00e4ten und Cortado MDM.<\/p>\n\n\n\n<div class=\"wp-block-columns is-layout-flex wp-container-core-columns-is-layout-ad2f72ca wp-block-columns-is-layout-flex\">\n<div class=\"wp-block-column is-layout-flow wp-block-column-is-layout-flow\">\n<ul class=\"wp-block-list\">\n<li>Anfrage und Bestellung von Patientenessen per Tablets <\/li>\n\n\n\n<li>Mobiler Zugriff auf die Patientenakte inklusive Arztbriefen, Befunden, R\u00f6ntgenaufnahmen und Laborbefunden <\/li>\n\n\n\n<li>Mit iPads auf dem Rettungswagen  unterwegs auf ben\u00f6tigte Daten zugreifen und damit schnell auf die medizinische Sachlage reagieren<\/li>\n\n\n\n<li>Therapiesitzungen und Diagnosegespr\u00e4che mit Tablets &#8211; auch coronabedingt aus der Ferne <\/li>\n\n\n\n<li>Bestehende Beschwerden bei Patienten abfragen und mobil erfassen  <\/li>\n\n\n\n<li>Patiententransportdienste informieren sich unterwegs, in welcher Abteilung sie Patienten abholen sollen.<\/li>\n<\/ul>\n<\/div>\n\n\n\n<div class=\"wp-block-column is-layout-flow wp-block-column-is-layout-flow\">\n<ul class=\"wp-block-list\">\n<li>Nutzen Sie die KIS-App auf dem Smartphone<\/li>\n\n\n\n<li>Dokumentieren Sie Behandlungsunterlagen auf mobilen Ger\u00e4ten<\/li>\n\n\n\n<li>Patientenaufkl\u00e4rung auf mobilen Devices<\/li>\n\n\n\n<li>Nutzen Sie Smartphones statt einer Telefonanlage <\/li>\n\n\n\n<li>Setzen Sie zus\u00e4tzlich Telemedizin ein<\/li>\n\n\n\n<li>Mobile Wunddokumentation einf\u00fchren<\/li>\n<\/ul>\n\n\n\n<p><\/p>\n<\/div>\n<\/div>\n\n\n\n<div style=\"height:75px\" aria-hidden=\"true\" class=\"wp-block-spacer\"><\/div>\n\n\n\n<div class=\"wp-block-group has-very-light-gray-background-color has-background\"><div class=\"wp-block-group__inner-container is-layout-flow wp-block-group-is-layout-flow\">\n<div style=\"height:50px\" aria-hidden=\"true\" class=\"wp-block-spacer\"><\/div>\n\n\n\n<h2 class=\"wp-block-heading has-text-align-center\" id=\"h-kundenstimmen\">Kundenstimmen<\/h2>\n\n\n\n<div class=\"wp-block-group\"><div class=\"wp-block-group__inner-container is-layout-constrained wp-block-group-is-layout-constrained\">\n<div style=\"height:24px\" aria-hidden=\"true\" class=\"wp-block-spacer\"><\/div>\n<\/div><\/div>\n\n\n\n<div class=\"wp-block-columns is-layout-flex wp-container-core-columns-is-layout-ad2f72ca wp-block-columns-is-layout-flex\">\n<div class=\"wp-block-column is-layout-flow wp-block-column-is-layout-flow\" style=\"flex-basis:5%\"><\/div>\n\n\n\n<div class=\"wp-block-column is-layout-flow wp-block-column-is-layout-flow\"><div class=\"wp-block-image is-resized\">\n<figure class=\"aligncenter size-large\"><img decoding=\"async\" src=\"https:\/\/www.cortado.com\/wp-content\/uploads\/oldenb.jpg\" alt=\"Klinikum Oldenburg\"\/><\/figure>\n<\/div>\n\n\n<p class=\"has-text-align-center has-normal-font-size\">&#8220;Ohne mobile Ger\u00e4te geht es nicht. Die Mobilit\u00e4t hat neue Arbeitsprozesse geschaffen, und wir als IT m\u00fcssen diese unterst\u00fctzen.&#8221;<\/p>\n\n\n\n<p class=\"has-text-align-center\">Ralf Boldt, Abteilungsleiter IT, Klinikum Oldenburg<br><a href=\"https:\/\/www.cortado.com\/de\/fallstudie\/mit-dem-ipad-auf-dem-rettungswagen-mit-dem-ipod-am-krankenbett\/\">Anwenderbericht \u2192<\/a><\/p>\n<\/div>\n\n\n\n<div class=\"wp-block-column is-layout-flow wp-block-column-is-layout-flow\"><div class=\"wp-block-image is-resized\">\n<figure class=\"aligncenter size-large\"><img decoding=\"async\" src=\"https:\/\/www.cortado.com\/wp-content\/uploads\/df45c94-gesundheit-nordhessen-holding-ag.jpg\" alt=\"Logo Gesundheit Nordhessen\"\/><\/figure>\n<\/div>\n\n\n<p class=\"has-text-align-center has-normal-font-size\">&#8220;Angesichts des IT-technischen Fortschritts kommt ein Krankenhaus heute um ein Mobile Device Management nicht mehr herum.&#8221;<\/p>\n\n\n\n<p class=\"has-text-align-center\">Dr. Henning Jan\u00dfen, Zentralbereichsleiter IT, Gesundheit Nordhessen<br><a href=\"https:\/\/www.cortado.com\/de\/fallstudie\/gesundheit-nordhessen\/\">Anwenderbericht \u2192<\/a><\/p>\n<\/div>\n\n\n\n<div class=\"wp-block-column is-layout-flow wp-block-column-is-layout-flow\"><div class=\"wp-block-image is-resized\">\n<figure class=\"aligncenter size-large\"><img decoding=\"async\" src=\"https:\/\/www.cortado.com\/wp-content\/uploads\/landshut.png\" alt=\"Logo Landshut\"\/><\/figure>\n<\/div>\n\n\n<p class=\"has-text-align-center\">\u201eIch war positiv \u00fcberrascht, weil alles sehr gut funktioniert. Die Dokumentation war sehr gut, der Support half mir bei meinen Fragen schnell weiter. Die Einrichtung mit Cortado war kein gro\u00dfer Act.\u201c<\/p>\n\n\n\n<p class=\"has-text-align-center\">Manfred Lang, EDV-Leiter des Bezirkskrankenhauses Landshut<br><a rel=\"noreferrer noopener\" href=\"https:\/\/www.cortado.com\/de\/fallstudie\/patientensprechstunden-per-video\/\" target=\"_blank\">Anwenderbericht \u2192<\/a><\/p>\n<\/div>\n\n\n\n<div class=\"wp-block-column is-layout-flow wp-block-column-is-layout-flow\" style=\"flex-basis:5%\"><\/div>\n<\/div>\n\n\n\n<div style=\"height:50px\" aria-hidden=\"true\" class=\"wp-block-spacer\"><\/div>\n<\/div><\/div>\n\n\n\n<div style=\"height:75px\" aria-hidden=\"true\" class=\"wp-block-spacer\"><\/div>\n\n\n\n<div class=\"wp-block-media-text alignwide has-media-on-the-right is-vertically-aligned-top is-stacked-on-mobile\"><div class=\"wp-block-media-text__content\">\n<h2 class=\"wp-block-heading\" id=\"h-starten-sie-jetzt-mit-mobilem-arbeiten-in-allen-fachdisziplinen-und-abteilungen\">Starten Sie jetzt mit mobilem Arbeiten in allen Fachdisziplinen und Abteilungen<\/h2>\n\n\n\n<p>Die Gelegenheit, Arbeitsprozesse zu mobilisieren, war noch nie so g\u00fcnstig. Profitieren auch Sie vom Krankenhauszukunftsgesetz und bringen Sie die Digitalisierung und das mobile Arbeiten in Ihrer Einrichtung voran. Sogar bereits laufende Projekte werden gef\u00f6rdert. <\/p>\n\n\n\n<ul class=\"wp-block-list\">\n<li><strong>Mit unserer L\u00f6sung Cortado MDM<\/strong> k\u00f6nnen Sie sehr einfach und zugleich sicher Smartphones und Tablets f\u00fcr Ihre t\u00e4gliche Arbeit einsetzen. <a href=\"\/de\/produkte\/mdm\/\">Kostenlos testen \u2192<\/a><\/li>\n\n\n\n<li><strong>Wie kommen Sie an die Mittel?<\/strong> Lassen Sie sich von kompetenten Institutionen, wie der <a rel=\"noreferrer noopener\" href=\"https:\/\/entscheiderfabrik.com\/\" target=\"_blank\">Entscheiderfabrik<\/a> bei der Antragstellung beraten. <\/li>\n\n\n\n<li><strong>Entdecken Sie M\u00f6glichkeiten und Referenzprojekte<\/strong> in unsere <a href=\"https:\/\/www.cortado.com\/de\/form\/webinar-zugang\/?ID=MqNNE9iNtWw&amp;webinar=Smarte%20Geraete%20f%C3%BCr%20smarte%20Krankenhaeuser\">Webinar-Aufzeichnung<\/a> &#8220;Smarte Ger\u00e4te f\u00fcr smarte Krankenh\u00e4user&#8221;.<\/li>\n<\/ul>\n<\/div><figure class=\"wp-block-media-text__media\"><img loading=\"lazy\" decoding=\"async\" width=\"1024\" height=\"683\" src=\"https:\/\/www.cortado.com\/wp-content\/uploads\/gesundheit-digital-1024x683.jpg\" alt=\"\u00c4rztin am Laptop\" class=\"wp-image-6032 size-full\" srcset=\"https:\/\/www.cortado.com\/wp-content\/uploads\/gesundheit-digital-1024x683.jpg 1024w, https:\/\/www.cortado.com\/wp-content\/uploads\/gesundheit-digital-300x200.jpg 300w, https:\/\/www.cortado.com\/wp-content\/uploads\/gesundheit-digital-768x512.jpg 768w, https:\/\/www.cortado.com\/wp-content\/uploads\/gesundheit-digital.jpg 1050w\" sizes=\"auto, (max-width: 1024px) 100vw, 1024px\" \/><\/figure><\/div>\n\n\n\n<div style=\"height:50px\" aria-hidden=\"true\" class=\"wp-block-spacer\"><\/div>\n\n\n\n<p><\/p>\n\n\n\n<div class=\"wp-block-group has-text-color has-background\" style=\"color:#ffffff;background-color:#5D9200\"><div class=\"wp-block-group__inner-container is-layout-flow wp-block-group-is-layout-flow\">\n<div class=\"wp-block-columns is-layout-flex wp-container-core-columns-is-layout-ad2f72ca wp-block-columns-is-layout-flex\">\n<div class=\"wp-block-column is-layout-flow wp-block-column-is-layout-flow\"><\/div>\n\n\n\n<div class=\"wp-block-column is-layout-flow wp-block-column-is-layout-flow\" style=\"flex-basis:75%\">\n<div style=\"height:50px\" aria-hidden=\"true\" class=\"wp-block-spacer\"><\/div>\n\n\n\n<h2 class=\"wp-block-heading has-text-align-center\" id=\"h-warten-sie-nicht-langer-mit-der-digitalisierung\">Warten Sie nicht l\u00e4nger mit der Digitalisierung!<\/h2>\n\n\n\n<p class=\"has-text-align-center has-medium-font-size\">Wie Sie das mobile Arbeiten in Ihrer Klinik einfach initiieren und solide finanzieren, anschaulich erkl\u00e4rt anhand erfolgreicher Referenzprojekte, erfahren Sie von unserem CEO Sven Huschke in seinem Vortrag &#8220;Smarte Ger\u00e4te f\u00fcr smarte Krankenh\u00e4user&#8221;.<\/p>\n\n\n\n<div class=\"wp-block-buttons is-content-justification-center is-layout-flex wp-container-core-buttons-is-layout-16018d1d wp-block-buttons-is-layout-flex\">\n<div class=\"wp-block-button is-style-outline is-style-outline--1\"><a class=\"wp-block-button__link has-text-color wp-element-button\" href=\"\/de\/form\/webinar-zugang\/?ID=MqNNE9iNtWw&amp;webinar=Smarte+Geraete+f\u00fcr+smarte+Krankenhaeuser\" style=\"border-radius:5px;color:#ffffff\" target=\"_blank\" rel=\"noreferrer noopener\">Webinar-Aufzeichnung ansehen<\/a><\/div>\n<\/div>\n\n\n\n<div style=\"height:20px\" aria-hidden=\"true\" class=\"wp-block-spacer\"><\/div>\n\n\n\n<p class=\"has-text-align-center\">Sie haben Fragen? <a href=\"\/de\/kontakt\/\">Wir beraten Sie gerne \u2192<\/a><\/p>\n\n\n\n<p><\/p>\n<\/div>\n\n\n\n<div class=\"wp-block-column is-layout-flow wp-block-column-is-layout-flow\"><\/div>\n<\/div>\n<\/div><\/div>\n\n\n\n<div style=\"height:50px\" aria-hidden=\"true\" class=\"wp-block-spacer\"><\/div>\n\n\n\n<div class=\"wp-block-columns is-layout-flex wp-container-core-columns-is-layout-ad2f72ca wp-block-columns-is-layout-flex\">\n<div class=\"wp-block-column is-vertically-aligned-center is-layout-flow wp-block-column-is-layout-flow\" style=\"flex-basis:33%\">\n<p>Cortado Mobile Solutions ist Mitglied in der Entscheiderfabrik und im Verband der Krankenhaus IT-Leiter.<\/p>\n<\/div>\n\n\n\n<div class=\"wp-block-column is-layout-flow wp-block-column-is-layout-flow\" style=\"flex-basis:50%\">\n<div class=\"wp-block-image\"><figure class=\"aligncenter size-large is-resized\"><img loading=\"lazy\" decoding=\"async\" src=\"https:\/\/www.cortado.com\/wp-content\/uploads\/Logo-KHIT_new.png\" alt=\"\" class=\"wp-image-6060\" width=\"167\" height=\"96\" \/><\/figure><\/div>\n<\/div>\n\n\n\n<div class=\"wp-block-column is-layout-flow wp-block-column-is-layout-flow\" style=\"flex-basis:33.33%\">\n<div class=\"wp-block-image\"><figure class=\"aligncenter size-large\"><img loading=\"lazy\" decoding=\"async\" width=\"167\" height=\"82\" src=\"https:\/\/www.cortado.com\/wp-content\/uploads\/entscheider.png\" alt=\"\" class=\"wp-image-6059\" \/><\/figure><\/div>\n<\/div>\n<\/div>\n\n\n\n<p><\/p>\n","protected":false},"excerpt":{"rendered":"<p>Mit dem Krankenhauszukunftsgesetz (KHZG) stellen Bund und L\u00e4nder gemeinsam \u00fcber 4 Milliarden Euro f\u00fcr die Modernisierung und Digitalisierung von Krankenh\u00e4usern bereit. Nutzen Sie die Gelegenheit! Mit Cortado MDM bieten wir Ihnen die ideale L\u00f6sung, um Arbeitsabl\u00e4ufe mit Smartphones und Tablets umzusetzen \u2013 einfach, sicher und DSGVO-konform. Integrieren Sie Smartphones und Tablets in den Klinik-Alltag In [&hellip;]<\/p>\n","protected":false},"author":17,"featured_media":6033,"parent":6022,"menu_order":0,"comment_status":"closed","ping_status":"closed","template":"","meta":{"_acf_changed":false,"inline_featured_image":false,"advgb_blocks_editor_width":"","advgb_blocks_columns_visual_guide":"","footnotes":""},"class_list":["post-6031","page","type-page","status-publish","has-post-thumbnail","hentry"],"acf":[],"yoast_head":"<!-- This site is optimized with the Yoast SEO Premium plugin v21.9 (Yoast SEO v27.3) - https:\/\/yoast.com\/product\/yoast-seo-premium-wordpress\/ -->\n<title>Krankenhauszukunftsgesetz: Mobiles Arbeiten jetzt finanzieren und starten<\/title>\n<meta name=\"description\" content=\"Das Krankenhauszukunftsgesetz f\u00f6rdert die Digitalisierung von Krankenh\u00e4usern mit mehreren Mrd. Euro. Nutzen Sie die Chance, Arbeitsprozesse zu mobilisieren!\" \/>\n<meta name=\"robots\" content=\"index, follow, max-snippet:-1, max-image-preview:large, max-video-preview:-1\" \/>\n<link rel=\"canonical\" href=\"https:\/\/www.cortado.com\/de\/lp\/krankenhauszukunftsgesetz-mobiles-arbeiten-finanzieren\/\" \/>\n<meta property=\"og:locale\" content=\"de_DE\" \/>\n<meta property=\"og:type\" content=\"article\" \/>\n<meta property=\"og:title\" content=\"Krankenhauszukunftsgesetz: Starten und finanzieren Sie mobiles Arbeiten in Ihrer Klinik\" \/>\n<meta property=\"og:description\" content=\"Das Krankenhauszukunftsgesetz f\u00f6rdert die Digitalisierung von Krankenh\u00e4usern mit mehreren Mrd. Euro. Nutzen Sie die Chance, Arbeitsprozesse zu mobilisieren!\" \/>\n<meta property=\"og:url\" content=\"https:\/\/www.cortado.com\/de\/lp\/krankenhauszukunftsgesetz-mobiles-arbeiten-finanzieren\/\" \/>\n<meta property=\"og:site_name\" content=\"Cortado\" \/>\n<meta property=\"article:publisher\" content=\"https:\/\/www.facebook.com\/CortadoMobileSolutions\/\" \/>\n<meta property=\"article:modified_time\" content=\"2024-09-16T09:40:10+00:00\" \/>\n<meta property=\"og:image\" content=\"https:\/\/www.cortado.com\/wp-content\/uploads\/arzt-smartphone.jpg\" \/>\n\t<meta property=\"og:image:width\" content=\"1050\" \/>\n\t<meta property=\"og:image:height\" content=\"700\" \/>\n\t<meta property=\"og:image:type\" content=\"image\/jpeg\" \/>\n<meta name=\"twitter:card\" content=\"summary_large_image\" \/>\n<meta name=\"twitter:site\" content=\"@cortado_com\" \/>\n<meta name=\"twitter:label1\" content=\"Gesch\u00e4tzte Lesezeit\" \/>\n\t<meta name=\"twitter:data1\" content=\"4 Minuten\" \/>\n<script type=\"application\/ld+json\" class=\"yoast-schema-graph\">{\"@context\":\"https:\\\/\\\/schema.org\",\"@graph\":[{\"@type\":\"WebPage\",\"@id\":\"https:\\\/\\\/www.cortado.com\\\/de\\\/lp\\\/krankenhauszukunftsgesetz-mobiles-arbeiten-finanzieren\\\/\",\"url\":\"https:\\\/\\\/www.cortado.com\\\/de\\\/lp\\\/krankenhauszukunftsgesetz-mobiles-arbeiten-finanzieren\\\/\",\"name\":\"Krankenhauszukunftsgesetz: Mobiles Arbeiten jetzt finanzieren und starten\",\"isPartOf\":{\"@id\":\"https:\\\/\\\/www.cortado.com\\\/de\\\/#website\"},\"primaryImageOfPage\":{\"@id\":\"https:\\\/\\\/www.cortado.com\\\/de\\\/lp\\\/krankenhauszukunftsgesetz-mobiles-arbeiten-finanzieren\\\/#primaryimage\"},\"image\":{\"@id\":\"https:\\\/\\\/www.cortado.com\\\/de\\\/lp\\\/krankenhauszukunftsgesetz-mobiles-arbeiten-finanzieren\\\/#primaryimage\"},\"thumbnailUrl\":\"https:\\\/\\\/www.cortado.com\\\/wp-content\\\/uploads\\\/arzt-smartphone.jpg\",\"datePublished\":\"2020-10-16T15:33:44+00:00\",\"dateModified\":\"2024-09-16T09:40:10+00:00\",\"description\":\"Das Krankenhauszukunftsgesetz f\u00f6rdert die Digitalisierung von Krankenh\u00e4usern mit mehreren Mrd. Euro. Nutzen Sie die Chance, Arbeitsprozesse zu mobilisieren!\",\"breadcrumb\":{\"@id\":\"https:\\\/\\\/www.cortado.com\\\/de\\\/lp\\\/krankenhauszukunftsgesetz-mobiles-arbeiten-finanzieren\\\/#breadcrumb\"},\"inLanguage\":\"de-DE\",\"potentialAction\":[{\"@type\":\"ReadAction\",\"target\":[\"https:\\\/\\\/www.cortado.com\\\/de\\\/lp\\\/krankenhauszukunftsgesetz-mobiles-arbeiten-finanzieren\\\/\"]}]},{\"@type\":\"ImageObject\",\"inLanguage\":\"de-DE\",\"@id\":\"https:\\\/\\\/www.cortado.com\\\/de\\\/lp\\\/krankenhauszukunftsgesetz-mobiles-arbeiten-finanzieren\\\/#primaryimage\",\"url\":\"https:\\\/\\\/www.cortado.com\\\/wp-content\\\/uploads\\\/arzt-smartphone.jpg\",\"contentUrl\":\"https:\\\/\\\/www.cortado.com\\\/wp-content\\\/uploads\\\/arzt-smartphone.jpg\",\"width\":1050,\"height\":700,\"caption\":\"Arzt mit Smartphone\"},{\"@type\":\"BreadcrumbList\",\"@id\":\"https:\\\/\\\/www.cortado.com\\\/de\\\/lp\\\/krankenhauszukunftsgesetz-mobiles-arbeiten-finanzieren\\\/#breadcrumb\",\"itemListElement\":[{\"@type\":\"ListItem\",\"position\":1,\"name\":\"Home\",\"item\":\"https:\\\/\\\/www.cortado.com\\\/de\\\/\"},{\"@type\":\"ListItem\",\"position\":2,\"name\":\"Landing Pages\",\"item\":\"https:\\\/\\\/www.cortado.com\\\/de\\\/lp\\\/\"},{\"@type\":\"ListItem\",\"position\":3,\"name\":\"Krankenhauszukunftsgesetz: Starten und finanzieren Sie mobiles Arbeiten in Ihrer Klinik\"}]},{\"@type\":\"WebSite\",\"@id\":\"https:\\\/\\\/www.cortado.com\\\/de\\\/#website\",\"url\":\"https:\\\/\\\/www.cortado.com\\\/de\\\/\",\"name\":\"Cortado\",\"description\":\"\",\"potentialAction\":[{\"@type\":\"SearchAction\",\"target\":{\"@type\":\"EntryPoint\",\"urlTemplate\":\"https:\\\/\\\/www.cortado.com\\\/de\\\/?s={search_term_string}\"},\"query-input\":{\"@type\":\"PropertyValueSpecification\",\"valueRequired\":true,\"valueName\":\"search_term_string\"}}],\"inLanguage\":\"de-DE\"}]}<\/script>\n<!-- \/ Yoast SEO Premium plugin. -->","yoast_head_json":{"title":"Krankenhauszukunftsgesetz: Mobiles Arbeiten jetzt finanzieren und starten","description":"Das Krankenhauszukunftsgesetz f\u00f6rdert die Digitalisierung von Krankenh\u00e4usern mit mehreren Mrd. Euro. Nutzen Sie die Chance, Arbeitsprozesse zu mobilisieren!","robots":{"index":"index","follow":"follow","max-snippet":"max-snippet:-1","max-image-preview":"max-image-preview:large","max-video-preview":"max-video-preview:-1"},"canonical":"https:\/\/www.cortado.com\/de\/lp\/krankenhauszukunftsgesetz-mobiles-arbeiten-finanzieren\/","og_locale":"de_DE","og_type":"article","og_title":"Krankenhauszukunftsgesetz: Starten und finanzieren Sie mobiles Arbeiten in Ihrer Klinik","og_description":"Das Krankenhauszukunftsgesetz f\u00f6rdert die Digitalisierung von Krankenh\u00e4usern mit mehreren Mrd. Euro. Nutzen Sie die Chance, Arbeitsprozesse zu mobilisieren!","og_url":"https:\/\/www.cortado.com\/de\/lp\/krankenhauszukunftsgesetz-mobiles-arbeiten-finanzieren\/","og_site_name":"Cortado","article_publisher":"https:\/\/www.facebook.com\/CortadoMobileSolutions\/","article_modified_time":"2024-09-16T09:40:10+00:00","og_image":[{"width":1050,"height":700,"url":"https:\/\/www.cortado.com\/wp-content\/uploads\/arzt-smartphone.jpg","type":"image\/jpeg"}],"twitter_card":"summary_large_image","twitter_site":"@cortado_com","twitter_misc":{"Gesch\u00e4tzte Lesezeit":"4 Minuten"},"schema":{"@context":"https:\/\/schema.org","@graph":[{"@type":"WebPage","@id":"https:\/\/www.cortado.com\/de\/lp\/krankenhauszukunftsgesetz-mobiles-arbeiten-finanzieren\/","url":"https:\/\/www.cortado.com\/de\/lp\/krankenhauszukunftsgesetz-mobiles-arbeiten-finanzieren\/","name":"Krankenhauszukunftsgesetz: Mobiles Arbeiten jetzt finanzieren und starten","isPartOf":{"@id":"https:\/\/www.cortado.com\/de\/#website"},"primaryImageOfPage":{"@id":"https:\/\/www.cortado.com\/de\/lp\/krankenhauszukunftsgesetz-mobiles-arbeiten-finanzieren\/#primaryimage"},"image":{"@id":"https:\/\/www.cortado.com\/de\/lp\/krankenhauszukunftsgesetz-mobiles-arbeiten-finanzieren\/#primaryimage"},"thumbnailUrl":"https:\/\/www.cortado.com\/wp-content\/uploads\/arzt-smartphone.jpg","datePublished":"2020-10-16T15:33:44+00:00","dateModified":"2024-09-16T09:40:10+00:00","description":"Das Krankenhauszukunftsgesetz f\u00f6rdert die Digitalisierung von Krankenh\u00e4usern mit mehreren Mrd. Euro. Nutzen Sie die Chance, Arbeitsprozesse zu mobilisieren!","breadcrumb":{"@id":"https:\/\/www.cortado.com\/de\/lp\/krankenhauszukunftsgesetz-mobiles-arbeiten-finanzieren\/#breadcrumb"},"inLanguage":"de-DE","potentialAction":[{"@type":"ReadAction","target":["https:\/\/www.cortado.com\/de\/lp\/krankenhauszukunftsgesetz-mobiles-arbeiten-finanzieren\/"]}]},{"@type":"ImageObject","inLanguage":"de-DE","@id":"https:\/\/www.cortado.com\/de\/lp\/krankenhauszukunftsgesetz-mobiles-arbeiten-finanzieren\/#primaryimage","url":"https:\/\/www.cortado.com\/wp-content\/uploads\/arzt-smartphone.jpg","contentUrl":"https:\/\/www.cortado.com\/wp-content\/uploads\/arzt-smartphone.jpg","width":1050,"height":700,"caption":"Arzt mit Smartphone"},{"@type":"BreadcrumbList","@id":"https:\/\/www.cortado.com\/de\/lp\/krankenhauszukunftsgesetz-mobiles-arbeiten-finanzieren\/#breadcrumb","itemListElement":[{"@type":"ListItem","position":1,"name":"Home","item":"https:\/\/www.cortado.com\/de\/"},{"@type":"ListItem","position":2,"name":"Landing Pages","item":"https:\/\/www.cortado.com\/de\/lp\/"},{"@type":"ListItem","position":3,"name":"Krankenhauszukunftsgesetz: Starten und finanzieren Sie mobiles Arbeiten in Ihrer Klinik"}]},{"@type":"WebSite","@id":"https:\/\/www.cortado.com\/de\/#website","url":"https:\/\/www.cortado.com\/de\/","name":"Cortado","description":"","potentialAction":[{"@type":"SearchAction","target":{"@type":"EntryPoint","urlTemplate":"https:\/\/www.cortado.com\/de\/?s={search_term_string}"},"query-input":{"@type":"PropertyValueSpecification","valueRequired":true,"valueName":"search_term_string"}}],"inLanguage":"de-DE"}]}},"coauthors":[],"author_meta":{"author_link":"https:\/\/www.cortado.com\/de\/author\/damei\/","display_name":"Dana Meier"},"relative_dates":{"created":"Ver\u00f6ffentlicht 6 Jahren vor","modified":"Aktualisiert 2 Jahren vor"},"absolute_dates":{"created":"Ver\u00f6ffentlicht am Oktober 16, 2020","modified":"Aktualisiert am September 16, 2024"},"absolute_dates_time":{"created":"Ver\u00f6ffentlicht am Oktober 16, 2020 3:33 pm","modified":"Aktualisiert am September 16, 2024 9:40 am"},"featured_img_caption":"","featured_img":"https:\/\/www.cortado.com\/wp-content\/uploads\/arzt-smartphone.jpg","series_order":"","_links":{"self":[{"href":"https:\/\/www.cortado.com\/de\/wp-json\/wp\/v2\/pages\/6031","targetHints":{"allow":["GET"]}}],"collection":[{"href":"https:\/\/www.cortado.com\/de\/wp-json\/wp\/v2\/pages"}],"about":[{"href":"https:\/\/www.cortado.com\/de\/wp-json\/wp\/v2\/types\/page"}],"author":[{"embeddable":true,"href":"https:\/\/www.cortado.com\/de\/wp-json\/wp\/v2\/users\/17"}],"replies":[{"embeddable":true,"href":"https:\/\/www.cortado.com\/de\/wp-json\/wp\/v2\/comments?post=6031"}],"version-history":[{"count":0,"href":"https:\/\/www.cortado.com\/de\/wp-json\/wp\/v2\/pages\/6031\/revisions"}],"up":[{"embeddable":true,"href":"https:\/\/www.cortado.com\/de\/wp-json\/wp\/v2\/pages\/6022"}],"wp:featuredmedia":[{"embeddable":true,"href":"https:\/\/www.cortado.com\/de\/wp-json\/wp\/v2\/media\/6033"}],"wp:attachment":[{"href":"https:\/\/www.cortado.com\/de\/wp-json\/wp\/v2\/media?parent=6031"}],"curies":[{"name":"wp","href":"https:\/\/api.w.org\/{rel}","templated":true}]}}