{"id":6118,"date":"2020-11-03T15:28:29","date_gmt":"2020-11-03T15:28:29","guid":{"rendered":"http:\/\/cortado-website.local\/?page_id=6118"},"modified":"2021-12-13T14:18:03","modified_gmt":"2021-12-13T14:18:03","slug":"danke","status":"publish","type":"page","link":"https:\/\/www.cortado.com\/de\/danke\/","title":{"rendered":"Danke"},"content":{"rendered":"\n<div class=\"wp-block-columns is-layout-flex wp-container-core-columns-is-layout-ad2f72ca wp-block-columns-is-layout-flex\">\n<div class=\"wp-block-column is-layout-flow wp-block-column-is-layout-flow\">\n<h1 class=\"has-text-align-left wp-block-heading\">Oops!<\/h1>\n\n\n\n<h3 class=\"wp-block-heading\">Du bist hier leider auf einer verlorenen Seite gestrandet. Aber keine Sorge, vielseitiger Content ist nur einen Klick entfernt.<\/h3>\n\n\n\n<ul class=\"wp-block-list\"><li>St\u00f6bere in unserem <a rel=\"noreferrer noopener\" href=\"https:\/\/blog.cortado.com\/de\/\" target=\"_blank\">Blog<\/a> und finde heraus, was bei Cortado passiert.<\/li><li>Lese mehr \u00fcber unsere Mobile-Device-Management-L\u00f6sung auf der <a href=\"\/de\/produkte\/mdm\/\">Produktseite<\/a>.<\/li><li>Lade unser <a href=\"\/de\/ressource\/mobile-device-management-mdm-fuer-einsteiger\/\">White Paper &#8220;Mobile Device Management f\u00fcr Einsteiger&#8221;<\/a> herunter, inkl. Checkliste, was es bei der Auswahl Ihrer MDM-L\u00f6sung zu beachten gibt.<\/li><\/ul>\n\n\n\n<div class=\"wp-block-buttons is-layout-flex wp-block-buttons-is-layout-flex\">\n<div class=\"wp-block-button\"><a class=\"wp-block-button__link has-background\" href=\"\/de\/\" style=\"background-color:#5D9200;border-radius:5px\">Zur Homepage \u2192<\/a><\/div>\n<\/div>\n<\/div>\n\n\n\n<div class=\"wp-block-column is-layout-flow wp-block-column-is-layout-flow\">\n<figure class=\"wp-block-image size-full\"><img loading=\"lazy\" decoding=\"async\" width=\"750\" height=\"750\" src=\"https:\/\/www.cortado.com\/wp-content\/uploads\/404-lost-page.png\" alt=\"Lost Page\" class=\"wp-image-6120\" srcset=\"https:\/\/www.cortado.com\/wp-content\/uploads\/404-lost-page.png 750w, https:\/\/www.cortado.com\/wp-content\/uploads\/404-lost-page-300x300.png 300w, https:\/\/www.cortado.com\/wp-content\/uploads\/404-lost-page-150x150.png 150w\" sizes=\"auto, (max-width: 750px) 100vw, 750px\" \/><\/figure>\n<\/div>\n<\/div>\n","protected":false},"excerpt":{"rendered":"<p>Oops! Du bist hier leider auf einer verlorenen Seite gestrandet. Aber keine Sorge, vielseitiger Content ist nur einen Klick entfernt. St\u00f6bere in unserem Blog und finde heraus, was bei Cortado passiert. Lese mehr \u00fcber unsere Mobile-Device-Management-L\u00f6sung auf der Produktseite. Lade unser White Paper &#8220;Mobile Device Management f\u00fcr Einsteiger&#8221; herunter, inkl. Checkliste, was es bei der [&hellip;]<\/p>\n","protected":false},"author":9,"featured_media":0,"parent":0,"menu_order":0,"comment_status":"closed","ping_status":"closed","template":"","meta":{"_acf_changed":false,"inline_featured_image":false,"advgb_blocks_editor_width":"","advgb_blocks_columns_visual_guide":"","footnotes":""},"class_list":["post-6118","page","type-page","status-publish","hentry"],"acf":[],"yoast_head":"<!-- This site is optimized with the Yoast SEO Premium plugin v21.9 (Yoast SEO v27.3) - https:\/\/yoast.com\/product\/yoast-seo-premium-wordpress\/ -->\n<title>404 - This Page is not available<\/title>\n<meta name=\"robots\" content=\"noindex, nofollow\" \/>\n<meta property=\"og:locale\" content=\"de_DE\" \/>\n<meta property=\"og:type\" content=\"article\" \/>\n<meta property=\"og:title\" content=\"Danke\" \/>\n<meta property=\"og:description\" content=\"Oops! Du bist hier leider auf einer verlorenen Seite gestrandet. Aber keine Sorge, vielseitiger Content ist nur einen Klick entfernt. St\u00f6bere in unserem Blog und finde heraus, was bei Cortado passiert. Lese mehr \u00fcber unsere Mobile-Device-Management-L\u00f6sung auf der Produktseite. Lade unser White Paper &#8220;Mobile Device Management f\u00fcr Einsteiger&#8221; herunter, inkl. Checkliste, was es bei der [&hellip;]\" \/>\n<meta property=\"og:url\" content=\"https:\/\/www.cortado.com\/de\/danke\/\" \/>\n<meta property=\"og:site_name\" content=\"Cortado\" \/>\n<meta property=\"article:publisher\" content=\"https:\/\/www.facebook.com\/CortadoMobileSolutions\/\" \/>\n<meta property=\"article:modified_time\" content=\"2021-12-13T14:18:03+00:00\" \/>\n<meta property=\"og:image\" content=\"https:\/\/www.cortado.com\/wp-content\/uploads\/404-lost-page.png\" \/>\n<meta name=\"twitter:card\" content=\"summary_large_image\" \/>\n<meta name=\"twitter:site\" content=\"@cortado_com\" \/>\n<script type=\"application\/ld+json\" class=\"yoast-schema-graph\">{\"@context\":\"https:\\\/\\\/schema.org\",\"@graph\":[{\"@type\":\"WebPage\",\"@id\":\"https:\\\/\\\/www.cortado.com\\\/de\\\/danke\\\/\",\"url\":\"https:\\\/\\\/www.cortado.com\\\/de\\\/danke\\\/\",\"name\":\"404 - This Page is not available\",\"isPartOf\":{\"@id\":\"https:\\\/\\\/www.cortado.com\\\/de\\\/#website\"},\"primaryImageOfPage\":{\"@id\":\"https:\\\/\\\/www.cortado.com\\\/de\\\/danke\\\/#primaryimage\"},\"image\":{\"@id\":\"https:\\\/\\\/www.cortado.com\\\/de\\\/danke\\\/#primaryimage\"},\"thumbnailUrl\":\"https:\\\/\\\/www.cortado.com\\\/wp-content\\\/uploads\\\/404-lost-page.png\",\"datePublished\":\"2020-11-03T15:28:29+00:00\",\"dateModified\":\"2021-12-13T14:18:03+00:00\",\"breadcrumb\":{\"@id\":\"https:\\\/\\\/www.cortado.com\\\/de\\\/danke\\\/#breadcrumb\"},\"inLanguage\":\"de-DE\",\"potentialAction\":[{\"@type\":\"ReadAction\",\"target\":[\"https:\\\/\\\/www.cortado.com\\\/de\\\/danke\\\/\"]}]},{\"@type\":\"ImageObject\",\"inLanguage\":\"de-DE\",\"@id\":\"https:\\\/\\\/www.cortado.com\\\/de\\\/danke\\\/#primaryimage\",\"url\":\"https:\\\/\\\/www.cortado.com\\\/wp-content\\\/uploads\\\/404-lost-page.png\",\"contentUrl\":\"https:\\\/\\\/www.cortado.com\\\/wp-content\\\/uploads\\\/404-lost-page.png\"},{\"@type\":\"BreadcrumbList\",\"@id\":\"https:\\\/\\\/www.cortado.com\\\/de\\\/danke\\\/#breadcrumb\",\"itemListElement\":[{\"@type\":\"ListItem\",\"position\":1,\"name\":\"Home\",\"item\":\"https:\\\/\\\/www.cortado.com\\\/de\\\/\"},{\"@type\":\"ListItem\",\"position\":2,\"name\":\"Danke\"}]},{\"@type\":\"WebSite\",\"@id\":\"https:\\\/\\\/www.cortado.com\\\/de\\\/#website\",\"url\":\"https:\\\/\\\/www.cortado.com\\\/de\\\/\",\"name\":\"Cortado\",\"description\":\"\",\"potentialAction\":[{\"@type\":\"SearchAction\",\"target\":{\"@type\":\"EntryPoint\",\"urlTemplate\":\"https:\\\/\\\/www.cortado.com\\\/de\\\/?s={search_term_string}\"},\"query-input\":{\"@type\":\"PropertyValueSpecification\",\"valueRequired\":true,\"valueName\":\"search_term_string\"}}],\"inLanguage\":\"de-DE\"}]}<\/script>\n<!-- \/ Yoast SEO Premium plugin. -->","yoast_head_json":{"title":"404 - This Page is not available","robots":{"index":"noindex","follow":"nofollow"},"og_locale":"de_DE","og_type":"article","og_title":"Danke","og_description":"Oops! Du bist hier leider auf einer verlorenen Seite gestrandet. Aber keine Sorge, vielseitiger Content ist nur einen Klick entfernt. St\u00f6bere in unserem Blog und finde heraus, was bei Cortado passiert. Lese mehr \u00fcber unsere Mobile-Device-Management-L\u00f6sung auf der Produktseite. Lade unser White Paper &#8220;Mobile Device Management f\u00fcr Einsteiger&#8221; herunter, inkl. Checkliste, was es bei der [&hellip;]","og_url":"https:\/\/www.cortado.com\/de\/danke\/","og_site_name":"Cortado","article_publisher":"https:\/\/www.facebook.com\/CortadoMobileSolutions\/","article_modified_time":"2021-12-13T14:18:03+00:00","og_image":[{"url":"https:\/\/www.cortado.com\/wp-content\/uploads\/404-lost-page.png","type":"","width":"","height":""}],"twitter_card":"summary_large_image","twitter_site":"@cortado_com","schema":{"@context":"https:\/\/schema.org","@graph":[{"@type":"WebPage","@id":"https:\/\/www.cortado.com\/de\/danke\/","url":"https:\/\/www.cortado.com\/de\/danke\/","name":"404 - This Page is not available","isPartOf":{"@id":"https:\/\/www.cortado.com\/de\/#website"},"primaryImageOfPage":{"@id":"https:\/\/www.cortado.com\/de\/danke\/#primaryimage"},"image":{"@id":"https:\/\/www.cortado.com\/de\/danke\/#primaryimage"},"thumbnailUrl":"https:\/\/www.cortado.com\/wp-content\/uploads\/404-lost-page.png","datePublished":"2020-11-03T15:28:29+00:00","dateModified":"2021-12-13T14:18:03+00:00","breadcrumb":{"@id":"https:\/\/www.cortado.com\/de\/danke\/#breadcrumb"},"inLanguage":"de-DE","potentialAction":[{"@type":"ReadAction","target":["https:\/\/www.cortado.com\/de\/danke\/"]}]},{"@type":"ImageObject","inLanguage":"de-DE","@id":"https:\/\/www.cortado.com\/de\/danke\/#primaryimage","url":"https:\/\/www.cortado.com\/wp-content\/uploads\/404-lost-page.png","contentUrl":"https:\/\/www.cortado.com\/wp-content\/uploads\/404-lost-page.png"},{"@type":"BreadcrumbList","@id":"https:\/\/www.cortado.com\/de\/danke\/#breadcrumb","itemListElement":[{"@type":"ListItem","position":1,"name":"Home","item":"https:\/\/www.cortado.com\/de\/"},{"@type":"ListItem","position":2,"name":"Danke"}]},{"@type":"WebSite","@id":"https:\/\/www.cortado.com\/de\/#website","url":"https:\/\/www.cortado.com\/de\/","name":"Cortado","description":"","potentialAction":[{"@type":"SearchAction","target":{"@type":"EntryPoint","urlTemplate":"https:\/\/www.cortado.com\/de\/?s={search_term_string}"},"query-input":{"@type":"PropertyValueSpecification","valueRequired":true,"valueName":"search_term_string"}}],"inLanguage":"de-DE"}]}},"coauthors":[],"author_meta":{"author_link":"https:\/\/www.cortado.com\/de\/author\/dani\/","display_name":"Linda Martin"},"relative_dates":{"created":"Ver\u00f6ffentlicht 5 Jahren vor","modified":"Aktualisiert 4 Jahren vor"},"absolute_dates":{"created":"Ver\u00f6ffentlicht am November 3, 2020","modified":"Aktualisiert am Dezember 13, 2021"},"absolute_dates_time":{"created":"Ver\u00f6ffentlicht am November 3, 2020 3:28 pm","modified":"Aktualisiert am Dezember 13, 2021 2:18 pm"},"featured_img_caption":"","featured_img":false,"series_order":"","_links":{"self":[{"href":"https:\/\/www.cortado.com\/de\/wp-json\/wp\/v2\/pages\/6118","targetHints":{"allow":["GET"]}}],"collection":[{"href":"https:\/\/www.cortado.com\/de\/wp-json\/wp\/v2\/pages"}],"about":[{"href":"https:\/\/www.cortado.com\/de\/wp-json\/wp\/v2\/types\/page"}],"author":[{"embeddable":true,"href":"https:\/\/www.cortado.com\/de\/wp-json\/wp\/v2\/users\/9"}],"replies":[{"embeddable":true,"href":"https:\/\/www.cortado.com\/de\/wp-json\/wp\/v2\/comments?post=6118"}],"version-history":[{"count":0,"href":"https:\/\/www.cortado.com\/de\/wp-json\/wp\/v2\/pages\/6118\/revisions"}],"wp:attachment":[{"href":"https:\/\/www.cortado.com\/de\/wp-json\/wp\/v2\/media?parent=6118"}],"curies":[{"name":"wp","href":"https:\/\/api.w.org\/{rel}","templated":true}]}}