{"id":6232,"date":"2020-12-17T12:17:55","date_gmt":"2020-12-17T12:17:55","guid":{"rendered":"http:\/\/cortadomobile.staging.wpengine.com\/?page_id=5391"},"modified":"2024-12-06T11:17:08","modified_gmt":"2024-12-06T11:17:08","slug":"testen","status":"publish","type":"page","link":"https:\/\/www.cortado.com\/de\/testen\/","title":{"rendered":"Kostenlos testen"},"content":{"rendered":"\n<div style=\"height:75px\" aria-hidden=\"true\" class=\"wp-block-spacer\"><\/div>\n\n\n\n<div class=\"wp-block-columns is-layout-flex wp-container-core-columns-is-layout-ad2f72ca wp-block-columns-is-layout-flex\">\n<div class=\"wp-block-column is-layout-flow wp-block-column-is-layout-flow\">\n<h1 class=\"wp-block-heading has-text-align-left\" id=\"h-kostenlos-testen\">Kostenlos testen!<\/h1>\n\n\n\n<p class=\"emphasized\">Starten Sie jetzt! Unsere Mobile-Device-Management-L\u00f6sung ist nach Ihrer Anmeldung sofort f\u00fcr Sie startbereit.<\/p>\n\n\n\n<ul class=\"wp-block-list\">\n<li><strong>Einfach anmelden und 14 Tage testen \u2013 kostenlos und unverbindlich<\/strong><\/li>\n\n\n\n<li><strong>Keine Kreditkarte oder andere Zahlungsdaten erforderlich<\/strong><\/li>\n\n\n\n<li><strong>Ihr Probeabo endet automatisch mit Ablauf der Testzeit<\/strong><\/li>\n<\/ul>\n\n\n\n<p>Ihr kostenloses Probeabo erm\u00f6glicht die Verwaltung von bis zu 10 Ger\u00e4ten und l\u00e4uft am Ende der Testphase automatisch ab, es entstehen keinerlei Kosten.<\/p>\n\n\n\n<div class=\"wp-block-buttons is-layout-flex wp-block-buttons-is-layout-flex\">\n<div class=\"wp-block-button\"><a class=\"wp-block-button__link has-background wp-element-button\" href=\"https:\/\/go.mycortado.com\/web\/signup\" style=\"border-radius:5px;background-color:#6fa12b\">14 Tage kostenlos testen<\/a><\/div>\n<\/div>\n<\/div>\n\n\n\n<div class=\"wp-block-column is-vertically-aligned-top is-layout-flow wp-block-column-is-layout-flow\">\n<figure class=\"wp-block-image size-full\"><img loading=\"lazy\" decoding=\"async\" width=\"800\" height=\"600\" src=\"https:\/\/www.cortado.com\/wp-content\/uploads\/firmenhandys-mieten-3b.png\" alt=\"Cortado MDM Dashboard mit Auszeichnung von Trusted: Note &quot;Sehr gut&quot; im MDM-Software-Vergleich 2023.\" class=\"wp-image-9847\" srcset=\"https:\/\/www.cortado.com\/wp-content\/uploads\/firmenhandys-mieten-3b.png 800w, https:\/\/www.cortado.com\/wp-content\/uploads\/firmenhandys-mieten-3b-300x225.png 300w, https:\/\/www.cortado.com\/wp-content\/uploads\/firmenhandys-mieten-3b-768x576.png 768w\" sizes=\"auto, (max-width: 800px) 100vw, 800px\" \/><\/figure>\n\n\n\n<p><\/p>\n<\/div>\n<\/div>\n\n\n\n<div class=\"wp-block-columns is-layout-flex wp-container-core-columns-is-layout-ad2f72ca wp-block-columns-is-layout-flex\">\n<div class=\"wp-block-column is-layout-flow wp-block-column-is-layout-flow\">\n<p class=\"has-very-light-gray-background-color has-background\"><strong>Sie m\u00f6chten iOS-Ger\u00e4te verwalten? <\/strong>Dann beachten Sie bitte, dass Sie zus\u00e4tzlich zu Cortado MDM einen Account f\u00fcr den Apple Business Manager bzw. Apple School Manager ben\u00f6tigen. <a href=\"https:\/\/blog.cortado.com\/de\/geraeteverwaltung-mit-apple-business-manager\/\" target=\"_blank\" rel=\"noreferrer noopener\">Mehr Infos und Anleitung \u2192<\/a><\/p>\n<\/div>\n\n\n\n<div class=\"wp-block-column is-layout-flow wp-block-column-is-layout-flow\"><\/div>\n<\/div>\n","protected":false},"excerpt":{"rendered":"<p>Kostenlos testen! Starten Sie jetzt! Unsere Mobile-Device-Management-L\u00f6sung ist nach Ihrer Anmeldung sofort f\u00fcr Sie startbereit. Ihr kostenloses Probeabo erm\u00f6glicht die Verwaltung von bis zu 10 Ger\u00e4ten und l\u00e4uft am Ende der Testphase automatisch ab, es entstehen keinerlei Kosten. Sie m\u00f6chten iOS-Ger\u00e4te verwalten? Dann beachten Sie bitte, dass Sie zus\u00e4tzlich zu Cortado MDM einen Account f\u00fcr [&hellip;]<\/p>\n","protected":false},"author":1418,"featured_media":9847,"parent":0,"menu_order":0,"comment_status":"closed","ping_status":"closed","template":"page-templates\/landing.php","meta":{"_acf_changed":false,"inline_featured_image":false,"advgb_blocks_editor_width":"","advgb_blocks_columns_visual_guide":"","footnotes":""},"class_list":["post-6232","page","type-page","status-publish","has-post-thumbnail","hentry"],"acf":[],"yoast_head":"<!-- This site is optimized with the Yoast SEO Premium plugin v21.9 (Yoast SEO v27.3) - https:\/\/yoast.com\/product\/yoast-seo-premium-wordpress\/ -->\n<title>Cortado MDM kostenlos und unverbindlich testen!<\/title>\n<meta name=\"description\" content=\"Testen Sie unsere Mobile-Device-Management-L\u00f6sung kostenlos und unverbindlich! Ihre MDM-Konsole ist nach Ihrer Anmeldung sofort startbereit.\" \/>\n<meta name=\"robots\" content=\"index, follow, max-snippet:-1, max-image-preview:large, max-video-preview:-1\" \/>\n<link rel=\"canonical\" href=\"https:\/\/www.cortado.com\/de\/testen\/\" \/>\n<meta property=\"og:locale\" content=\"de_DE\" \/>\n<meta property=\"og:type\" content=\"article\" \/>\n<meta property=\"og:title\" content=\"Cortado MDM testen \u2013 kostenlos und unverbindlich!\" \/>\n<meta property=\"og:description\" content=\"Unsere MDM-L\u00f6sung ist nach Ihrer Anmeldung sofort f\u00fcr Sie startbereit.\" \/>\n<meta property=\"og:url\" content=\"https:\/\/www.cortado.com\/de\/testen\/\" \/>\n<meta property=\"og:site_name\" content=\"Cortado\" \/>\n<meta property=\"article:publisher\" content=\"https:\/\/www.facebook.com\/CortadoMobileSolutions\/\" \/>\n<meta property=\"article:modified_time\" content=\"2024-12-06T11:17:08+00:00\" \/>\n<meta property=\"og:image\" content=\"https:\/\/www.cortado.com\/wp-content\/uploads\/firmenhandys-mieten-3b.png\" \/>\n\t<meta property=\"og:image:width\" content=\"800\" \/>\n\t<meta property=\"og:image:height\" content=\"600\" \/>\n\t<meta property=\"og:image:type\" content=\"image\/png\" \/>\n<meta name=\"twitter:card\" content=\"summary_large_image\" \/>\n<meta name=\"twitter:title\" content=\"Cortado MDM testen \u2013 kostenlos und unverbindlich!\" \/>\n<meta name=\"twitter:description\" content=\"Unsere Mobile-Device-Management-L\u00f6sung ist nach Ihrer Anmeldung sofort f\u00fcr Sie startbereit.\" \/>\n<meta name=\"twitter:site\" content=\"@cortado_com\" \/>\n<meta name=\"twitter:label1\" content=\"Gesch\u00e4tzte Lesezeit\" \/>\n\t<meta name=\"twitter:data1\" content=\"1 Minute\" \/>\n<script type=\"application\/ld+json\" class=\"yoast-schema-graph\">{\"@context\":\"https:\\\/\\\/schema.org\",\"@graph\":[{\"@type\":\"WebPage\",\"@id\":\"https:\\\/\\\/www.cortado.com\\\/de\\\/testen\\\/\",\"url\":\"https:\\\/\\\/www.cortado.com\\\/de\\\/testen\\\/\",\"name\":\"Cortado MDM kostenlos und unverbindlich testen!\",\"isPartOf\":{\"@id\":\"https:\\\/\\\/www.cortado.com\\\/de\\\/#website\"},\"primaryImageOfPage\":{\"@id\":\"https:\\\/\\\/www.cortado.com\\\/de\\\/testen\\\/#primaryimage\"},\"image\":{\"@id\":\"https:\\\/\\\/www.cortado.com\\\/de\\\/testen\\\/#primaryimage\"},\"thumbnailUrl\":\"https:\\\/\\\/www.cortado.com\\\/wp-content\\\/uploads\\\/firmenhandys-mieten-3b.png\",\"datePublished\":\"2020-12-17T12:17:55+00:00\",\"dateModified\":\"2024-12-06T11:17:08+00:00\",\"description\":\"Testen Sie unsere Mobile-Device-Management-L\u00f6sung kostenlos und unverbindlich! Ihre MDM-Konsole ist nach Ihrer Anmeldung sofort startbereit.\",\"breadcrumb\":{\"@id\":\"https:\\\/\\\/www.cortado.com\\\/de\\\/testen\\\/#breadcrumb\"},\"inLanguage\":\"de-DE\",\"potentialAction\":[{\"@type\":\"ReadAction\",\"target\":[\"https:\\\/\\\/www.cortado.com\\\/de\\\/testen\\\/\"]}]},{\"@type\":\"ImageObject\",\"inLanguage\":\"de-DE\",\"@id\":\"https:\\\/\\\/www.cortado.com\\\/de\\\/testen\\\/#primaryimage\",\"url\":\"https:\\\/\\\/www.cortado.com\\\/wp-content\\\/uploads\\\/firmenhandys-mieten-3b.png\",\"contentUrl\":\"https:\\\/\\\/www.cortado.com\\\/wp-content\\\/uploads\\\/firmenhandys-mieten-3b.png\",\"width\":800,\"height\":600,\"caption\":\"Cortado MDM Dashboard mit Auszeichnung von Trusted: Note \\\"Sehr gut\\\" im MDM-Software-Vergleich 2023.\"},{\"@type\":\"BreadcrumbList\",\"@id\":\"https:\\\/\\\/www.cortado.com\\\/de\\\/testen\\\/#breadcrumb\",\"itemListElement\":[{\"@type\":\"ListItem\",\"position\":1,\"name\":\"Home\",\"item\":\"https:\\\/\\\/www.cortado.com\\\/de\\\/\"},{\"@type\":\"ListItem\",\"position\":2,\"name\":\"Kostenlos testen\"}]},{\"@type\":\"WebSite\",\"@id\":\"https:\\\/\\\/www.cortado.com\\\/de\\\/#website\",\"url\":\"https:\\\/\\\/www.cortado.com\\\/de\\\/\",\"name\":\"Cortado\",\"description\":\"\",\"potentialAction\":[{\"@type\":\"SearchAction\",\"target\":{\"@type\":\"EntryPoint\",\"urlTemplate\":\"https:\\\/\\\/www.cortado.com\\\/de\\\/?s={search_term_string}\"},\"query-input\":{\"@type\":\"PropertyValueSpecification\",\"valueRequired\":true,\"valueName\":\"search_term_string\"}}],\"inLanguage\":\"de-DE\"}]}<\/script>\n<!-- \/ Yoast SEO Premium plugin. -->","yoast_head_json":{"title":"Cortado MDM kostenlos und unverbindlich testen!","description":"Testen Sie unsere Mobile-Device-Management-L\u00f6sung kostenlos und unverbindlich! Ihre MDM-Konsole ist nach Ihrer Anmeldung sofort startbereit.","robots":{"index":"index","follow":"follow","max-snippet":"max-snippet:-1","max-image-preview":"max-image-preview:large","max-video-preview":"max-video-preview:-1"},"canonical":"https:\/\/www.cortado.com\/de\/testen\/","og_locale":"de_DE","og_type":"article","og_title":"Cortado MDM testen \u2013 kostenlos und unverbindlich!","og_description":"Unsere MDM-L\u00f6sung ist nach Ihrer Anmeldung sofort f\u00fcr Sie startbereit.","og_url":"https:\/\/www.cortado.com\/de\/testen\/","og_site_name":"Cortado","article_publisher":"https:\/\/www.facebook.com\/CortadoMobileSolutions\/","article_modified_time":"2024-12-06T11:17:08+00:00","og_image":[{"width":800,"height":600,"url":"https:\/\/www.cortado.com\/wp-content\/uploads\/firmenhandys-mieten-3b.png","type":"image\/png"}],"twitter_card":"summary_large_image","twitter_title":"Cortado MDM testen \u2013 kostenlos und unverbindlich!","twitter_description":"Unsere Mobile-Device-Management-L\u00f6sung ist nach Ihrer Anmeldung sofort f\u00fcr Sie startbereit.","twitter_site":"@cortado_com","twitter_misc":{"Gesch\u00e4tzte Lesezeit":"1 Minute"},"schema":{"@context":"https:\/\/schema.org","@graph":[{"@type":"WebPage","@id":"https:\/\/www.cortado.com\/de\/testen\/","url":"https:\/\/www.cortado.com\/de\/testen\/","name":"Cortado MDM kostenlos und unverbindlich testen!","isPartOf":{"@id":"https:\/\/www.cortado.com\/de\/#website"},"primaryImageOfPage":{"@id":"https:\/\/www.cortado.com\/de\/testen\/#primaryimage"},"image":{"@id":"https:\/\/www.cortado.com\/de\/testen\/#primaryimage"},"thumbnailUrl":"https:\/\/www.cortado.com\/wp-content\/uploads\/firmenhandys-mieten-3b.png","datePublished":"2020-12-17T12:17:55+00:00","dateModified":"2024-12-06T11:17:08+00:00","description":"Testen Sie unsere Mobile-Device-Management-L\u00f6sung kostenlos und unverbindlich! Ihre MDM-Konsole ist nach Ihrer Anmeldung sofort startbereit.","breadcrumb":{"@id":"https:\/\/www.cortado.com\/de\/testen\/#breadcrumb"},"inLanguage":"de-DE","potentialAction":[{"@type":"ReadAction","target":["https:\/\/www.cortado.com\/de\/testen\/"]}]},{"@type":"ImageObject","inLanguage":"de-DE","@id":"https:\/\/www.cortado.com\/de\/testen\/#primaryimage","url":"https:\/\/www.cortado.com\/wp-content\/uploads\/firmenhandys-mieten-3b.png","contentUrl":"https:\/\/www.cortado.com\/wp-content\/uploads\/firmenhandys-mieten-3b.png","width":800,"height":600,"caption":"Cortado MDM Dashboard mit Auszeichnung von Trusted: Note \"Sehr gut\" im MDM-Software-Vergleich 2023."},{"@type":"BreadcrumbList","@id":"https:\/\/www.cortado.com\/de\/testen\/#breadcrumb","itemListElement":[{"@type":"ListItem","position":1,"name":"Home","item":"https:\/\/www.cortado.com\/de\/"},{"@type":"ListItem","position":2,"name":"Kostenlos testen"}]},{"@type":"WebSite","@id":"https:\/\/www.cortado.com\/de\/#website","url":"https:\/\/www.cortado.com\/de\/","name":"Cortado","description":"","potentialAction":[{"@type":"SearchAction","target":{"@type":"EntryPoint","urlTemplate":"https:\/\/www.cortado.com\/de\/?s={search_term_string}"},"query-input":{"@type":"PropertyValueSpecification","valueRequired":true,"valueName":"search_term_string"}}],"inLanguage":"de-DE"}]}},"coauthors":[],"author_meta":{"author_link":"https:\/\/www.cortado.com\/de\/author\/","display_name":""},"relative_dates":{"created":"Ver\u00f6ffentlicht 5 Jahren vor","modified":"Aktualisiert 1 Jahr vor"},"absolute_dates":{"created":"Ver\u00f6ffentlicht am Dezember 17, 2020","modified":"Aktualisiert am Dezember 6, 2024"},"absolute_dates_time":{"created":"Ver\u00f6ffentlicht am Dezember 17, 2020 12:17 pm","modified":"Aktualisiert am Dezember 6, 2024 11:17 am"},"featured_img_caption":"","featured_img":"https:\/\/www.cortado.com\/wp-content\/uploads\/firmenhandys-mieten-3b.png","series_order":"","_links":{"self":[{"href":"https:\/\/www.cortado.com\/de\/wp-json\/wp\/v2\/pages\/6232","targetHints":{"allow":["GET"]}}],"collection":[{"href":"https:\/\/www.cortado.com\/de\/wp-json\/wp\/v2\/pages"}],"about":[{"href":"https:\/\/www.cortado.com\/de\/wp-json\/wp\/v2\/types\/page"}],"author":[{"embeddable":true,"href":"https:\/\/www.cortado.com\/de\/wp-json\/wp\/v2\/users\/1418"}],"replies":[{"embeddable":true,"href":"https:\/\/www.cortado.com\/de\/wp-json\/wp\/v2\/comments?post=6232"}],"version-history":[{"count":0,"href":"https:\/\/www.cortado.com\/de\/wp-json\/wp\/v2\/pages\/6232\/revisions"}],"wp:featuredmedia":[{"embeddable":true,"href":"https:\/\/www.cortado.com\/de\/wp-json\/wp\/v2\/media\/9847"}],"wp:attachment":[{"href":"https:\/\/www.cortado.com\/de\/wp-json\/wp\/v2\/media?parent=6232"}],"curies":[{"name":"wp","href":"https:\/\/api.w.org\/{rel}","templated":true}]}}