{"id":6292,"date":"2020-12-21T11:39:05","date_gmt":"2020-12-21T11:39:05","guid":{"rendered":"http:\/\/cortado-website.local\/?page_id=6292"},"modified":"2020-12-21T11:39:06","modified_gmt":"2020-12-21T11:39:06","slug":"subscription-confirmation-ppy-de","status":"publish","type":"page","link":"https:\/\/www.cortado.com\/de\/danke\/subscription-confirmation-ppy-de\/","title":{"rendered":"Jahresabo &#8211; Buchungsbest\u00e4tigung"},"content":{"rendered":"\n<h2 class=\"has-text-align-center wp-block-heading\">Vielen Dank!<\/h2>\n\n\n\n<p class=\"has-text-align-center emphasized\">Ihre Anmeldung f\u00fcr Cortado MDM und ihre 14-t\u00e4gige, kostenlose Testzeit war erfolgreich . In K\u00fcrze erhalten Sie eine Best\u00e4tigung per E-Mail. Sollten Sie keine E-Mail in Ihrer Inbox vorfinden, pr\u00fcfen Sie bitte auch Ihren Spam-Ordner. <\/p>\n\n\n\n<div style=\"height:50px\" aria-hidden=\"true\" class=\"wp-block-spacer\"><\/div>\n\n\n\n<h3 class=\"has-text-align-center wp-block-heading\"> Und los geht&#8217;s! <\/h3>\n\n\n\n<div class=\"wp-block-group\"><div class=\"wp-block-group__inner-container is-layout-constrained wp-block-group-is-layout-constrained\">\n<div style=\"height:24px\" aria-hidden=\"true\" class=\"wp-block-spacer\"><\/div>\n<\/div><\/div>\n\n\n\n<div class=\"wp-block-columns has-3-columns is-layout-flex wp-container-core-columns-is-layout-ad2f72ca wp-block-columns-is-layout-flex\">\n<div class=\"wp-block-column is-layout-flow wp-block-column-is-layout-flow\">\n<div class=\"wp-block-image\"><figure class=\"aligncenter is-resized\"><img decoding=\"async\" src=\"https:\/\/www.cortado.com\/wp-content\/uploads\/icon-quickstart-300x120.png\" alt=\"\" class=\"wp-image-5501\" height=\"100\" srcset=\"https:\/\/www.cortado.com\/wp-content\/uploads\/icon-quickstart-300x120.png 300w, https:\/\/www.cortado.com\/wp-content\/uploads\/icon-quickstart.png 400w\" sizes=\"(max-width: 300px) 100vw, 300px\" \/><\/figure><\/div>\n\n\n\n<h4 class=\"has-text-align-center wp-block-heading\">Schnellstart<\/h4>\n\n\n\n<p class=\"has-text-align-center\">Ihr MDM-Administratorkonto wird umgehend eingerichtet. Sie erhalten Ihre Zugangsdaten innherhalb weniger Minuten per E-Mail. Melden Sie sich an und nehmen Sie die Ersteinrichtung mit Hilfe unserer Kurzanleitung vor. <\/p>\n\n\n\n<p style=\"text-align:center\"><a href=\"https:\/\/download.cortado.com\/docu\/CCS\/Manuals\/Cortado_MDM_d.pdf\" class=\"button default secondary highlight\" target=\"_blank\" rel=\"noopener noreferrer\">Kurzanleitung<\/a><\/p>\n<\/div>\n\n\n\n<div class=\"wp-block-column is-layout-flow wp-block-column-is-layout-flow\">\n<div class=\"wp-block-image\"><figure class=\"aligncenter\"><img loading=\"lazy\" decoding=\"async\" width=\"97\" height=\"100\" src=\"http:\/\/www.cortado.com\/wp-content\/uploads\/icon-adjustments.png\" alt=\"\" class=\"wp-image-5615\"\/><\/figure><\/div>\n\n\n\n<h4 class=\"has-text-align-center wp-block-heading\">Individuelle Konfiguration<\/h4>\n\n\n\n<p class=\"has-text-align-center\">Stimmen Sie die L\u00f6sung auf Ihre individuellen Anforderungen. In usnerer Knowledge Base finden Sie Anleitungen f\u00fcr alle g\u00e4ngigen Anwendungsszenarien.  <\/p>\n\n\n\n<p style=\"text-align:center\"><a href=\"https:\/\/support.cortado.com\/de\/support\/solutions\" class=\"button default secondary highlight\" target=\"_blank\" rel=\"noopener noreferrer\">Knowledge Base<\/a><\/p>\n<\/div>\n\n\n\n<div class=\"wp-block-column is-layout-flow wp-block-column-is-layout-flow\">\n<div class=\"wp-block-image\"><figure class=\"aligncenter is-resized\"><img loading=\"lazy\" decoding=\"async\" src=\"https:\/\/www.cortado.com\/wp-content\/uploads\/icon-manage-account.png\" alt=\"\" class=\"wp-image-5508\" width=\"250\" height=\"100\"\/><\/figure><\/div>\n\n\n\n<h4 class=\"has-text-align-center wp-block-heading\">&nbsp;Abo verwalten<\/h4>\n\n\n\n<p class=\"has-text-align-center\">Um Cortado MDM \u00fcber die Testphase hinaus zu nutzen, gehen Sie bitte zu Ihrer Abo-Verwaltung und geben Sie Ihre Zahlungsdaten an. Hier k\u00f6nnen Sie auch die Anzahl der Ger\u00e4te \u00e4ndern.<\/p>\n\n\n\n<p class=\"has-text-align-center\"><i class=\"fas fa-info-circle\"><\/i> Den Link zur Abo-Verwaltung finden Sie in Ihrem Account. Klicken Sie dazu <strong>Account verwalten<\/strong> im Kopf der Seite.<\/p>\n<\/div>\n<\/div>\n","protected":false},"excerpt":{"rendered":"<p>Vielen Dank! Ihre Anmeldung f\u00fcr Cortado MDM und ihre 14-t\u00e4gige, kostenlose Testzeit war erfolgreich . In K\u00fcrze erhalten Sie eine Best\u00e4tigung per E-Mail. Sollten Sie keine E-Mail in Ihrer Inbox vorfinden, pr\u00fcfen Sie bitte auch Ihren Spam-Ordner. Und los geht&#8217;s! Schnellstart Ihr MDM-Administratorkonto wird umgehend eingerichtet. Sie erhalten Ihre Zugangsdaten innherhalb weniger Minuten per E-Mail. [&hellip;]<\/p>\n","protected":false},"author":9,"featured_media":0,"parent":6118,"menu_order":0,"comment_status":"closed","ping_status":"closed","template":"","meta":{"_acf_changed":false,"inline_featured_image":false,"advgb_blocks_editor_width":"","advgb_blocks_columns_visual_guide":"","footnotes":""},"class_list":["post-6292","page","type-page","status-publish","hentry"],"acf":[],"yoast_head":"<!-- This site is optimized with the Yoast SEO Premium plugin v21.9 (Yoast SEO v27.3) - https:\/\/yoast.com\/product\/yoast-seo-premium-wordpress\/ -->\n<title>Jahresabo - Buchungsbest\u00e4tigung<\/title>\n<meta name=\"robots\" content=\"index, follow, max-snippet:-1, max-image-preview:large, max-video-preview:-1\" \/>\n<link rel=\"canonical\" href=\"https:\/\/www.cortado.com\/de\/danke\/subscription-confirmation-ppy-de\/\" \/>\n<meta property=\"og:locale\" content=\"de_DE\" \/>\n<meta property=\"og:type\" content=\"article\" \/>\n<meta property=\"og:title\" content=\"Jahresabo - Buchungsbest\u00e4tigung\" \/>\n<meta property=\"og:description\" content=\"Vielen Dank! Ihre Anmeldung f\u00fcr Cortado MDM und ihre 14-t\u00e4gige, kostenlose Testzeit war erfolgreich . In K\u00fcrze erhalten Sie eine Best\u00e4tigung per E-Mail. Sollten Sie keine E-Mail in Ihrer Inbox vorfinden, pr\u00fcfen Sie bitte auch Ihren Spam-Ordner. Und los geht&#8217;s! Schnellstart Ihr MDM-Administratorkonto wird umgehend eingerichtet. Sie erhalten Ihre Zugangsdaten innherhalb weniger Minuten per E-Mail. [&hellip;]\" \/>\n<meta property=\"og:url\" content=\"https:\/\/www.cortado.com\/de\/danke\/subscription-confirmation-ppy-de\/\" \/>\n<meta property=\"og:site_name\" content=\"Cortado\" \/>\n<meta property=\"article:publisher\" content=\"https:\/\/www.facebook.com\/CortadoMobileSolutions\/\" \/>\n<meta property=\"article:modified_time\" content=\"2020-12-21T11:39:06+00:00\" \/>\n<meta property=\"og:image\" content=\"https:\/\/www.cortado.com\/wp-content\/uploads\/icon-quickstart-300x120.png\" \/>\n<meta name=\"twitter:card\" content=\"summary_large_image\" \/>\n<meta name=\"twitter:site\" content=\"@cortado_com\" \/>\n<meta name=\"twitter:label1\" content=\"Gesch\u00e4tzte Lesezeit\" \/>\n\t<meta name=\"twitter:data1\" content=\"1 Minute\" \/>\n<script type=\"application\/ld+json\" class=\"yoast-schema-graph\">{\"@context\":\"https:\\\/\\\/schema.org\",\"@graph\":[{\"@type\":\"WebPage\",\"@id\":\"https:\\\/\\\/www.cortado.com\\\/de\\\/danke\\\/subscription-confirmation-ppy-de\\\/\",\"url\":\"https:\\\/\\\/www.cortado.com\\\/de\\\/danke\\\/subscription-confirmation-ppy-de\\\/\",\"name\":\"Jahresabo - Buchungsbest\u00e4tigung\",\"isPartOf\":{\"@id\":\"https:\\\/\\\/www.cortado.com\\\/de\\\/#website\"},\"primaryImageOfPage\":{\"@id\":\"https:\\\/\\\/www.cortado.com\\\/de\\\/danke\\\/subscription-confirmation-ppy-de\\\/#primaryimage\"},\"image\":{\"@id\":\"https:\\\/\\\/www.cortado.com\\\/de\\\/danke\\\/subscription-confirmation-ppy-de\\\/#primaryimage\"},\"thumbnailUrl\":\"https:\\\/\\\/www.cortado.com\\\/wp-content\\\/uploads\\\/icon-quickstart-300x120.png\",\"datePublished\":\"2020-12-21T11:39:05+00:00\",\"dateModified\":\"2020-12-21T11:39:06+00:00\",\"breadcrumb\":{\"@id\":\"https:\\\/\\\/www.cortado.com\\\/de\\\/danke\\\/subscription-confirmation-ppy-de\\\/#breadcrumb\"},\"inLanguage\":\"de-DE\",\"potentialAction\":[{\"@type\":\"ReadAction\",\"target\":[\"https:\\\/\\\/www.cortado.com\\\/de\\\/danke\\\/subscription-confirmation-ppy-de\\\/\"]}]},{\"@type\":\"ImageObject\",\"inLanguage\":\"de-DE\",\"@id\":\"https:\\\/\\\/www.cortado.com\\\/de\\\/danke\\\/subscription-confirmation-ppy-de\\\/#primaryimage\",\"url\":\"https:\\\/\\\/www.cortado.com\\\/wp-content\\\/uploads\\\/icon-quickstart-300x120.png\",\"contentUrl\":\"https:\\\/\\\/www.cortado.com\\\/wp-content\\\/uploads\\\/icon-quickstart-300x120.png\"},{\"@type\":\"BreadcrumbList\",\"@id\":\"https:\\\/\\\/www.cortado.com\\\/de\\\/danke\\\/subscription-confirmation-ppy-de\\\/#breadcrumb\",\"itemListElement\":[{\"@type\":\"ListItem\",\"position\":1,\"name\":\"Home\",\"item\":\"https:\\\/\\\/www.cortado.com\\\/de\\\/\"},{\"@type\":\"ListItem\",\"position\":2,\"name\":\"Danke\",\"item\":\"https:\\\/\\\/www.cortado.com\\\/de\\\/thank-you\\\/\"},{\"@type\":\"ListItem\",\"position\":3,\"name\":\"Jahresabo &#8211; Buchungsbest\u00e4tigung\"}]},{\"@type\":\"WebSite\",\"@id\":\"https:\\\/\\\/www.cortado.com\\\/de\\\/#website\",\"url\":\"https:\\\/\\\/www.cortado.com\\\/de\\\/\",\"name\":\"Cortado\",\"description\":\"\",\"potentialAction\":[{\"@type\":\"SearchAction\",\"target\":{\"@type\":\"EntryPoint\",\"urlTemplate\":\"https:\\\/\\\/www.cortado.com\\\/de\\\/?s={search_term_string}\"},\"query-input\":{\"@type\":\"PropertyValueSpecification\",\"valueRequired\":true,\"valueName\":\"search_term_string\"}}],\"inLanguage\":\"de-DE\"}]}<\/script>\n<!-- \/ Yoast SEO Premium plugin. -->","yoast_head_json":{"title":"Jahresabo - Buchungsbest\u00e4tigung","robots":{"index":"index","follow":"follow","max-snippet":"max-snippet:-1","max-image-preview":"max-image-preview:large","max-video-preview":"max-video-preview:-1"},"canonical":"https:\/\/www.cortado.com\/de\/danke\/subscription-confirmation-ppy-de\/","og_locale":"de_DE","og_type":"article","og_title":"Jahresabo - Buchungsbest\u00e4tigung","og_description":"Vielen Dank! Ihre Anmeldung f\u00fcr Cortado MDM und ihre 14-t\u00e4gige, kostenlose Testzeit war erfolgreich . In K\u00fcrze erhalten Sie eine Best\u00e4tigung per E-Mail. Sollten Sie keine E-Mail in Ihrer Inbox vorfinden, pr\u00fcfen Sie bitte auch Ihren Spam-Ordner. Und los geht&#8217;s! Schnellstart Ihr MDM-Administratorkonto wird umgehend eingerichtet. Sie erhalten Ihre Zugangsdaten innherhalb weniger Minuten per E-Mail. [&hellip;]","og_url":"https:\/\/www.cortado.com\/de\/danke\/subscription-confirmation-ppy-de\/","og_site_name":"Cortado","article_publisher":"https:\/\/www.facebook.com\/CortadoMobileSolutions\/","article_modified_time":"2020-12-21T11:39:06+00:00","og_image":[{"url":"https:\/\/www.cortado.com\/wp-content\/uploads\/icon-quickstart-300x120.png","type":"","width":"","height":""}],"twitter_card":"summary_large_image","twitter_site":"@cortado_com","twitter_misc":{"Gesch\u00e4tzte Lesezeit":"1 Minute"},"schema":{"@context":"https:\/\/schema.org","@graph":[{"@type":"WebPage","@id":"https:\/\/www.cortado.com\/de\/danke\/subscription-confirmation-ppy-de\/","url":"https:\/\/www.cortado.com\/de\/danke\/subscription-confirmation-ppy-de\/","name":"Jahresabo - Buchungsbest\u00e4tigung","isPartOf":{"@id":"https:\/\/www.cortado.com\/de\/#website"},"primaryImageOfPage":{"@id":"https:\/\/www.cortado.com\/de\/danke\/subscription-confirmation-ppy-de\/#primaryimage"},"image":{"@id":"https:\/\/www.cortado.com\/de\/danke\/subscription-confirmation-ppy-de\/#primaryimage"},"thumbnailUrl":"https:\/\/www.cortado.com\/wp-content\/uploads\/icon-quickstart-300x120.png","datePublished":"2020-12-21T11:39:05+00:00","dateModified":"2020-12-21T11:39:06+00:00","breadcrumb":{"@id":"https:\/\/www.cortado.com\/de\/danke\/subscription-confirmation-ppy-de\/#breadcrumb"},"inLanguage":"de-DE","potentialAction":[{"@type":"ReadAction","target":["https:\/\/www.cortado.com\/de\/danke\/subscription-confirmation-ppy-de\/"]}]},{"@type":"ImageObject","inLanguage":"de-DE","@id":"https:\/\/www.cortado.com\/de\/danke\/subscription-confirmation-ppy-de\/#primaryimage","url":"https:\/\/www.cortado.com\/wp-content\/uploads\/icon-quickstart-300x120.png","contentUrl":"https:\/\/www.cortado.com\/wp-content\/uploads\/icon-quickstart-300x120.png"},{"@type":"BreadcrumbList","@id":"https:\/\/www.cortado.com\/de\/danke\/subscription-confirmation-ppy-de\/#breadcrumb","itemListElement":[{"@type":"ListItem","position":1,"name":"Home","item":"https:\/\/www.cortado.com\/de\/"},{"@type":"ListItem","position":2,"name":"Danke","item":"https:\/\/www.cortado.com\/de\/thank-you\/"},{"@type":"ListItem","position":3,"name":"Jahresabo &#8211; Buchungsbest\u00e4tigung"}]},{"@type":"WebSite","@id":"https:\/\/www.cortado.com\/de\/#website","url":"https:\/\/www.cortado.com\/de\/","name":"Cortado","description":"","potentialAction":[{"@type":"SearchAction","target":{"@type":"EntryPoint","urlTemplate":"https:\/\/www.cortado.com\/de\/?s={search_term_string}"},"query-input":{"@type":"PropertyValueSpecification","valueRequired":true,"valueName":"search_term_string"}}],"inLanguage":"de-DE"}]}},"coauthors":[],"author_meta":{"author_link":"https:\/\/www.cortado.com\/de\/author\/dani\/","display_name":"Linda Martin"},"relative_dates":{"created":"Ver\u00f6ffentlicht 5 Jahren vor","modified":"Aktualisiert 5 Jahren vor"},"absolute_dates":{"created":"Ver\u00f6ffentlicht am Dezember 21, 2020","modified":"Aktualisiert am Dezember 21, 2020"},"absolute_dates_time":{"created":"Ver\u00f6ffentlicht am Dezember 21, 2020 11:39 am","modified":"Aktualisiert am Dezember 21, 2020 11:39 am"},"featured_img_caption":"","featured_img":false,"series_order":"","_links":{"self":[{"href":"https:\/\/www.cortado.com\/de\/wp-json\/wp\/v2\/pages\/6292","targetHints":{"allow":["GET"]}}],"collection":[{"href":"https:\/\/www.cortado.com\/de\/wp-json\/wp\/v2\/pages"}],"about":[{"href":"https:\/\/www.cortado.com\/de\/wp-json\/wp\/v2\/types\/page"}],"author":[{"embeddable":true,"href":"https:\/\/www.cortado.com\/de\/wp-json\/wp\/v2\/users\/9"}],"replies":[{"embeddable":true,"href":"https:\/\/www.cortado.com\/de\/wp-json\/wp\/v2\/comments?post=6292"}],"version-history":[{"count":0,"href":"https:\/\/www.cortado.com\/de\/wp-json\/wp\/v2\/pages\/6292\/revisions"}],"up":[{"embeddable":true,"href":"https:\/\/www.cortado.com\/de\/wp-json\/wp\/v2\/pages\/6118"}],"wp:attachment":[{"href":"https:\/\/www.cortado.com\/de\/wp-json\/wp\/v2\/media?parent=6292"}],"curies":[{"name":"wp","href":"https:\/\/api.w.org\/{rel}","templated":true}]}}