{"id":6363,"date":"2021-02-08T11:22:52","date_gmt":"2021-02-08T11:22:52","guid":{"rendered":"http:\/\/cortado-website.local\/?page_id=6363"},"modified":"2023-06-16T12:05:39","modified_gmt":"2023-06-16T12:05:39","slug":"digitalisierung-in-der-pflege","status":"publish","type":"page","link":"https:\/\/www.cortado.com\/de\/lp\/digitalisierung-in-der-pflege\/","title":{"rendered":"Smartphones und Tablets in der Pflege"},"content":{"rendered":"\n<h1 class=\"has-text-align-center wp-block-heading\">Smartphones und Tablets in der Pflege sicher und DSGVO-konform einsetzen<\/h1>\n\n\n\n<div class=\"wp-block-group is-layout-constrained wp-block-group-is-layout-constrained\"><div class=\"wp-block-group__inner-container\">\n<div style=\"height:24px\" aria-hidden=\"true\" class=\"wp-block-spacer\"><\/div>\n<\/div><\/div>\n\n\n\n<p class=\"has-text-align-center emphasized has-normal-font-size\">Von der Tourenplanung, \u00fcber die Pflegedokumentation bis hin zur Abrechnung \u2013 Smartphones und Tablets k\u00f6nnen die Arbeitsabl\u00e4ufe in der Pflege entscheidend vereinfachen. Doch ist besondere Vorsicht geboten, denn Gesundheits- und Patientendaten sind hochsensibel.  Mit Cortado MDM behalten Pflegeunternehmen und -einrichtungen jederzeit die Kontrolle \u00fcber Ger\u00e4te und Apps und stellen den Schutz der Daten DSGVO-konform sicher.<\/p>\n\n\n\n<div style=\"height:25px\" aria-hidden=\"true\" class=\"wp-block-spacer\"><\/div>\n\n\n\n<div class=\"wp-block-buttons is-content-justification-center is-layout-flex wp-container-core-buttons-layout-1 wp-block-buttons-is-layout-flex\">\n<div class=\"wp-block-button\"><a class=\"wp-block-button__link has-background wp-element-button\" href=\"#webinar\" style=\"border-radius:5px;background-color:#6fa12b\">KOSTENLOSES WEBINAR<\/a><\/div>\n<\/div>\n\n\n\n<div style=\"height:100px\" aria-hidden=\"true\" class=\"wp-block-spacer\"><\/div>\n\n\n\n<div class=\"wp-block-columns is-layout-flex wp-container-core-columns-layout-1 wp-block-columns-is-layout-flex\">\n<div class=\"wp-block-column is-layout-flow wp-block-column-is-layout-flow\"><\/div>\n\n\n\n<div class=\"wp-block-column is-layout-flow wp-block-column-is-layout-flow\"><\/div>\n<\/div>\n\n\n\n<div class=\"wp-block-media-text alignwide is-stacked-on-mobile is-image-fill\"><figure class=\"wp-block-media-text__media\" style=\"background-image:url(http:\/\/www.cortado.com\/wp-content\/uploads\/photo-pflegekraft-mit-tablet-1024x683.jpg);background-position:39% 87%\"><img loading=\"lazy\" decoding=\"async\" width=\"1024\" height=\"683\" src=\"http:\/\/www.cortado.com\/wp-content\/uploads\/photo-pflegekraft-mit-tablet-1024x683.jpg\" alt=\"Pflegekraft mit Tablet\" class=\"wp-image-6364 size-full\" srcset=\"https:\/\/www.cortado.com\/wp-content\/uploads\/photo-pflegekraft-mit-tablet-1024x683.jpg 1024w, https:\/\/www.cortado.com\/wp-content\/uploads\/photo-pflegekraft-mit-tablet-300x200.jpg 300w, https:\/\/www.cortado.com\/wp-content\/uploads\/photo-pflegekraft-mit-tablet-768x512.jpg 768w, https:\/\/www.cortado.com\/wp-content\/uploads\/photo-pflegekraft-mit-tablet.jpg 1471w\" sizes=\"(max-width: 1024px) 100vw, 1024px\" \/><\/figure><div class=\"wp-block-media-text__content\">\n<h2 class=\"wp-block-heading\">Was macht Cortado MDM besonders?<\/h2>\n\n\n\n<p class=\"has-normal-font-size\">Bereits heute vertrauen viele Pflegedienste auf Cortado MDM, um ihre Arbeitsabl\u00e4ufe mit Handys und Tablets zu verbessern. Das Besondere: Die L\u00f6sung ist extrem einfach und schnell einsetzbar.<\/p>\n\n\n\n<ul>\n<li>Cortado MDM ist die Schaltzentrale f\u00fcr Ihre mobilen Ger\u00e4te. Zahlreiche Vorlagen helfen Ihnen dabei, ganz schnell ohne IT-Wissen Ihre Umgebung einzurichten.<\/li>\n\n\n\n<li>Sie k\u00f6nnen ganz flexibel abonnieren, wie viele Ger\u00e4te unterst\u00fctzt werden sollen. \u00c4ndert sich die Zahl, k\u00f6nnen Sie flexibel dazubuchen oder auch Ihr Abo k\u00fcndigen.<\/li>\n\n\n\n<li>Cortado MDM unterst\u00fctzt sowohl iOS- als auch Android-Ger\u00e4te.<\/li>\n\n\n\n<li>Und gut zu wissen: Als deutsches Unternehmen stellen wir den Schutz Ihrer Daten entsprechend Bundesdatenschutzgesetz und EU-DSGVO sicher.<\/li>\n<\/ul>\n\n\n\n<div style=\"height:25px\" aria-hidden=\"true\" class=\"wp-block-spacer\"><\/div>\n\n\n\n<div class=\"wp-block-buttons is-content-justification-left is-layout-flex wp-container-core-buttons-layout-2 wp-block-buttons-is-layout-flex\">\n<div class=\"wp-block-button is-style-outline\"><a class=\"wp-block-button__link has-text-color wp-element-button\" href=\"\/de\/\" style=\"border-radius:5px;color:#414758\">MEHR ERFAHREN<\/a><\/div>\n<\/div>\n\n\n\n<p><\/p>\n<\/div><\/div>\n\n\n\n<div style=\"height:100px\" aria-hidden=\"true\" class=\"wp-block-spacer\"><\/div>\n\n\n\n<div class=\"wp-block-columns is-layout-flex wp-container-core-columns-layout-2 wp-block-columns-is-layout-flex\">\n<div class=\"wp-block-column is-layout-flow wp-block-column-is-layout-flow\"><div class=\"wp-block-image\">\n<figure class=\"aligncenter size-large is-resized\"><img loading=\"lazy\" decoding=\"async\" src=\"http:\/\/www.cortado.com\/wp-content\/uploads\/logo-aurelia-pflege.png\" alt=\"Aurelia Pflegedienst &amp; Wundversorgung Logo\" class=\"wp-image-6371\" width=\"375\" height=\"114\" srcset=\"https:\/\/www.cortado.com\/wp-content\/uploads\/logo-aurelia-pflege.png 500w, https:\/\/www.cortado.com\/wp-content\/uploads\/logo-aurelia-pflege-300x91.png 300w\" sizes=\"(max-width: 375px) 100vw, 375px\" \/><\/figure><\/div>\n\n\n<p class=\"has-text-align-center has-medium-font-size\">&#8220;Man erspart sich wahnsinnig viel Zeit! Die Bedienung der Ger\u00e4te und der Cortado Software ist einfach und selbsterkl\u00e4rend.&#8221; <\/p>\n\n\n\n<p class=\"has-text-align-center\">Erkan Erul, Gesch\u00e4ftsf\u00fchrer Aurelia Pflegedienst und Wundversorgung<\/p>\n\n\n\n<p class=\"has-text-align-center\"><a href=\"https:\/\/www.cortado.com\/de\/fallstudie\/mobile-arbeitserleichterung-fuer-den-pflegedienst\/\">Kundenstory lesen \u2192<\/a><\/p>\n<\/div>\n\n\n\n<div class=\"wp-block-column is-layout-flow wp-block-column-is-layout-flow\"><div class=\"wp-block-image\">\n<figure class=\"aligncenter size-large\"><img loading=\"lazy\" decoding=\"async\" width=\"300\" height=\"90\" src=\"http:\/\/www.cortado.com\/wp-content\/uploads\/logo-lebenshilfe-gelderland.png\" alt=\"Lebenshilfe Gelderland Logo\" class=\"wp-image-6365\"\/><figcaption class=\"wp-element-caption\"><br><\/figcaption><\/figure><\/div>\n\n\n<p class=\"has-text-align-center has-medium-font-size\">&#8220;Die Unterst\u00fctzung seitens Cortado war bestens, alles l\u00e4uft rund. Die mobile L\u00f6sung im Pflegedienst ist eine echte Arbeitserleichterung.&#8221;<\/p>\n\n\n\n<p class=\"has-text-align-center\">Harald Schwarz, Gesch\u00e4ftsf\u00fchrer des Clever Rechenzentrum und IT-Ansprechpartner der Lebenshilfe Gelderland<\/p>\n\n\n\n<p class=\"has-text-align-center\"><a href=\"https:\/\/www.cortado.com\/de\/fallstudie\/mobile-arbeitserleichterung-fuer-den-pflegedienst\/\">Kundenstory lesen \u2192<\/a><\/p>\n<\/div>\n<\/div>\n\n\n\n<div style=\"height:100px\" aria-hidden=\"true\" class=\"wp-block-spacer\"><\/div>\n\n\n\n<div class=\"wp-block-columns is-layout-flex wp-container-core-columns-layout-3 wp-block-columns-is-layout-flex\">\n<div class=\"wp-block-column is-layout-flow wp-block-column-is-layout-flow\">\n<h4 class=\"wp-block-heading\" id=\"webinar\">Kostenloses Webinar<\/h4>\n\n\n\n<h2 class=\"wp-block-heading\">Smartphones und Tablets in der Pflege richtig einsetzen<\/h2>\n\n\n\n<p>In unserem On-Demand-Webinar-erfahren Sie, welche Herausforderungen der Einsatz von Handys und Tablets in der Pflege mit sich bringt und wie sie diese meistern. <\/p>\n\n\n\n<p><strong>Was Sie mitnehmen:<\/strong><\/p>\n\n\n\n<ul>\n<li>Welche Ger\u00e4te sind geeignet?<\/li>\n\n\n\n<li>Sollten Firmenger\u00e4te angeschafft oder private Handys genutzt werden?<\/li>\n\n\n\n<li>Wie werden die Ger\u00e4te DSGVO-konform eingerichtet?<\/li>\n\n\n\n<li>Wie stellen Sie die Sicherheit f\u00fcr Patientendaten sicher?<\/li>\n\n\n\n<li>Anwendungsf\u00e4lle aus der Praxis<\/li>\n<\/ul>\n\n\n\n<div style=\"height:25px\" aria-hidden=\"true\" class=\"wp-block-spacer\"><\/div>\n\n\n\n<div class=\"wp-block-buttons is-layout-flex wp-block-buttons-is-layout-flex\">\n<div class=\"wp-block-button\"><a class=\"wp-block-button__link has-background wp-element-button\" href=\"https:\/\/www.cortado.com\/de\/form\/webinar-zugang\/?ID=sf-gG5ZY73I&amp;webinar=Smartphones+und+Tablets+in+der+Pflege+richtig+einsetzen\" style=\"border-radius:10px;background-color:#6fa12b\">JETZT ANSEHEN<\/a><\/div>\n<\/div>\n<\/div>\n\n\n\n<div class=\"wp-block-column is-layout-flow wp-block-column-is-layout-flow\">\n<figure class=\"wp-block-image size-full\"><img loading=\"lazy\" decoding=\"async\" width=\"900\" height=\"675\" src=\"http:\/\/www.cortado.com\/wp-content\/uploads\/tablets-in-pflege.jpg\" alt=\"Tablet im Pflege-Alltag\" class=\"wp-image-7680\" srcset=\"https:\/\/www.cortado.com\/wp-content\/uploads\/tablets-in-pflege.jpg 900w, https:\/\/www.cortado.com\/wp-content\/uploads\/tablets-in-pflege-300x225.jpg 300w, https:\/\/www.cortado.com\/wp-content\/uploads\/tablets-in-pflege-768x576.jpg 768w\" sizes=\"(max-width: 900px) 100vw, 900px\" \/><\/figure>\n<\/div>\n<\/div>\n\n\n\n<div style=\"height:50px\" aria-hidden=\"true\" class=\"wp-block-spacer\"><\/div>\n\n\n\n<div class=\"wp-block-group is-layout-flow wp-block-group-is-layout-flow\"><div class=\"wp-block-group__inner-container\">\n<div class=\"wp-block-cover is-light\"><span aria-hidden=\"true\" class=\"wp-block-cover__background has-background-dim-100 has-background-dim\" style=\"background-color:#6fa12b\"><\/span><div class=\"wp-block-cover__inner-container is-layout-flow wp-block-cover-is-layout-flow\">\n<p class=\"has-text-align-center has-white-color has-text-color has-large-font-size\">Pers\u00f6nliche Beratung gew\u00fcnscht?<\/p>\n\n\n\n<p class=\"has-text-align-center has-white-color has-text-color has-medium-font-size\">Haben Sie Fragen oder w\u00fcnschen ein unverbindliches Beratungsgespr\u00e4ch? <br>Sichern Sie sich am besten gleich Ihren Termin mit einem Mitglied unseres Experten-Teams.<\/p>\n\n\n\n<div style=\"height:25px\" aria-hidden=\"true\" class=\"wp-block-spacer\"><\/div>\n\n\n\n<div class=\"wp-block-buttons is-content-justification-center is-layout-flex wp-container-core-buttons-layout-4 wp-block-buttons-is-layout-flex\">\n<div class=\"wp-block-button\"><a class=\"wp-block-button__link has-text-color has-background wp-element-button\" href=\"https:\/\/www.cortado.com\/de\/beratung\/\" style=\"border-radius:5px;color:#6fa12b;background-color:#ffffff\">Termin buchen<\/a><\/div>\n<\/div>\n<\/div><\/div>\n<\/div><\/div>\n","protected":false},"excerpt":{"rendered":"<p>Smartphones und Tablets in der Pflege sicher und DSGVO-konform einsetzen Von der Tourenplanung, \u00fcber die Pflegedokumentation bis hin zur Abrechnung \u2013 Smartphones und Tablets k\u00f6nnen die Arbeitsabl\u00e4ufe in der Pflege entscheidend vereinfachen. Doch ist besondere Vorsicht geboten, denn Gesundheits- und Patientendaten sind hochsensibel. Mit Cortado MDM behalten Pflegeunternehmen und -einrichtungen jederzeit die Kontrolle \u00fcber Ger\u00e4te [&hellip;]<\/p>\n","protected":false},"author":9,"featured_media":0,"parent":6022,"menu_order":0,"comment_status":"closed","ping_status":"closed","template":"","meta":{"inline_featured_image":false,"advgb_blocks_editor_width":"","advgb_blocks_columns_visual_guide":"","footnotes":""},"acf":[],"yoast_head":"<!-- This site is optimized with the Yoast SEO Premium plugin v21.9 (Yoast SEO v21.9.1) - https:\/\/yoast.com\/wordpress\/plugins\/seo\/ -->\n<title>Digitalisierung in der Pflege: Einfach, sicher, DSGVO-konform<\/title>\n<meta name=\"description\" content=\"Smartphones und Tablets k\u00f6nnen die Arbeitsabl\u00e4ufe in der Pflege entscheidend vereinfachen. So gelingt der sichere, DSGVO-konforme Einsatz der Mobilger\u00e4te.\" \/>\n<meta name=\"robots\" content=\"index, follow, max-snippet:-1, max-image-preview:large, max-video-preview:-1\" \/>\n<link rel=\"canonical\" href=\"https:\/\/www.cortado.com\/de\/lp\/digitalisierung-in-der-pflege\/\" \/>\n<meta property=\"og:locale\" content=\"de_DE\" \/>\n<meta property=\"og:type\" content=\"article\" \/>\n<meta property=\"og:title\" content=\"Smartphones und Tablets in der Pflege\" \/>\n<meta property=\"og:description\" content=\"Smartphones und Tablets k\u00f6nnen die Arbeitsabl\u00e4ufe in der Pflege entscheidend vereinfachen. So gelingt der sichere, DSGVO-konforme Einsatz der Mobilger\u00e4te.\" \/>\n<meta property=\"og:url\" content=\"https:\/\/www.cortado.com\/de\/lp\/digitalisierung-in-der-pflege\/\" \/>\n<meta property=\"og:site_name\" content=\"Cortado\" \/>\n<meta property=\"article:publisher\" content=\"https:\/\/www.facebook.com\/CortadoMobileSolutions\/\" \/>\n<meta property=\"article:modified_time\" content=\"2023-06-16T12:05:39+00:00\" \/>\n<meta property=\"og:image\" content=\"http:\/\/www.cortado.com\/wp-content\/uploads\/photo-pflegekraft-mit-tablet-1024x683.jpg\" \/>\n<meta name=\"twitter:card\" content=\"summary_large_image\" \/>\n<meta name=\"twitter:site\" content=\"@cortado_com\" \/>\n<meta name=\"twitter:label1\" content=\"Gesch\u00e4tzte Lesezeit\" \/>\n\t<meta name=\"twitter:data1\" content=\"3 Minuten\" \/>\n<script type=\"application\/ld+json\" class=\"yoast-schema-graph\">{\"@context\":\"https:\/\/schema.org\",\"@graph\":[{\"@type\":\"WebPage\",\"@id\":\"https:\/\/www.cortado.com\/de\/lp\/digitalisierung-in-der-pflege\/\",\"url\":\"https:\/\/www.cortado.com\/de\/lp\/digitalisierung-in-der-pflege\/\",\"name\":\"Digitalisierung in der Pflege: Einfach, sicher, DSGVO-konform\",\"isPartOf\":{\"@id\":\"https:\/\/www.cortado.com\/de\/#website\"},\"datePublished\":\"2021-02-08T11:22:52+00:00\",\"dateModified\":\"2023-06-16T12:05:39+00:00\",\"description\":\"Smartphones und Tablets k\u00f6nnen die Arbeitsabl\u00e4ufe in der Pflege entscheidend vereinfachen. So gelingt der sichere, DSGVO-konforme Einsatz der Mobilger\u00e4te.\",\"breadcrumb\":{\"@id\":\"https:\/\/www.cortado.com\/de\/lp\/digitalisierung-in-der-pflege\/#breadcrumb\"},\"inLanguage\":\"de-DE\",\"potentialAction\":[{\"@type\":\"ReadAction\",\"target\":[\"https:\/\/www.cortado.com\/de\/lp\/digitalisierung-in-der-pflege\/\"]}]},{\"@type\":\"BreadcrumbList\",\"@id\":\"https:\/\/www.cortado.com\/de\/lp\/digitalisierung-in-der-pflege\/#breadcrumb\",\"itemListElement\":[{\"@type\":\"ListItem\",\"position\":1,\"name\":\"Home\",\"item\":\"https:\/\/www.cortado.com\/de\/\"},{\"@type\":\"ListItem\",\"position\":2,\"name\":\"Landing Pages\",\"item\":\"https:\/\/www.cortado.com\/de\/lp\/\"},{\"@type\":\"ListItem\",\"position\":3,\"name\":\"Smartphones und Tablets in der Pflege\"}]},{\"@type\":\"WebSite\",\"@id\":\"https:\/\/www.cortado.com\/de\/#website\",\"url\":\"https:\/\/www.cortado.com\/de\/\",\"name\":\"Cortado\",\"description\":\"\",\"potentialAction\":[{\"@type\":\"SearchAction\",\"target\":{\"@type\":\"EntryPoint\",\"urlTemplate\":\"https:\/\/www.cortado.com\/de\/?s={search_term_string}\"},\"query-input\":\"required name=search_term_string\"}],\"inLanguage\":\"de-DE\"}]}<\/script>\n<!-- \/ Yoast SEO Premium plugin. -->","yoast_head_json":{"title":"Digitalisierung in der Pflege: Einfach, sicher, DSGVO-konform","description":"Smartphones und Tablets k\u00f6nnen die Arbeitsabl\u00e4ufe in der Pflege entscheidend vereinfachen. So gelingt der sichere, DSGVO-konforme Einsatz der Mobilger\u00e4te.","robots":{"index":"index","follow":"follow","max-snippet":"max-snippet:-1","max-image-preview":"max-image-preview:large","max-video-preview":"max-video-preview:-1"},"canonical":"https:\/\/www.cortado.com\/de\/lp\/digitalisierung-in-der-pflege\/","og_locale":"de_DE","og_type":"article","og_title":"Smartphones und Tablets in der Pflege","og_description":"Smartphones und Tablets k\u00f6nnen die Arbeitsabl\u00e4ufe in der Pflege entscheidend vereinfachen. So gelingt der sichere, DSGVO-konforme Einsatz der Mobilger\u00e4te.","og_url":"https:\/\/www.cortado.com\/de\/lp\/digitalisierung-in-der-pflege\/","og_site_name":"Cortado","article_publisher":"https:\/\/www.facebook.com\/CortadoMobileSolutions\/","article_modified_time":"2023-06-16T12:05:39+00:00","og_image":[{"url":"http:\/\/www.cortado.com\/wp-content\/uploads\/photo-pflegekraft-mit-tablet-1024x683.jpg"}],"twitter_card":"summary_large_image","twitter_site":"@cortado_com","twitter_misc":{"Gesch\u00e4tzte Lesezeit":"3 Minuten"},"schema":{"@context":"https:\/\/schema.org","@graph":[{"@type":"WebPage","@id":"https:\/\/www.cortado.com\/de\/lp\/digitalisierung-in-der-pflege\/","url":"https:\/\/www.cortado.com\/de\/lp\/digitalisierung-in-der-pflege\/","name":"Digitalisierung in der Pflege: Einfach, sicher, DSGVO-konform","isPartOf":{"@id":"https:\/\/www.cortado.com\/de\/#website"},"datePublished":"2021-02-08T11:22:52+00:00","dateModified":"2023-06-16T12:05:39+00:00","description":"Smartphones und Tablets k\u00f6nnen die Arbeitsabl\u00e4ufe in der Pflege entscheidend vereinfachen. So gelingt der sichere, DSGVO-konforme Einsatz der Mobilger\u00e4te.","breadcrumb":{"@id":"https:\/\/www.cortado.com\/de\/lp\/digitalisierung-in-der-pflege\/#breadcrumb"},"inLanguage":"de-DE","potentialAction":[{"@type":"ReadAction","target":["https:\/\/www.cortado.com\/de\/lp\/digitalisierung-in-der-pflege\/"]}]},{"@type":"BreadcrumbList","@id":"https:\/\/www.cortado.com\/de\/lp\/digitalisierung-in-der-pflege\/#breadcrumb","itemListElement":[{"@type":"ListItem","position":1,"name":"Home","item":"https:\/\/www.cortado.com\/de\/"},{"@type":"ListItem","position":2,"name":"Landing Pages","item":"https:\/\/www.cortado.com\/de\/lp\/"},{"@type":"ListItem","position":3,"name":"Smartphones und Tablets in der Pflege"}]},{"@type":"WebSite","@id":"https:\/\/www.cortado.com\/de\/#website","url":"https:\/\/www.cortado.com\/de\/","name":"Cortado","description":"","potentialAction":[{"@type":"SearchAction","target":{"@type":"EntryPoint","urlTemplate":"https:\/\/www.cortado.com\/de\/?s={search_term_string}"},"query-input":"required name=search_term_string"}],"inLanguage":"de-DE"}]}},"coauthors":[],"author_meta":{"author_link":"https:\/\/www.cortado.com\/de\/author\/dani\/","display_name":"Linda Martin"},"relative_dates":{"created":"Posted 5 Jahren ago","modified":"Updated 3 Jahren ago"},"absolute_dates":{"created":"Posted on Februar 8, 2021","modified":"Updated on Juni 16, 2023"},"absolute_dates_time":{"created":"Posted on Februar 8, 2021 11:22 am","modified":"Updated on Juni 16, 2023 12:05 pm"},"featured_img_caption":"","featured_img":false,"series_order":"","_links":{"self":[{"href":"https:\/\/www.cortado.com\/de\/wp-json\/wp\/v2\/pages\/6363"}],"collection":[{"href":"https:\/\/www.cortado.com\/de\/wp-json\/wp\/v2\/pages"}],"about":[{"href":"https:\/\/www.cortado.com\/de\/wp-json\/wp\/v2\/types\/page"}],"author":[{"embeddable":true,"href":"https:\/\/www.cortado.com\/de\/wp-json\/wp\/v2\/users\/9"}],"replies":[{"embeddable":true,"href":"https:\/\/www.cortado.com\/de\/wp-json\/wp\/v2\/comments?post=6363"}],"version-history":[{"count":0,"href":"https:\/\/www.cortado.com\/de\/wp-json\/wp\/v2\/pages\/6363\/revisions"}],"up":[{"embeddable":true,"href":"https:\/\/www.cortado.com\/de\/wp-json\/wp\/v2\/pages\/6022"}],"wp:attachment":[{"href":"https:\/\/www.cortado.com\/de\/wp-json\/wp\/v2\/media?parent=6363"}],"curies":[{"name":"wp","href":"https:\/\/api.w.org\/{rel}","templated":true}]}}