{"id":6399,"date":"2021-02-12T07:23:04","date_gmt":"2021-02-12T07:23:04","guid":{"rendered":"http:\/\/cortado-website.local\/?page_id=6399"},"modified":"2024-09-16T09:05:19","modified_gmt":"2024-09-16T09:05:19","slug":"partnerprogramme","status":"publish","type":"page","link":"https:\/\/www.cortado.com\/de\/partnerprogramme\/","title":{"rendered":"Partnerprogramme"},"content":{"rendered":"\n<h1 class=\"wp-block-heading has-text-align-center\" id=\"h-partnerprogramme\">Partnerprogramme<\/h1>\n\n\n\n<div class=\"wp-block-group\"><div class=\"wp-block-group__inner-container is-layout-constrained wp-block-group-is-layout-constrained\">\n<div style=\"height:24px\" aria-hidden=\"true\" class=\"wp-block-spacer\"><\/div>\n<\/div><\/div>\n\n\n\n<div style=\"height:50px\" aria-hidden=\"true\" class=\"wp-block-spacer\"><\/div>\n\n\n\n<div class=\"wp-block-group alignwide\"><div class=\"wp-block-group__inner-container is-layout-flow wp-block-group-is-layout-flow\">\n<div class=\"wp-block-media-text alignwide is-stacked-on-mobile\"><figure class=\"wp-block-media-text__media\"><img loading=\"lazy\" decoding=\"async\" width=\"750\" height=\"750\" src=\"https:\/\/www.cortado.com\/wp-content\/uploads\/reseller-programm-fi.png\" alt=\"Cortado MDM Reseller Programm\" class=\"wp-image-8053 size-full\" srcset=\"https:\/\/www.cortado.com\/wp-content\/uploads\/reseller-programm-fi.png 750w, https:\/\/www.cortado.com\/wp-content\/uploads\/reseller-programm-fi-300x300.png 300w, https:\/\/www.cortado.com\/wp-content\/uploads\/reseller-programm-fi-150x150.png 150w\" sizes=\"auto, (max-width: 750px) 100vw, 750px\" \/><\/figure><div class=\"wp-block-media-text__content\">\n<h4 class=\"wp-block-heading anchor-title\" id=\"h-sales-partner-program\">Sales Partner Program<\/h4>\n\n\n\n<h2 class=\"wp-block-heading\" id=\"h-komplettieren-sie-ihr-portfolio-und-steigern-sie-ihre-umsatze-mit-cortado-mdm\">Komplettieren Sie Ihr Portfolio und steigern Sie Ihre Ums\u00e4tze mit Cortado MDM<\/h2>\n\n\n\n<p>Unser Vertriebspartner-Programm richtet sich an Managed-Service-Anbieter, Systemintegratoren und andere Reseller, die Ihr Portfolio um eine einfache, sichere und DSGVO-konforme Mobile-Device-Management-L\u00f6sung aus Deutschland erweitern und neues Umsatzpotential erschlie\u00dfen m\u00f6chten.<\/p>\n\n\n\n<p>F\u00fcr alle, die das Maximum aus der Partnerschaft herausholen wollen, bieten wir mit dem&nbsp;Reseller Plus Paket&nbsp;das ideale Package. Profitieren Sie von individuellem Support f\u00fcr Ihre Kundenprojekte und einem attraktiven Discount auf Ihre Lizenzen.<\/p>\n\n\n\n<div class=\"wp-block-buttons is-layout-flex wp-block-buttons-is-layout-flex\">\n<div class=\"wp-block-button is-style-outline is-style-outline--1\"><a class=\"wp-block-button__link has-text-color wp-element-button\" href=\"https:\/\/www.cortado.com\/de\/partnerprogramme\/reseller-programm\/\" style=\"border-radius:5px;color:#4c5367\">Mehr erfahren<\/a><\/div>\n<\/div>\n<\/div><\/div>\n<\/div><\/div>\n\n\n\n<div style=\"height:50px\" aria-hidden=\"true\" class=\"wp-block-spacer\"><\/div>\n\n\n\n<div class=\"wp-block-group alignwide\"><div class=\"wp-block-group__inner-container is-layout-flow wp-block-group-is-layout-flow\">\n<div class=\"wp-block-media-text alignwide has-media-on-the-right is-stacked-on-mobile\"><div class=\"wp-block-media-text__content\">\n<div style=\"height:100px\" aria-hidden=\"true\" class=\"wp-block-spacer\"><\/div>\n\n\n\n<h4 class=\"wp-block-heading anchor-title\" id=\"h-empfehlungsprogramm\">Empfehlungsprogramm<\/h4>\n\n\n\n<h2 class=\"wp-block-heading\" id=\"h-empfehlen-und-verdienen\">Empfehlen und verdienen!<\/h2>\n\n\n\n<p>Empfehlen Sie unsere L\u00f6sung an Gesch\u00e4ftspartner, Kunden und Interessenten und erhalten Sie 75 Euro f\u00fcr jede erfolgreiche Vermittlung! Der von Ihnen geworbene Nutzer erh\u00e4lt ebenfalls 10% Rabatt auf seine erste Rechnung.<\/p>\n\n\n\n<div class=\"wp-block-buttons is-layout-flex wp-block-buttons-is-layout-flex\">\n<div class=\"wp-block-button is-style-outline is-style-outline--2\"><a class=\"wp-block-button__link has-text-color wp-element-button\" href=\"https:\/\/www.cortado.com\/de\/partnerprogramme\/empfehlungsprogramm\/\" style=\"border-radius:5px;color:#4c5367\">Mehr erfahren<\/a><\/div>\n<\/div>\n\n\n\n<div style=\"height:100px\" aria-hidden=\"true\" class=\"wp-block-spacer\"><\/div>\n<\/div><figure class=\"wp-block-media-text__media\"><img loading=\"lazy\" decoding=\"async\" width=\"750\" height=\"750\" src=\"https:\/\/www.cortado.com\/wp-content\/uploads\/empfehlungsprogramm-fi.png\" alt=\"Cortado Empfehlugsprogramm\" class=\"wp-image-8059 size-full\" srcset=\"https:\/\/www.cortado.com\/wp-content\/uploads\/empfehlungsprogramm-fi.png 750w, https:\/\/www.cortado.com\/wp-content\/uploads\/empfehlungsprogramm-fi-300x300.png 300w, https:\/\/www.cortado.com\/wp-content\/uploads\/empfehlungsprogramm-fi-150x150.png 150w\" sizes=\"auto, (max-width: 750px) 100vw, 750px\" \/><\/figure><\/div>\n<\/div><\/div>\n\n\n\n<div style=\"height:50px\" aria-hidden=\"true\" class=\"wp-block-spacer\"><\/div>\n\n\n\n<div class=\"wp-block-group\"><div class=\"wp-block-group__inner-container is-layout-flow wp-block-group-is-layout-flow\">\n<div class=\"wp-block-cover is-light\"><span aria-hidden=\"true\" class=\"wp-block-cover__background has-background-dim-100 has-background-dim\" style=\"background-color:#6fa12b\"><\/span><div class=\"wp-block-cover__inner-container is-layout-flow wp-block-cover-is-layout-flow\">\n<p class=\"has-text-align-center has-white-color has-text-color has-huge-font-size\">Haben Sie Fragen?<\/p>\n\n\n\n<p class=\"has-text-align-center emphasized has-white-color has-text-color has-normal-font-size\">Wir freuen uns \u00fcber Ihre Nachricht.<\/p>\n\n\n\n<div style=\"height:25px\" aria-hidden=\"true\" class=\"wp-block-spacer\"><\/div>\n\n\n\n<div class=\"wp-block-buttons is-content-justification-center is-layout-flex wp-container-core-buttons-is-layout-16018d1d wp-block-buttons-is-layout-flex\">\n<div class=\"wp-block-button\"><a class=\"wp-block-button__link has-text-color has-background wp-element-button\" href=\"\/de\/kontakt\/\" style=\"border-radius:5px;color:#6fa12b;background-color:#ffffff\">KONTAKTIEREN SIE UNS<\/a><\/div>\n<\/div>\n<\/div><\/div>\n<\/div><\/div>\n","protected":false},"excerpt":{"rendered":"<p>Partnerprogramme Sales Partner Program Komplettieren Sie Ihr Portfolio und steigern Sie Ihre Ums\u00e4tze mit Cortado MDM Unser Vertriebspartner-Programm richtet sich an Managed-Service-Anbieter, Systemintegratoren und andere Reseller, die Ihr Portfolio um eine einfache, sichere und DSGVO-konforme Mobile-Device-Management-L\u00f6sung aus Deutschland erweitern und neues Umsatzpotential erschlie\u00dfen m\u00f6chten. F\u00fcr alle, die das Maximum aus der Partnerschaft herausholen wollen, bieten [&hellip;]<\/p>\n","protected":false},"author":9,"featured_media":12018,"parent":0,"menu_order":0,"comment_status":"closed","ping_status":"closed","template":"","meta":{"_acf_changed":false,"inline_featured_image":false,"advgb_blocks_editor_width":"","advgb_blocks_columns_visual_guide":"","footnotes":""},"class_list":["post-6399","page","type-page","status-publish","has-post-thumbnail","hentry"],"acf":[],"yoast_head":"<!-- This site is optimized with the Yoast SEO Premium plugin v21.9 (Yoast SEO v27.3) - https:\/\/yoast.com\/product\/yoast-seo-premium-wordpress\/ -->\n<title>Partnerprogramme | Werden Sie Partner von Cortado<\/title>\n<meta name=\"description\" content=\"Treten Sie dem Cortado-Netzwerk bei und profitieren Sie von exklusiven Provisionen, Ressourcen und Support. Entdecken Sie unsere Partnerprogramme!\" \/>\n<meta name=\"robots\" content=\"index, follow, max-snippet:-1, max-image-preview:large, max-video-preview:-1\" \/>\n<link rel=\"canonical\" href=\"https:\/\/www.cortado.com\/de\/partnerprogramme\/\" \/>\n<meta property=\"og:locale\" content=\"de_DE\" \/>\n<meta property=\"og:type\" content=\"article\" \/>\n<meta property=\"og:title\" content=\"Partnerprogramme\" \/>\n<meta property=\"og:description\" content=\"Treten Sie dem Cortado-Netzwerk bei und profitieren Sie von exklusiven Provisionen, Ressourcen und Support. Entdecken Sie unsere Partnerprogramme!\" \/>\n<meta property=\"og:url\" content=\"https:\/\/www.cortado.com\/de\/partnerprogramme\/\" \/>\n<meta property=\"og:site_name\" content=\"Cortado\" \/>\n<meta property=\"article:publisher\" content=\"https:\/\/www.facebook.com\/CortadoMobileSolutions\/\" \/>\n<meta property=\"article:modified_time\" content=\"2024-09-16T09:05:19+00:00\" \/>\n<meta property=\"og:image\" content=\"https:\/\/www.cortado.com\/wp-content\/uploads\/cortado_mobile_solutions_fi.png\" \/>\n\t<meta property=\"og:image:width\" content=\"960\" \/>\n\t<meta property=\"og:image:height\" content=\"540\" \/>\n\t<meta property=\"og:image:type\" content=\"image\/png\" \/>\n<meta name=\"twitter:card\" content=\"summary_large_image\" \/>\n<meta name=\"twitter:site\" content=\"@cortado_com\" \/>\n<meta name=\"twitter:label1\" content=\"Gesch\u00e4tzte Lesezeit\" \/>\n\t<meta name=\"twitter:data1\" content=\"2 Minuten\" \/>\n<script type=\"application\/ld+json\" class=\"yoast-schema-graph\">{\"@context\":\"https:\\\/\\\/schema.org\",\"@graph\":[{\"@type\":\"WebPage\",\"@id\":\"https:\\\/\\\/www.cortado.com\\\/de\\\/partnerprogramme\\\/\",\"url\":\"https:\\\/\\\/www.cortado.com\\\/de\\\/partnerprogramme\\\/\",\"name\":\"Partnerprogramme | Werden Sie Partner von Cortado\",\"isPartOf\":{\"@id\":\"https:\\\/\\\/www.cortado.com\\\/de\\\/#website\"},\"primaryImageOfPage\":{\"@id\":\"https:\\\/\\\/www.cortado.com\\\/de\\\/partnerprogramme\\\/#primaryimage\"},\"image\":{\"@id\":\"https:\\\/\\\/www.cortado.com\\\/de\\\/partnerprogramme\\\/#primaryimage\"},\"thumbnailUrl\":\"https:\\\/\\\/www.cortado.com\\\/wp-content\\\/uploads\\\/cortado_mobile_solutions_fi.png\",\"datePublished\":\"2021-02-12T07:23:04+00:00\",\"dateModified\":\"2024-09-16T09:05:19+00:00\",\"description\":\"Treten Sie dem Cortado-Netzwerk bei und profitieren Sie von exklusiven Provisionen, Ressourcen und Support. Entdecken Sie unsere Partnerprogramme!\",\"breadcrumb\":{\"@id\":\"https:\\\/\\\/www.cortado.com\\\/de\\\/partnerprogramme\\\/#breadcrumb\"},\"inLanguage\":\"de-DE\",\"potentialAction\":[{\"@type\":\"ReadAction\",\"target\":[\"https:\\\/\\\/www.cortado.com\\\/de\\\/partnerprogramme\\\/\"]}]},{\"@type\":\"ImageObject\",\"inLanguage\":\"de-DE\",\"@id\":\"https:\\\/\\\/www.cortado.com\\\/de\\\/partnerprogramme\\\/#primaryimage\",\"url\":\"https:\\\/\\\/www.cortado.com\\\/wp-content\\\/uploads\\\/cortado_mobile_solutions_fi.png\",\"contentUrl\":\"https:\\\/\\\/www.cortado.com\\\/wp-content\\\/uploads\\\/cortado_mobile_solutions_fi.png\",\"width\":960,\"height\":540,\"caption\":\"Cortado Mobile Solutions\"},{\"@type\":\"BreadcrumbList\",\"@id\":\"https:\\\/\\\/www.cortado.com\\\/de\\\/partnerprogramme\\\/#breadcrumb\",\"itemListElement\":[{\"@type\":\"ListItem\",\"position\":1,\"name\":\"Home\",\"item\":\"https:\\\/\\\/www.cortado.com\\\/de\\\/\"},{\"@type\":\"ListItem\",\"position\":2,\"name\":\"Partnerprogramme\"}]},{\"@type\":\"WebSite\",\"@id\":\"https:\\\/\\\/www.cortado.com\\\/de\\\/#website\",\"url\":\"https:\\\/\\\/www.cortado.com\\\/de\\\/\",\"name\":\"Cortado\",\"description\":\"\",\"potentialAction\":[{\"@type\":\"SearchAction\",\"target\":{\"@type\":\"EntryPoint\",\"urlTemplate\":\"https:\\\/\\\/www.cortado.com\\\/de\\\/?s={search_term_string}\"},\"query-input\":{\"@type\":\"PropertyValueSpecification\",\"valueRequired\":true,\"valueName\":\"search_term_string\"}}],\"inLanguage\":\"de-DE\"}]}<\/script>\n<!-- \/ Yoast SEO Premium plugin. -->","yoast_head_json":{"title":"Partnerprogramme | Werden Sie Partner von Cortado","description":"Treten Sie dem Cortado-Netzwerk bei und profitieren Sie von exklusiven Provisionen, Ressourcen und Support. Entdecken Sie unsere Partnerprogramme!","robots":{"index":"index","follow":"follow","max-snippet":"max-snippet:-1","max-image-preview":"max-image-preview:large","max-video-preview":"max-video-preview:-1"},"canonical":"https:\/\/www.cortado.com\/de\/partnerprogramme\/","og_locale":"de_DE","og_type":"article","og_title":"Partnerprogramme","og_description":"Treten Sie dem Cortado-Netzwerk bei und profitieren Sie von exklusiven Provisionen, Ressourcen und Support. Entdecken Sie unsere Partnerprogramme!","og_url":"https:\/\/www.cortado.com\/de\/partnerprogramme\/","og_site_name":"Cortado","article_publisher":"https:\/\/www.facebook.com\/CortadoMobileSolutions\/","article_modified_time":"2024-09-16T09:05:19+00:00","og_image":[{"width":960,"height":540,"url":"https:\/\/www.cortado.com\/wp-content\/uploads\/cortado_mobile_solutions_fi.png","type":"image\/png"}],"twitter_card":"summary_large_image","twitter_site":"@cortado_com","twitter_misc":{"Gesch\u00e4tzte Lesezeit":"2 Minuten"},"schema":{"@context":"https:\/\/schema.org","@graph":[{"@type":"WebPage","@id":"https:\/\/www.cortado.com\/de\/partnerprogramme\/","url":"https:\/\/www.cortado.com\/de\/partnerprogramme\/","name":"Partnerprogramme | Werden Sie Partner von Cortado","isPartOf":{"@id":"https:\/\/www.cortado.com\/de\/#website"},"primaryImageOfPage":{"@id":"https:\/\/www.cortado.com\/de\/partnerprogramme\/#primaryimage"},"image":{"@id":"https:\/\/www.cortado.com\/de\/partnerprogramme\/#primaryimage"},"thumbnailUrl":"https:\/\/www.cortado.com\/wp-content\/uploads\/cortado_mobile_solutions_fi.png","datePublished":"2021-02-12T07:23:04+00:00","dateModified":"2024-09-16T09:05:19+00:00","description":"Treten Sie dem Cortado-Netzwerk bei und profitieren Sie von exklusiven Provisionen, Ressourcen und Support. Entdecken Sie unsere Partnerprogramme!","breadcrumb":{"@id":"https:\/\/www.cortado.com\/de\/partnerprogramme\/#breadcrumb"},"inLanguage":"de-DE","potentialAction":[{"@type":"ReadAction","target":["https:\/\/www.cortado.com\/de\/partnerprogramme\/"]}]},{"@type":"ImageObject","inLanguage":"de-DE","@id":"https:\/\/www.cortado.com\/de\/partnerprogramme\/#primaryimage","url":"https:\/\/www.cortado.com\/wp-content\/uploads\/cortado_mobile_solutions_fi.png","contentUrl":"https:\/\/www.cortado.com\/wp-content\/uploads\/cortado_mobile_solutions_fi.png","width":960,"height":540,"caption":"Cortado Mobile Solutions"},{"@type":"BreadcrumbList","@id":"https:\/\/www.cortado.com\/de\/partnerprogramme\/#breadcrumb","itemListElement":[{"@type":"ListItem","position":1,"name":"Home","item":"https:\/\/www.cortado.com\/de\/"},{"@type":"ListItem","position":2,"name":"Partnerprogramme"}]},{"@type":"WebSite","@id":"https:\/\/www.cortado.com\/de\/#website","url":"https:\/\/www.cortado.com\/de\/","name":"Cortado","description":"","potentialAction":[{"@type":"SearchAction","target":{"@type":"EntryPoint","urlTemplate":"https:\/\/www.cortado.com\/de\/?s={search_term_string}"},"query-input":{"@type":"PropertyValueSpecification","valueRequired":true,"valueName":"search_term_string"}}],"inLanguage":"de-DE"}]}},"coauthors":[],"author_meta":{"author_link":"https:\/\/www.cortado.com\/de\/author\/dani\/","display_name":"Linda Martin"},"relative_dates":{"created":"Ver\u00f6ffentlicht 5 Jahren vor","modified":"Aktualisiert 2 Jahren vor"},"absolute_dates":{"created":"Ver\u00f6ffentlicht am Februar 12, 2021","modified":"Aktualisiert am September 16, 2024"},"absolute_dates_time":{"created":"Ver\u00f6ffentlicht am Februar 12, 2021 7:23 am","modified":"Aktualisiert am September 16, 2024 9:05 am"},"featured_img_caption":"","featured_img":"https:\/\/www.cortado.com\/wp-content\/uploads\/cortado_mobile_solutions_fi.png","series_order":"","_links":{"self":[{"href":"https:\/\/www.cortado.com\/de\/wp-json\/wp\/v2\/pages\/6399","targetHints":{"allow":["GET"]}}],"collection":[{"href":"https:\/\/www.cortado.com\/de\/wp-json\/wp\/v2\/pages"}],"about":[{"href":"https:\/\/www.cortado.com\/de\/wp-json\/wp\/v2\/types\/page"}],"author":[{"embeddable":true,"href":"https:\/\/www.cortado.com\/de\/wp-json\/wp\/v2\/users\/9"}],"replies":[{"embeddable":true,"href":"https:\/\/www.cortado.com\/de\/wp-json\/wp\/v2\/comments?post=6399"}],"version-history":[{"count":0,"href":"https:\/\/www.cortado.com\/de\/wp-json\/wp\/v2\/pages\/6399\/revisions"}],"wp:featuredmedia":[{"embeddable":true,"href":"https:\/\/www.cortado.com\/de\/wp-json\/wp\/v2\/media\/12018"}],"wp:attachment":[{"href":"https:\/\/www.cortado.com\/de\/wp-json\/wp\/v2\/media?parent=6399"}],"curies":[{"name":"wp","href":"https:\/\/api.w.org\/{rel}","templated":true}]}}