{"id":7523,"date":"2022-07-15T11:36:24","date_gmt":"2022-07-15T11:36:24","guid":{"rendered":"https:\/\/cortado-website.local\/?page_id=7523"},"modified":"2022-12-20T12:47:55","modified_gmt":"2022-12-20T12:47:55","slug":"karriere","status":"publish","type":"page","link":"https:\/\/www.cortado.com\/de\/karriere\/","title":{"rendered":"Karriere"},"content":{"rendered":"\n<div class=\"wp-block-columns is-layout-flex wp-container-core-columns-is-layout-ad2f72ca wp-block-columns-is-layout-flex\">\n<div class=\"wp-block-column is-layout-flow wp-block-column-is-layout-flow\">\n<div class=\"wp-block-cover advgb-dyn-ed675b88\" style=\"min-height:500px;aspect-ratio:unset;\"><span aria-hidden=\"true\" class=\"wp-block-cover__background has-background-dim-80 has-background-dim\" style=\"background-color:#414758\"><\/span><img loading=\"lazy\" decoding=\"async\" width=\"150\" height=\"150\" class=\"wp-block-cover__image-background wp-image-7478\" alt=\"\" src=\"https:\/\/www.cortado.com\/wp-content\/uploads\/Icon-Team-Event.jpg\" style=\"object-position:26% 45%\" data-object-fit=\"cover\" data-object-position=\"26% 45%\"\/><div class=\"wp-block-cover__inner-container is-layout-flow wp-block-cover-is-layout-flow\">\n<p class=\"has-text-align-center has-white-color has-text-color has-large-font-size\">Arbeiten bei Cortado<\/p>\n\n\n\n<p class=\"has-text-align-center has-white-color has-text-color\">Hauptsitz in Berlin, Pr\u00e4senz rund um den Globus und ein idealer Mix aus Homeoffice und B\u00fcro \u2013 das ist Cortado. Als Teil der Cortado Holding Unternehmensgruppe sind wir stetig auf der Suche nach neuen Mitarbeiter.innen.<\/p>\n\n\n\n<div class=\"wp-block-buttons is-content-justification-center is-layout-flex wp-container-core-buttons-is-layout-16018d1d wp-block-buttons-is-layout-flex\">\n<div class=\"wp-block-button is-style-outline is-style-outline--1 advgb-dyn-5c3bb715\"><a class=\"wp-block-button__link has-white-color has-text-color wp-element-button\" href=\"https:\/\/www.cortado.com\/de\/karriere\/stellenangebote\/\">Offene Stellen<\/a><\/div>\n<\/div>\n<\/div><\/div>\n<\/div>\n\n\n\n<div class=\"wp-block-column is-layout-flow wp-block-column-is-layout-flow\">\n<div class=\"wp-block-cover advgb-dyn-2fcd7131\" style=\"min-height:500px;aspect-ratio:unset;\"><span aria-hidden=\"true\" class=\"wp-block-cover__background has-background-dim-80 has-background-dim\" style=\"background-color:#414758\"><\/span><img loading=\"lazy\" decoding=\"async\" width=\"1000\" height=\"667\" class=\"wp-block-cover__image-background wp-image-7519\" alt=\"Werkstudent.in Jobs\" src=\"https:\/\/www.cortado.com\/wp-content\/uploads\/werkstudent-in-karriere.jpg\" style=\"object-position:66% 56%\" data-object-fit=\"cover\" data-object-position=\"66% 56%\" srcset=\"https:\/\/www.cortado.com\/wp-content\/uploads\/werkstudent-in-karriere.jpg 1000w, https:\/\/www.cortado.com\/wp-content\/uploads\/werkstudent-in-karriere-300x200.jpg 300w, https:\/\/www.cortado.com\/wp-content\/uploads\/werkstudent-in-karriere-768x512.jpg 768w\" sizes=\"auto, (max-width: 1000px) 100vw, 1000px\" \/><div class=\"wp-block-cover__inner-container is-layout-flow wp-block-cover-is-layout-flow\">\n<p class=\"has-text-align-center has-white-color has-text-color has-large-font-size\">Werkstudent.innen<\/p>\n\n\n\n<p class=\"has-text-align-center has-white-color has-text-color\">Spannende Aufgaben, eigene Projekte und die M\u00f6glichkeit, von zu Hause aus zu arbeiten:  bei Cortado erwarten dich die perfekten Bedingungen, um Studium und Job miteinander zu vereinbaren und Deine Karriere zu starten. <\/p>\n\n\n\n<div class=\"wp-block-buttons is-content-justification-center is-layout-flex wp-container-core-buttons-is-layout-16018d1d wp-block-buttons-is-layout-flex\">\n<div class=\"wp-block-button is-style-outline is-style-outline--2 advgb-dyn-983932af\"><a class=\"wp-block-button__link has-white-color has-text-color wp-element-button\" href=\"\/de\/karriere\/werkstudent-innen\">Mehr erfahren<\/a><\/div>\n<\/div>\n<\/div><\/div>\n<\/div>\n<\/div>\n\n\n\n<p><\/p>\n","protected":false},"excerpt":{"rendered":"","protected":false},"author":9,"featured_media":7478,"parent":0,"menu_order":0,"comment_status":"closed","ping_status":"closed","template":"","meta":{"_acf_changed":false,"inline_featured_image":false,"advgb_blocks_editor_width":"","advgb_blocks_columns_visual_guide":"","footnotes":""},"class_list":["post-7523","page","type-page","status-publish","has-post-thumbnail","hentry"],"acf":[],"yoast_head":"<!-- This site is optimized with the Yoast SEO Premium plugin v21.9 (Yoast SEO v27.3) - https:\/\/yoast.com\/product\/yoast-seo-premium-wordpress\/ -->\n<title>Karriere bei Cortado: Join the Team!<\/title>\n<meta name=\"description\" content=\"Hauptsitz in Berlin, Pr\u00e4senz rund um den Globus und ein perfekter Mix aus Homeoffice und B\u00fcro \u2013 das ist Cortado. Komme ins Team!\" \/>\n<meta name=\"robots\" content=\"index, follow, max-snippet:-1, max-image-preview:large, max-video-preview:-1\" \/>\n<link rel=\"canonical\" href=\"https:\/\/www.cortado.com\/de\/karriere\/\" \/>\n<meta property=\"og:locale\" content=\"de_DE\" \/>\n<meta property=\"og:type\" content=\"article\" \/>\n<meta property=\"og:title\" content=\"Karriere\" \/>\n<meta property=\"og:description\" content=\"Hauptsitz in Berlin, Pr\u00e4senz rund um den Globus und ein perfekter Mix aus Homeoffice und B\u00fcro \u2013 das ist Cortado. Komme ins Team!\" \/>\n<meta property=\"og:url\" content=\"https:\/\/www.cortado.com\/de\/karriere\/\" \/>\n<meta property=\"og:site_name\" content=\"Cortado\" \/>\n<meta property=\"article:publisher\" content=\"https:\/\/www.facebook.com\/CortadoMobileSolutions\/\" \/>\n<meta property=\"article:modified_time\" content=\"2022-12-20T12:47:55+00:00\" \/>\n<meta property=\"og:image\" content=\"https:\/\/www.cortado.com\/wp-content\/uploads\/Icon-Team-Event.jpg\" \/>\n\t<meta property=\"og:image:width\" content=\"150\" \/>\n\t<meta property=\"og:image:height\" content=\"150\" \/>\n\t<meta property=\"og:image:type\" content=\"image\/jpeg\" \/>\n<meta name=\"twitter:card\" content=\"summary_large_image\" \/>\n<meta name=\"twitter:site\" content=\"@cortado_com\" \/>\n<meta name=\"twitter:label1\" content=\"Gesch\u00e4tzte Lesezeit\" \/>\n\t<meta name=\"twitter:data1\" content=\"1 Minute\" \/>\n<script type=\"application\/ld+json\" class=\"yoast-schema-graph\">{\"@context\":\"https:\\\/\\\/schema.org\",\"@graph\":[{\"@type\":\"WebPage\",\"@id\":\"https:\\\/\\\/www.cortado.com\\\/de\\\/karriere\\\/\",\"url\":\"https:\\\/\\\/www.cortado.com\\\/de\\\/karriere\\\/\",\"name\":\"Karriere bei Cortado: Join the Team!\",\"isPartOf\":{\"@id\":\"https:\\\/\\\/www.cortado.com\\\/de\\\/#website\"},\"primaryImageOfPage\":{\"@id\":\"https:\\\/\\\/www.cortado.com\\\/de\\\/karriere\\\/#primaryimage\"},\"image\":{\"@id\":\"https:\\\/\\\/www.cortado.com\\\/de\\\/karriere\\\/#primaryimage\"},\"thumbnailUrl\":\"https:\\\/\\\/www.cortado.com\\\/wp-content\\\/uploads\\\/Icon-Team-Event.jpg\",\"datePublished\":\"2022-07-15T11:36:24+00:00\",\"dateModified\":\"2022-12-20T12:47:55+00:00\",\"description\":\"Hauptsitz in Berlin, Pr\u00e4senz rund um den Globus und ein perfekter Mix aus Homeoffice und B\u00fcro \u2013 das ist Cortado. Komme ins Team!\",\"breadcrumb\":{\"@id\":\"https:\\\/\\\/www.cortado.com\\\/de\\\/karriere\\\/#breadcrumb\"},\"inLanguage\":\"de-DE\",\"potentialAction\":[{\"@type\":\"ReadAction\",\"target\":[\"https:\\\/\\\/www.cortado.com\\\/de\\\/karriere\\\/\"]}]},{\"@type\":\"ImageObject\",\"inLanguage\":\"de-DE\",\"@id\":\"https:\\\/\\\/www.cortado.com\\\/de\\\/karriere\\\/#primaryimage\",\"url\":\"https:\\\/\\\/www.cortado.com\\\/wp-content\\\/uploads\\\/Icon-Team-Event.jpg\",\"contentUrl\":\"https:\\\/\\\/www.cortado.com\\\/wp-content\\\/uploads\\\/Icon-Team-Event.jpg\",\"width\":150,\"height\":150,\"caption\":\"Karriere Cortado\"},{\"@type\":\"BreadcrumbList\",\"@id\":\"https:\\\/\\\/www.cortado.com\\\/de\\\/karriere\\\/#breadcrumb\",\"itemListElement\":[{\"@type\":\"ListItem\",\"position\":1,\"name\":\"Home\",\"item\":\"https:\\\/\\\/www.cortado.com\\\/de\\\/\"},{\"@type\":\"ListItem\",\"position\":2,\"name\":\"Karriere\"}]},{\"@type\":\"WebSite\",\"@id\":\"https:\\\/\\\/www.cortado.com\\\/de\\\/#website\",\"url\":\"https:\\\/\\\/www.cortado.com\\\/de\\\/\",\"name\":\"Cortado\",\"description\":\"\",\"potentialAction\":[{\"@type\":\"SearchAction\",\"target\":{\"@type\":\"EntryPoint\",\"urlTemplate\":\"https:\\\/\\\/www.cortado.com\\\/de\\\/?s={search_term_string}\"},\"query-input\":{\"@type\":\"PropertyValueSpecification\",\"valueRequired\":true,\"valueName\":\"search_term_string\"}}],\"inLanguage\":\"de-DE\"}]}<\/script>\n<!-- \/ Yoast SEO Premium plugin. -->","yoast_head_json":{"title":"Karriere bei Cortado: Join the Team!","description":"Hauptsitz in Berlin, Pr\u00e4senz rund um den Globus und ein perfekter Mix aus Homeoffice und B\u00fcro \u2013 das ist Cortado. Komme ins Team!","robots":{"index":"index","follow":"follow","max-snippet":"max-snippet:-1","max-image-preview":"max-image-preview:large","max-video-preview":"max-video-preview:-1"},"canonical":"https:\/\/www.cortado.com\/de\/karriere\/","og_locale":"de_DE","og_type":"article","og_title":"Karriere","og_description":"Hauptsitz in Berlin, Pr\u00e4senz rund um den Globus und ein perfekter Mix aus Homeoffice und B\u00fcro \u2013 das ist Cortado. Komme ins Team!","og_url":"https:\/\/www.cortado.com\/de\/karriere\/","og_site_name":"Cortado","article_publisher":"https:\/\/www.facebook.com\/CortadoMobileSolutions\/","article_modified_time":"2022-12-20T12:47:55+00:00","og_image":[{"width":150,"height":150,"url":"https:\/\/www.cortado.com\/wp-content\/uploads\/Icon-Team-Event.jpg","type":"image\/jpeg"}],"twitter_card":"summary_large_image","twitter_site":"@cortado_com","twitter_misc":{"Gesch\u00e4tzte Lesezeit":"1 Minute"},"schema":{"@context":"https:\/\/schema.org","@graph":[{"@type":"WebPage","@id":"https:\/\/www.cortado.com\/de\/karriere\/","url":"https:\/\/www.cortado.com\/de\/karriere\/","name":"Karriere bei Cortado: Join the Team!","isPartOf":{"@id":"https:\/\/www.cortado.com\/de\/#website"},"primaryImageOfPage":{"@id":"https:\/\/www.cortado.com\/de\/karriere\/#primaryimage"},"image":{"@id":"https:\/\/www.cortado.com\/de\/karriere\/#primaryimage"},"thumbnailUrl":"https:\/\/www.cortado.com\/wp-content\/uploads\/Icon-Team-Event.jpg","datePublished":"2022-07-15T11:36:24+00:00","dateModified":"2022-12-20T12:47:55+00:00","description":"Hauptsitz in Berlin, Pr\u00e4senz rund um den Globus und ein perfekter Mix aus Homeoffice und B\u00fcro \u2013 das ist Cortado. Komme ins Team!","breadcrumb":{"@id":"https:\/\/www.cortado.com\/de\/karriere\/#breadcrumb"},"inLanguage":"de-DE","potentialAction":[{"@type":"ReadAction","target":["https:\/\/www.cortado.com\/de\/karriere\/"]}]},{"@type":"ImageObject","inLanguage":"de-DE","@id":"https:\/\/www.cortado.com\/de\/karriere\/#primaryimage","url":"https:\/\/www.cortado.com\/wp-content\/uploads\/Icon-Team-Event.jpg","contentUrl":"https:\/\/www.cortado.com\/wp-content\/uploads\/Icon-Team-Event.jpg","width":150,"height":150,"caption":"Karriere Cortado"},{"@type":"BreadcrumbList","@id":"https:\/\/www.cortado.com\/de\/karriere\/#breadcrumb","itemListElement":[{"@type":"ListItem","position":1,"name":"Home","item":"https:\/\/www.cortado.com\/de\/"},{"@type":"ListItem","position":2,"name":"Karriere"}]},{"@type":"WebSite","@id":"https:\/\/www.cortado.com\/de\/#website","url":"https:\/\/www.cortado.com\/de\/","name":"Cortado","description":"","potentialAction":[{"@type":"SearchAction","target":{"@type":"EntryPoint","urlTemplate":"https:\/\/www.cortado.com\/de\/?s={search_term_string}"},"query-input":{"@type":"PropertyValueSpecification","valueRequired":true,"valueName":"search_term_string"}}],"inLanguage":"de-DE"}]}},"coauthors":[],"author_meta":{"author_link":"https:\/\/www.cortado.com\/de\/author\/dani\/","display_name":"Linda Martin"},"relative_dates":{"created":"Ver\u00f6ffentlicht 4 Jahren vor","modified":"Aktualisiert 3 Jahren vor"},"absolute_dates":{"created":"Ver\u00f6ffentlicht am Juli 15, 2022","modified":"Aktualisiert am Dezember 20, 2022"},"absolute_dates_time":{"created":"Ver\u00f6ffentlicht am Juli 15, 2022 11:36 am","modified":"Aktualisiert am Dezember 20, 2022 12:47 pm"},"featured_img_caption":"","featured_img":"https:\/\/www.cortado.com\/wp-content\/uploads\/Icon-Team-Event.jpg","series_order":"","_links":{"self":[{"href":"https:\/\/www.cortado.com\/de\/wp-json\/wp\/v2\/pages\/7523","targetHints":{"allow":["GET"]}}],"collection":[{"href":"https:\/\/www.cortado.com\/de\/wp-json\/wp\/v2\/pages"}],"about":[{"href":"https:\/\/www.cortado.com\/de\/wp-json\/wp\/v2\/types\/page"}],"author":[{"embeddable":true,"href":"https:\/\/www.cortado.com\/de\/wp-json\/wp\/v2\/users\/9"}],"replies":[{"embeddable":true,"href":"https:\/\/www.cortado.com\/de\/wp-json\/wp\/v2\/comments?post=7523"}],"version-history":[{"count":0,"href":"https:\/\/www.cortado.com\/de\/wp-json\/wp\/v2\/pages\/7523\/revisions"}],"wp:featuredmedia":[{"embeddable":true,"href":"https:\/\/www.cortado.com\/de\/wp-json\/wp\/v2\/media\/7478"}],"wp:attachment":[{"href":"https:\/\/www.cortado.com\/de\/wp-json\/wp\/v2\/media?parent=7523"}],"curies":[{"name":"wp","href":"https:\/\/api.w.org\/{rel}","templated":true}]}}