{"id":8022,"date":"2023-04-27T10:02:20","date_gmt":"2023-04-27T10:02:20","guid":{"rendered":"https:\/\/cortado-website.local\/?page_id=8022"},"modified":"2024-08-21T14:54:21","modified_gmt":"2024-08-21T14:54:21","slug":"reseller-programm","status":"publish","type":"page","link":"https:\/\/www.cortado.com\/de\/partnerprogramme\/reseller-programm\/","title":{"rendered":"Cortado Reseller Programm"},"content":{"rendered":"\n<div class=\"wp-block-media-text alignwide has-media-on-the-right is-stacked-on-mobile\"><div class=\"wp-block-media-text__content\">\n<p class=\"has-text-color has-medium-font-size\" style=\"color:#929393\"><strong>CORTADO SALES PARTNER PROGRAM <\/strong><\/p>\n\n\n\n<h1 class=\"wp-block-heading\" id=\"h-komplettieren-sie-ihr-portfolio-und-steigern-sie-ihre-umsatze-mit-cortado-mdm\">Komplettieren Sie Ihr Portfolio und steigern Sie Ihre Ums\u00e4tze mit Cortado MDM<\/h1>\n\n\n\n<p>Unser Partner-Programm richtet sich an Managed-Service-Anbieter, Systemintegratoren und andere Reseller, die Ihr Portfolio um eine einfache, sichere und DSGVO-konforme Mobile-Device-Management-L\u00f6sung aus Deutschland erweitern und neues Umsatzpotential erschlie\u00dfen m\u00f6chten.<\/p>\n\n\n\n<p>F\u00fcr alle, die das Maximum aus der Partnerschaft herausholen wollen, bieten wir mit dem <a href=\"#reseller-plus\">Sales Partner Plus Paket<\/a> das  ideale Package. Profitieren Sie von individuellem Support f\u00fcr Ihre Kundenprojekte und einem attraktiven Discount auf Ihre Lizenzen.<\/p>\n\n\n\n<div class=\"wp-block-columns is-layout-flex wp-container-core-columns-layout-1 wp-block-columns-is-layout-flex\">\n<div class=\"wp-block-column is-vertically-aligned-center is-layout-flow wp-block-column-is-layout-flow\">\n<div class=\"wp-block-buttons is-layout-flex wp-block-buttons-is-layout-flex\">\n<div class=\"wp-block-button is-style-fill\"><a class=\"wp-block-button__link has-white-color has-text-color has-background wp-element-button\" href=\"#start\" style=\"background-color:#6fa12b\">Starten Sie jetzt<\/a><\/div>\n<\/div>\n<\/div>\n\n\n\n<div class=\"wp-block-column is-vertically-aligned-center is-layout-flow wp-block-column-is-layout-flow\">\n<figure class=\"wp-block-image size-full\"><img loading=\"lazy\" decoding=\"async\" width=\"300\" height=\"100\" src=\"https:\/\/www.cortado.com\/wp-content\/uploads\/trusted-mdm-software-sehr-gut.png\" alt=\"\" class=\"wp-image-8054\"\/><\/figure>\n<\/div>\n<\/div>\n<\/div><figure class=\"wp-block-media-text__media\"><img loading=\"lazy\" decoding=\"async\" width=\"750\" height=\"750\" src=\"https:\/\/www.cortado.com\/wp-content\/uploads\/reseller-programm-fi.png\" alt=\"Cortado MDM Reseller Programm\" class=\"wp-image-8053 size-full\" srcset=\"https:\/\/www.cortado.com\/wp-content\/uploads\/reseller-programm-fi.png 750w, https:\/\/www.cortado.com\/wp-content\/uploads\/reseller-programm-fi-300x300.png 300w, https:\/\/www.cortado.com\/wp-content\/uploads\/reseller-programm-fi-150x150.png 150w\" sizes=\"(max-width: 750px) 100vw, 750px\" \/><\/figure><\/div>\n\n\n\n<div style=\"height:100px\" aria-hidden=\"true\" class=\"wp-block-spacer\"><\/div>\n\n\n\n<div class=\"wp-block-media-text alignwide is-stacked-on-mobile is-vertically-aligned-center\"><figure class=\"wp-block-media-text__media\"><img loading=\"lazy\" decoding=\"async\" width=\"750\" height=\"750\" src=\"https:\/\/www.cortado.com\/wp-content\/uploads\/reseller-programm-02-1.png\" alt=\"Cortado Reseller Programm: MDM aus Deutschland\" class=\"wp-image-8048 size-full\" srcset=\"https:\/\/www.cortado.com\/wp-content\/uploads\/reseller-programm-02-1.png 750w, https:\/\/www.cortado.com\/wp-content\/uploads\/reseller-programm-02-1-300x300.png 300w, https:\/\/www.cortado.com\/wp-content\/uploads\/reseller-programm-02-1-150x150.png 150w\" sizes=\"(max-width: 750px) 100vw, 750px\" \/><\/figure><div class=\"wp-block-media-text__content\">\n<h2 class=\"wp-block-heading\">Bieten Sie Ihren Kunden leistungsstarkes MDM Made in Germany<\/h2>\n\n\n\n<p>Als Reseller von IT-Produkten wissen Sie, wie wichtig es ist, innovative L\u00f6sungen im Portfolio zu haben, um die wachsenden Anforderungen Ihrer Kunden zu erf\u00fcllen. Eine Mobile-Device-Management-L\u00f6sung ist heute ein unverzichtbares Produkt f\u00fcr jedes Unternehmen, das Smartphones oder Tablets einsetzt. <\/p>\n\n\n\n<p>Durch die Aufnahme von Cortado MDM in Ihr Portfolio bieten Sie Ihren Kunden eine leistungsstarke <a href=\"https:\/\/www.cortado.com\/de\/tour\/mdm-deutschland\/\">MDM-L\u00f6sung aus Deutschland<\/a>, die alle Anforderungen an Sicherheit und DSGVO-konformen Datenschutz erf\u00fcllt. Deutschsprachige Benutzeroberfl\u00e4chen, Anleitungen und Ansprechpartner sind ebenso inklusive.<\/p>\n\n\n\n<div class=\"wp-block-buttons is-layout-flex wp-block-buttons-is-layout-flex\">\n<div class=\"wp-block-button is-style-outline\"><a class=\"wp-block-button__link wp-element-button\">MDM kostenlos testen<\/a><\/div>\n<\/div>\n<\/div><\/div>\n\n\n\n<div style=\"height:100px\" aria-hidden=\"true\" class=\"wp-block-spacer\"><\/div>\n\n\n\n<div class=\"wp-block-media-text alignwide has-media-on-the-right is-stacked-on-mobile is-image-fill\" id=\"reseller-plus\"><div class=\"wp-block-media-text__content\">\n<h2 class=\"wp-block-heading\" id=\"h-sales-partner-plus-paket-fur-das-plus-an-erfolg\">Sales Partner Plus Paket f\u00fcr das Plus an Erfolg!<\/h2>\n\n\n\n<p>Das Sales Partner Plus Paket ist die ideale Wahl, wenn Sie das Optimum f\u00fcr sich und ihre Kunden herausholen m\u00f6chten. Das Paket ist f\u00fcr <strong>600 Euro pro Jahr<\/strong> erh\u00e4ltlich und beinhaltet: <\/p>\n\n\n\n<ul>\n<li><strong>Individuelle und pers\u00f6nliche Unterst\u00fctzung<\/strong><br>bei der Vorbereitung auf Kundentermine und -pr\u00e4sentationen <\/li>\n\n\n\n<li><strong>Ma\u00dfgeschneiderte Umsetzungskonzepte<\/strong> <br>f\u00fcr Ihre Kundenprojekte von unserem Experten-Team<\/li>\n\n\n\n<li><strong>20% Rabatt auf MDM-Lizenzen<\/strong> bedeuten f\u00fcr Sie ein attraktives Gewinnpotential beim Verkauf unserer L\u00f6sung<\/li>\n<\/ul>\n\n\n\n<p><strong>Au\u00dferdem enthalten: <\/strong>Cortado MDM Account mit 10 Lizenzen f\u00fcr eine Laufzeit von 12 Monaten.<\/p>\n\n\n\n<div class=\"wp-block-buttons is-layout-flex wp-block-buttons-is-layout-flex\">\n<div class=\"wp-block-button is-style-outline\"><a class=\"wp-block-button__link wp-element-button\" href=\"#starten\" target=\"_blank\" rel=\"noreferrer noopener\">Jetzt anfragen<\/a><\/div>\n<\/div>\n\n\n\n<div style=\"height:50px\" aria-hidden=\"true\" class=\"wp-block-spacer\"><\/div>\n<\/div><figure class=\"wp-block-media-text__media\" style=\"background-image:url(https:\/\/www.cortado.com\/wp-content\/uploads\/reseller-programm-3.png);background-position:50% 50%\"><img loading=\"lazy\" decoding=\"async\" width=\"750\" height=\"750\" src=\"https:\/\/www.cortado.com\/wp-content\/uploads\/reseller-programm-3.png\" alt=\"\" class=\"wp-image-8052 size-full\" srcset=\"https:\/\/www.cortado.com\/wp-content\/uploads\/reseller-programm-3.png 750w, https:\/\/www.cortado.com\/wp-content\/uploads\/reseller-programm-3-300x300.png 300w, https:\/\/www.cortado.com\/wp-content\/uploads\/reseller-programm-3-150x150.png 150w\" sizes=\"(max-width: 750px) 100vw, 750px\" \/><\/figure><\/div>\n\n\n\n<div style=\"height:100px\" aria-hidden=\"true\" class=\"wp-block-spacer\"><\/div>\n\n\n\n<div class=\"wp-block-cover is-light\" id=\"start\"><span aria-hidden=\"true\" class=\"wp-block-cover__background has-background-dim-100 has-background-dim\" style=\"background-color:#6fa12b\"><\/span><div class=\"wp-block-cover__inner-container is-layout-flow wp-block-cover-is-layout-flow\">\n<div style=\"height:50px\" aria-hidden=\"true\" class=\"wp-block-spacer\"><\/div>\n\n\n\n<p class=\"has-text-align-center has-white-color has-text-color has-large-font-size\">Starten Sie jetzt! <\/p>\n\n\n\n<div style=\"height:25px\" aria-hidden=\"true\" class=\"wp-block-spacer\"><\/div>\n\n\n\n<div class=\"wp-block-columns is-layout-flex wp-container-core-columns-layout-2 wp-block-columns-is-layout-flex\">\n<div class=\"wp-block-column is-layout-flow wp-block-column-is-layout-flow\" style=\"flex-basis:15%\"><div class=\"wp-block-image\">\n<figure class=\"aligncenter size-full is-resized\"><img loading=\"lazy\" decoding=\"async\" width=\"100\" height=\"100\" src=\"https:\/\/www.cortado.com\/wp-content\/uploads\/icon_round_1.png\" alt=\"\" class=\"wp-image-8127\" style=\"width:75px;height:75px\"\/><\/figure><\/div><\/div>\n\n\n\n<div class=\"wp-block-column is-vertically-aligned-top is-layout-flow wp-block-column-is-layout-flow\" style=\"flex-basis:66.66%\">\n<p class=\"has-white-color has-text-color has-medium-font-size\"><strong>Cortado MDM kostenlos und unverbindlich testen<\/strong><\/p>\n\n\n\n<p class=\"has-white-color has-text-color\">Um Cortado MDM kostenlos und unverbindlich zu testen, gehen Sie bitte <a href=\"\/de\/testen\/\" target=\"_blank\" rel=\"noreferrer noopener\">zur Registrierung<\/a>. <\/p>\n<\/div>\n<\/div>\n\n\n\n<div class=\"wp-block-columns is-layout-flex wp-container-core-columns-layout-3 wp-block-columns-is-layout-flex\">\n<div class=\"wp-block-column is-layout-flow wp-block-column-is-layout-flow\" style=\"flex-basis:15%\"><div class=\"wp-block-image\">\n<figure class=\"aligncenter size-full is-resized\"><img loading=\"lazy\" decoding=\"async\" width=\"100\" height=\"100\" src=\"https:\/\/www.cortado.com\/wp-content\/uploads\/icon_round_2.png\" alt=\"\" class=\"wp-image-8128\" style=\"width:75px;height:75px\"\/><\/figure><\/div><\/div>\n\n\n\n<div class=\"wp-block-column is-layout-flow wp-block-column-is-layout-flow\" style=\"flex-basis:66.66%\">\n<p class=\"has-white-color has-text-color has-medium-font-size\"><strong>Sales Partner Plus Paket buchen<\/strong><\/p>\n\n\n\n<p class=\"has-white-color has-text-color\">Profitieren Sie von pers\u00f6nlicher und individueller Unterst\u00fctzung  bei der Vorbereitung von Kundenterminen und -pr\u00e4sentationen, ma\u00dfgefertigte Umsetzungskonzepte, 20% Rabatt auf Ihre MDM-Lizenzen sowie 10 Lizenzen f\u00fcr Cortado MDM f\u00fcr eine Laufzeit von 12 Monaten.  Das alles f\u00fcr nur 600 Euro pro Jahr. <\/p>\n\n\n\n<div class=\"wp-block-advgb-accordions advgb-accordions-dcd9579a-14d4-4572-9eee-8a36b58022c1 advgb-accordion-wrapper\">\n<div class=\"wp-block-advgb-accordion-item advgb-accordion-item\" style=\"margin-bottom:15px\"><div class=\"advgb-accordion-header\" style=\"background-color:#ffffff;color:#6fa12b;border-style:solid;border-width:1px;border-radius:2px\"><span class=\"advgb-accordion-header-icon\"><svg fill=\"#6fa12b\" xmlns=\"http:\/\/www.w3.org\/2000\/svg\" width=\"24\" height=\"24\" viewBox=\"0 0 24 24\"><path opacity=\"0.87\" fill=\"none\" d=\"M24,24H0L0,0l24,0V24z\"><\/path><path d=\"M16.59,8.59L12,13.17L7.41,8.59L6,10l6,6l6-6L16.59,8.59z\"><\/path><\/svg><\/span><h5 class=\"advgb-accordion-header-title\" style=\"color:inherit\">Unverbindliche Anfrage starten <\/h5><\/div><div class=\"advgb-accordion-body\" style=\"border-style:solid !important;border-width:1px !important;border-color:undefined !important;border-top:none !important;border-radius:2px !important\"><div class=\"wpforms-container wpforms-container-full wpforms-block wpforms-block-8fdb2af6-74de-4519-a6a1-a984b45dc62e\" id=\"wpforms-8055\"><form id=\"wpforms-form-8055\" class=\"wpforms-validate wpforms-form wpforms-ajax-form\" data-formid=\"8055\" method=\"post\" enctype=\"multipart\/form-data\" action=\"\/de\/wp-json\/wp\/v2\/pages\/8022\" data-token=\"4d97cd447907c8feb0be803f4e16bf08\"><noscript class=\"wpforms-error-noscript\">Bitte aktiviere JavaScript in deinem Browser, um dieses Formular fertigzustellen.<\/noscript><div class=\"wpforms-field-container\"><div id=\"wpforms-8055-field_1-container\" class=\"wpforms-field wpforms-field-name\" data-field-id=\"1\"><label class=\"wpforms-field-label\" for=\"wpforms-8055-field_1\">Vor- und Zuname <span class=\"wpforms-required-label\">*<\/span><\/label><div class=\"wpforms-field-row wpforms-field-large\"><div class=\"wpforms-field-row-block wpforms-first wpforms-one-half\"><input type=\"text\" id=\"wpforms-8055-field_1\" class=\"wpforms-field-name-first wpforms-field-required\" name=\"wpforms[fields][1][first]\" required><label for=\"wpforms-8055-field_1\" class=\"wpforms-field-sublabel after wpforms-sublabel-hide\">Vorname<\/label><\/div><div class=\"wpforms-field-row-block wpforms-one-half\"><input type=\"text\" id=\"wpforms-8055-field_1-last\" class=\"wpforms-field-name-last wpforms-field-required\" name=\"wpforms[fields][1][last]\" required><label for=\"wpforms-8055-field_1-last\" class=\"wpforms-field-sublabel after wpforms-sublabel-hide\">Nachname<\/label><\/div><\/div><\/div><div id=\"wpforms-8055-field_8-container\" class=\"wpforms-field wpforms-field-text\" data-field-id=\"8\"><label class=\"wpforms-field-label\" for=\"wpforms-8055-field_8\">Unternehmen <span class=\"wpforms-required-label\">*<\/span><\/label><input type=\"text\" id=\"wpforms-8055-field_8\" class=\"wpforms-field-large wpforms-field-required\" name=\"wpforms[fields][8]\" required><\/div><div id=\"wpforms-8055-field_2-container\" class=\"wpforms-field wpforms-field-email\" data-field-id=\"2\"><label class=\"wpforms-field-label\" for=\"wpforms-8055-field_2\">E-Mail <span class=\"wpforms-required-label\">*<\/span><\/label><input type=\"email\" id=\"wpforms-8055-field_2\" class=\"wpforms-field-large wpforms-field-required\" data-rule-restricted-email=\"1\" name=\"wpforms[fields][2]\" spellcheck=\"false\" required><\/div><div id=\"wpforms-8055-field_4-container\" class=\"wpforms-field wpforms-field-phone\" data-field-id=\"4\"><label class=\"wpforms-field-label\" for=\"wpforms-8055-field_4\">Telefon <span class=\"wpforms-required-label\">*<\/span><\/label><input type=\"tel\" id=\"wpforms-8055-field_4\" class=\"wpforms-field-large wpforms-field-required\" data-rule-int-phone-field=\"true\" name=\"wpforms[fields][4]\" required><\/div><div id=\"wpforms-8055-field_3-container\" class=\"wpforms-field wpforms-field-textarea\" data-field-id=\"3\"><label class=\"wpforms-field-label\" for=\"wpforms-8055-field_3\">Anmerkungen\/Fragen<\/label><textarea id=\"wpforms-8055-field_3\" class=\"wpforms-field-medium\" name=\"wpforms[fields][3]\" ><\/textarea><\/div><\/div><!-- .wpforms-field-container --><div class=\"wpforms-recaptcha-container wpforms-is-recaptcha wpforms-is-recaptcha-type-v3\" ><input type=\"hidden\" name=\"wpforms[recaptcha]\" value=\"\"><\/div><div class=\"wpforms-submit-container\" ><input type=\"hidden\" name=\"wpforms[id]\" value=\"8055\"><input type=\"hidden\" name=\"wpforms[author]\" value=\"9\"><button type=\"submit\" name=\"wpforms[submit]\" id=\"wpforms-submit-8055\" class=\"wpforms-submit button large primary highlight\" data-alt-text=\"Ihre Anfrage wird gesendet ...\" data-submit-text=\"Anfrage senden\" aria-live=\"assertive\" value=\"wpforms-submit\">Anfrage senden<\/button><img loading=\"lazy\" decoding=\"async\" src=\"https:\/\/www.cortado.com\/wp-content\/plugins\/wpforms\/assets\/images\/submit-spin.svg\" class=\"wpforms-submit-spinner\" style=\"display: none;\" width=\"26\" height=\"26\" alt=\"Wird geladen\"><\/div><\/form><\/div>  <!-- .wpforms-container --><\/div><\/div>\n<\/div>\n<\/div>\n<\/div>\n\n\n\n<div style=\"height:50px\" aria-hidden=\"true\" class=\"wp-block-spacer\"><\/div>\n<\/div><\/div>\n","protected":false},"excerpt":{"rendered":"","protected":false},"author":9,"featured_media":12018,"parent":6399,"menu_order":0,"comment_status":"closed","ping_status":"closed","template":"","meta":{"inline_featured_image":false,"advgb_blocks_editor_width":"","advgb_blocks_columns_visual_guide":"","footnotes":""},"acf":[],"yoast_head":"<!-- This site is optimized with the Yoast SEO Premium plugin v21.9 (Yoast SEO v21.9.1) - https:\/\/yoast.com\/wordpress\/plugins\/seo\/ -->\n<title>Cortado Reseller Programm - Ihr Erfolg mit unseren L\u00f6sungen<\/title>\n<meta name=\"description\" content=\"Werden Sie Cortado-Reseller und erweitern Sie Ihr Portfolio mit unseren innovativen L\u00f6sungen. Profitieren Sie von exklusiven Vorteilen und attraktiven Margen.\" \/>\n<meta name=\"robots\" content=\"index, follow, max-snippet:-1, max-image-preview:large, max-video-preview:-1\" \/>\n<link rel=\"canonical\" href=\"https:\/\/www.cortado.com\/de\/partnerprogramme\/reseller-programm\/\" \/>\n<meta property=\"og:locale\" content=\"de_DE\" \/>\n<meta property=\"og:type\" content=\"article\" \/>\n<meta property=\"og:title\" content=\"Cortado Reseller Programm\" \/>\n<meta property=\"og:description\" content=\"Werden Sie Cortado-Reseller und erweitern Sie Ihr Portfolio mit unseren innovativen L\u00f6sungen. Profitieren Sie von exklusiven Vorteilen und attraktiven Margen.\" \/>\n<meta property=\"og:url\" content=\"https:\/\/www.cortado.com\/de\/partnerprogramme\/reseller-programm\/\" \/>\n<meta property=\"og:site_name\" content=\"Cortado\" \/>\n<meta property=\"article:publisher\" content=\"https:\/\/www.facebook.com\/CortadoMobileSolutions\/\" \/>\n<meta property=\"article:modified_time\" content=\"2024-08-21T14:54:21+00:00\" \/>\n<meta property=\"og:image\" content=\"https:\/\/www.cortado.com\/wp-content\/uploads\/cortado_mobile_solutions_fi.png\" \/>\n\t<meta property=\"og:image:width\" content=\"960\" \/>\n\t<meta property=\"og:image:height\" content=\"540\" \/>\n\t<meta property=\"og:image:type\" content=\"image\/png\" \/>\n<meta name=\"twitter:card\" content=\"summary_large_image\" \/>\n<meta name=\"twitter:site\" content=\"@cortado_com\" \/>\n<meta name=\"twitter:label1\" content=\"Gesch\u00e4tzte Lesezeit\" \/>\n\t<meta name=\"twitter:data1\" content=\"3 Minuten\" \/>\n<script type=\"application\/ld+json\" class=\"yoast-schema-graph\">{\"@context\":\"https:\/\/schema.org\",\"@graph\":[{\"@type\":\"WebPage\",\"@id\":\"https:\/\/www.cortado.com\/de\/partnerprogramme\/reseller-programm\/\",\"url\":\"https:\/\/www.cortado.com\/de\/partnerprogramme\/reseller-programm\/\",\"name\":\"Cortado Reseller Programm - Ihr Erfolg mit unseren L\u00f6sungen\",\"isPartOf\":{\"@id\":\"https:\/\/www.cortado.com\/de\/#website\"},\"datePublished\":\"2023-04-27T10:02:20+00:00\",\"dateModified\":\"2024-08-21T14:54:21+00:00\",\"description\":\"Werden Sie Cortado-Reseller und erweitern Sie Ihr Portfolio mit unseren innovativen L\u00f6sungen. Profitieren Sie von exklusiven Vorteilen und attraktiven Margen.\",\"breadcrumb\":{\"@id\":\"https:\/\/www.cortado.com\/de\/partnerprogramme\/reseller-programm\/#breadcrumb\"},\"inLanguage\":\"de-DE\",\"potentialAction\":[{\"@type\":\"ReadAction\",\"target\":[\"https:\/\/www.cortado.com\/de\/partnerprogramme\/reseller-programm\/\"]}]},{\"@type\":\"BreadcrumbList\",\"@id\":\"https:\/\/www.cortado.com\/de\/partnerprogramme\/reseller-programm\/#breadcrumb\",\"itemListElement\":[{\"@type\":\"ListItem\",\"position\":1,\"name\":\"Home\",\"item\":\"https:\/\/www.cortado.com\/de\/\"},{\"@type\":\"ListItem\",\"position\":2,\"name\":\"Partnerprogramme\",\"item\":\"https:\/\/www.cortado.com\/de\/partnerprogramme\/\"},{\"@type\":\"ListItem\",\"position\":3,\"name\":\"Cortado Reseller Programm\"}]},{\"@type\":\"WebSite\",\"@id\":\"https:\/\/www.cortado.com\/de\/#website\",\"url\":\"https:\/\/www.cortado.com\/de\/\",\"name\":\"Cortado\",\"description\":\"\",\"potentialAction\":[{\"@type\":\"SearchAction\",\"target\":{\"@type\":\"EntryPoint\",\"urlTemplate\":\"https:\/\/www.cortado.com\/de\/?s={search_term_string}\"},\"query-input\":\"required name=search_term_string\"}],\"inLanguage\":\"de-DE\"}]}<\/script>\n<!-- \/ Yoast SEO Premium plugin. -->","yoast_head_json":{"title":"Cortado Reseller Programm - Ihr Erfolg mit unseren L\u00f6sungen","description":"Werden Sie Cortado-Reseller und erweitern Sie Ihr Portfolio mit unseren innovativen L\u00f6sungen. Profitieren Sie von exklusiven Vorteilen und attraktiven Margen.","robots":{"index":"index","follow":"follow","max-snippet":"max-snippet:-1","max-image-preview":"max-image-preview:large","max-video-preview":"max-video-preview:-1"},"canonical":"https:\/\/www.cortado.com\/de\/partnerprogramme\/reseller-programm\/","og_locale":"de_DE","og_type":"article","og_title":"Cortado Reseller Programm","og_description":"Werden Sie Cortado-Reseller und erweitern Sie Ihr Portfolio mit unseren innovativen L\u00f6sungen. Profitieren Sie von exklusiven Vorteilen und attraktiven Margen.","og_url":"https:\/\/www.cortado.com\/de\/partnerprogramme\/reseller-programm\/","og_site_name":"Cortado","article_publisher":"https:\/\/www.facebook.com\/CortadoMobileSolutions\/","article_modified_time":"2024-08-21T14:54:21+00:00","og_image":[{"width":960,"height":540,"url":"https:\/\/www.cortado.com\/wp-content\/uploads\/cortado_mobile_solutions_fi.png","type":"image\/png"}],"twitter_card":"summary_large_image","twitter_site":"@cortado_com","twitter_misc":{"Gesch\u00e4tzte Lesezeit":"3 Minuten"},"schema":{"@context":"https:\/\/schema.org","@graph":[{"@type":"WebPage","@id":"https:\/\/www.cortado.com\/de\/partnerprogramme\/reseller-programm\/","url":"https:\/\/www.cortado.com\/de\/partnerprogramme\/reseller-programm\/","name":"Cortado Reseller Programm - Ihr Erfolg mit unseren L\u00f6sungen","isPartOf":{"@id":"https:\/\/www.cortado.com\/de\/#website"},"datePublished":"2023-04-27T10:02:20+00:00","dateModified":"2024-08-21T14:54:21+00:00","description":"Werden Sie Cortado-Reseller und erweitern Sie Ihr Portfolio mit unseren innovativen L\u00f6sungen. Profitieren Sie von exklusiven Vorteilen und attraktiven Margen.","breadcrumb":{"@id":"https:\/\/www.cortado.com\/de\/partnerprogramme\/reseller-programm\/#breadcrumb"},"inLanguage":"de-DE","potentialAction":[{"@type":"ReadAction","target":["https:\/\/www.cortado.com\/de\/partnerprogramme\/reseller-programm\/"]}]},{"@type":"BreadcrumbList","@id":"https:\/\/www.cortado.com\/de\/partnerprogramme\/reseller-programm\/#breadcrumb","itemListElement":[{"@type":"ListItem","position":1,"name":"Home","item":"https:\/\/www.cortado.com\/de\/"},{"@type":"ListItem","position":2,"name":"Partnerprogramme","item":"https:\/\/www.cortado.com\/de\/partnerprogramme\/"},{"@type":"ListItem","position":3,"name":"Cortado Reseller Programm"}]},{"@type":"WebSite","@id":"https:\/\/www.cortado.com\/de\/#website","url":"https:\/\/www.cortado.com\/de\/","name":"Cortado","description":"","potentialAction":[{"@type":"SearchAction","target":{"@type":"EntryPoint","urlTemplate":"https:\/\/www.cortado.com\/de\/?s={search_term_string}"},"query-input":"required name=search_term_string"}],"inLanguage":"de-DE"}]}},"coauthors":[],"author_meta":{"author_link":"https:\/\/www.cortado.com\/de\/author\/dani\/","display_name":"Linda Martin"},"relative_dates":{"created":"Posted 3 Jahren ago","modified":"Updated 2 Jahren ago"},"absolute_dates":{"created":"Posted on April 27, 2023","modified":"Updated on August 21, 2024"},"absolute_dates_time":{"created":"Posted on April 27, 2023 10:02 am","modified":"Updated on August 21, 2024 2:54 pm"},"featured_img_caption":"","featured_img":"https:\/\/www.cortado.com\/wp-content\/uploads\/cortado_mobile_solutions_fi.png","series_order":"","_links":{"self":[{"href":"https:\/\/www.cortado.com\/de\/wp-json\/wp\/v2\/pages\/8022"}],"collection":[{"href":"https:\/\/www.cortado.com\/de\/wp-json\/wp\/v2\/pages"}],"about":[{"href":"https:\/\/www.cortado.com\/de\/wp-json\/wp\/v2\/types\/page"}],"author":[{"embeddable":true,"href":"https:\/\/www.cortado.com\/de\/wp-json\/wp\/v2\/users\/9"}],"replies":[{"embeddable":true,"href":"https:\/\/www.cortado.com\/de\/wp-json\/wp\/v2\/comments?post=8022"}],"version-history":[{"count":0,"href":"https:\/\/www.cortado.com\/de\/wp-json\/wp\/v2\/pages\/8022\/revisions"}],"up":[{"embeddable":true,"href":"https:\/\/www.cortado.com\/de\/wp-json\/wp\/v2\/pages\/6399"}],"wp:featuredmedia":[{"embeddable":true,"href":"https:\/\/www.cortado.com\/de\/wp-json\/wp\/v2\/media\/12018"}],"wp:attachment":[{"href":"https:\/\/www.cortado.com\/de\/wp-json\/wp\/v2\/media?parent=8022"}],"curies":[{"name":"wp","href":"https:\/\/api.w.org\/{rel}","templated":true}]}}