{"id":8207,"date":"2023-08-21T11:10:22","date_gmt":"2023-08-21T11:10:22","guid":{"rendered":"https:\/\/cortado-website.local\/?page_id=8207"},"modified":"2024-06-07T08:05:44","modified_gmt":"2024-06-07T08:05:44","slug":"services","status":"publish","type":"page","link":"https:\/\/www.cortado.com\/de\/services\/","title":{"rendered":"Cortado Services &#038; Support"},"content":{"rendered":"\n<h1 class=\"wp-block-heading has-text-align-center\" id=\"h-cortado-services-amp-support-immer-an-ihrer-seite\">Cortado Services &amp; Support: <br>Immer an Ihrer Seite!<\/h1>\n\n\n\n<p class=\"has-text-align-center emphasized\">Von der Planung, \u00fcber die Einf\u00fchrung und den laufenden Betrieb bis hin zu Optimierung und Ausbau: Als einer der f\u00fchrenden MDM-Anbieter setzen wir alles daran, Ihnen den bestm\u00f6glichen Service zu bieten und stehen Ihnen mit individuellen, praxisorientierten Supportl\u00f6sungen zur Seite.&nbsp;<\/p>\n\n\n\n<p><\/p>\n\n\n\n<div class=\"wp-block-columns are-vertically-aligned-top is-layout-flex wp-container-core-columns-is-layout-ad2f72ca wp-block-columns-is-layout-flex\" id=\"pre-sales\">\n<div class=\"wp-block-column is-vertically-aligned-top has-background is-layout-flow wp-block-column-is-layout-flow\" style=\"background-color:#6fa12b;flex-basis:33.33%\">\n<p class=\"has-text-align-center has-white-color has-text-color has-large-font-size\"> <\/p>\n\n\n\n<p class=\"has-text-align-center has-white-color has-text-color has-medium-font-size\"><strong>Pre-Sales Support<\/strong><\/p>\n\n\n\n<p><\/p>\n<\/div>\n\n\n\n<div class=\"wp-block-column is-vertically-aligned-top is-layout-flow wp-block-column-is-layout-flow\" style=\"flex-basis:66.66%\">\n<h3 class=\"wp-block-heading\" id=\"h-sind-sie-noch-in-der-planungsphase\">Sind Sie noch in der Planungsphase?<\/h3>\n\n\n\n<p class=\"has-medium-font-size\">Online-Erstberatung | 30 Minuten | Kostenlos!<\/p>\n\n\n\n<p>Unser Pre-Sales Support begleitet Sie von Anfang an auf Ihrer Reise zu einer ma\u00dfgeschneiderten MDM-L\u00f6sung. In einem 30-min\u00fctigem Erstgespr\u00e4ch beantworten wir Ihre technische Fragen und f\u00fchren individuelle Produktdemonstrationen durch. Unsere Experten sind darauf spezialisiert, Ihre individuellen Anforderungen zu verstehen und L\u00f6sungen vorzuschlagen, die Ihren spezifischen Gesch\u00e4ftsanforderungen entsprechen. Mit unserem Pre-Sales Support stellen wir sicher, dass Sie eine fundierte Entscheidung treffen und die optimale Leistung aus Ihrer MDM-L\u00f6sung herausholen k\u00f6nnen.<\/p>\n\n\n\n<div class=\"wp-block-buttons is-layout-flex wp-block-buttons-is-layout-flex\">\n<div class=\"wp-block-button\"><a class=\"wp-block-button__link wp-element-button\" href=\"https:\/\/www.cortado.com\/de\/beratung\/\">Termin buchen<\/a><\/div>\n<\/div>\n<\/div>\n<\/div>\n\n\n\n<div style=\"height:50px\" aria-hidden=\"true\" class=\"wp-block-spacer\"><\/div>\n\n\n\n<div class=\"wp-block-columns are-vertically-aligned-top is-layout-flex wp-container-core-columns-is-layout-ad2f72ca wp-block-columns-is-layout-flex\" id=\"onboarding\">\n<div class=\"wp-block-column is-vertically-aligned-top has-background is-layout-flow wp-block-column-is-layout-flow\" style=\"background-color:#6fa12b;flex-basis:33.33%\">\n<p class=\"has-text-align-center has-white-color has-text-color has-large-font-size\"> <\/p>\n\n\n\n<p class=\"has-text-align-center has-white-color has-text-color has-medium-font-size\"><strong>On-Boarding Service<\/strong><\/p>\n\n\n\n<p><\/p>\n<\/div>\n\n\n\n<div class=\"wp-block-column is-vertically-aligned-top is-layout-flow wp-block-column-is-layout-flow\" style=\"flex-basis:66.66%\">\n<h3 class=\"wp-block-heading\" id=\"h-effektive-mdm-implementierung-von-beginn-an\">Effektive MDM-Implementierung von Beginn an<\/h3>\n\n\n\n<p class=\"has-medium-font-size\">Remote-Consulting | 120 Minuten | 499,00 Euro<\/p>\n\n\n\n<p>Unser Onboarding-Service bietet Ihnen eine umfassende Einf\u00fchrung in Ihre neue MDM-L\u00f6sung. In einer rund zweist\u00fcndigen, online durchgef\u00fchrten Sitzung, begleiten unsere Experten Sie durch die wichtigsten Funktionen und Einstellungen Ihres MDM-Systems. Sie erhalten praktische Anleitungen zur Einrichtung und Verwendung Ihrer Software und haben die M\u00f6glichkeit, Fragen zu stellen und Klarheit \u00fcber alle Aspekte Ihres MDM-Systems zu erlangen. Dieser Service ist darauf ausgelegt, Ihnen einen schnellen und effizienten Start zu erm\u00f6glichen und sicherzustellen, dass Sie das volle Potenzial Ihrer MDM-L\u00f6sung von Anfang an nutzen k\u00f6nnen.<\/p>\n\n\n\n<div class=\"wp-block-buttons is-layout-flex wp-block-buttons-is-layout-flex\">\n<div class=\"wp-block-button\"><a class=\"wp-block-button__link wp-element-button\" href=\"#anfrage\">Anfrage senden<\/a><\/div>\n<\/div>\n<\/div>\n<\/div>\n\n\n\n<div style=\"height:50px\" aria-hidden=\"true\" class=\"wp-block-spacer\"><\/div>\n\n\n\n<div class=\"wp-block-columns are-vertically-aligned-top is-layout-flex wp-container-core-columns-is-layout-ad2f72ca wp-block-columns-is-layout-flex\" id=\"technischer-support\">\n<div class=\"wp-block-column is-vertically-aligned-top has-background is-layout-flow wp-block-column-is-layout-flow\" style=\"background-color:#6fa12b;flex-basis:33.33%\">\n<p class=\"has-text-align-center has-white-color has-text-color has-large-font-size\"> <\/p>\n\n\n\n<p class=\"has-text-align-center has-white-color has-text-color has-medium-font-size\"><strong>Knowledge Base<\/strong><\/p>\n\n\n\n<p><\/p>\n<\/div>\n\n\n\n<div class=\"wp-block-column is-vertically-aligned-top is-layout-flow wp-block-column-is-layout-flow\" style=\"flex-basis:66.66%\">\n<h3 class=\"wp-block-heading\" id=\"h-unsere-knowledge-base-ihre-erste-anlaufstelle-fur-technische-fragen\">Unsere Knowledge Base \u2013 Ihre erste Anlaufstelle f\u00fcr technische Fragen<\/h3>\n\n\n\n<p class=\"has-medium-font-size\">Online-Portal | Kostenlos!<\/p>\n\n\n\n<p>Bei Cortado verstehen wir, wie wichtig es ist, dass Sie schnell und effektiv Antworten auf Ihre Fragen finden. Deshalb haben wir eine umfangreiche Knowledge Base entwickelt, die genau das bietet. Ob Sie detaillierte Anleitungen, Schritt-f\u00fcr-Schritt-Tutorials oder schnelle L\u00f6sungen f\u00fcr h\u00e4ufig auftretende Probleme suchen \u2013 unsere Knowledge Base ist Ihre erste Anlaufstelle. Mit st\u00e4ndigen Updates, klaren Kategorisierungen und einer benutzerfreundlichen Suche wurde sie so gestaltet, dass Sie die ben\u00f6tigten Informationen in Sekundenschnelle finden k\u00f6nnen. Intuitiv, aktuell und immer an Ihrer Seite<\/p>\n\n\n\n<div class=\"wp-block-buttons is-layout-flex wp-block-buttons-is-layout-flex\">\n<div class=\"wp-block-button\"><a class=\"wp-block-button__link wp-element-button\" href=\"https:\/\/support.cortado.com\/de\/support\/home\" target=\"_blank\" rel=\"noreferrer noopener\">Knowledge Base \u00f6ffnen<\/a><\/div>\n<\/div>\n<\/div>\n<\/div>\n\n\n\n<div style=\"height:29px\" aria-hidden=\"true\" class=\"wp-block-spacer\"><\/div>\n\n\n\n<div class=\"wp-block-columns are-vertically-aligned-top is-layout-flex wp-container-core-columns-is-layout-ad2f72ca wp-block-columns-is-layout-flex\" id=\"consulting\">\n<div class=\"wp-block-column is-vertically-aligned-top has-background is-layout-flow wp-block-column-is-layout-flow\" style=\"background-color:#6fa12b;flex-basis:33.33%\">\n<p class=\"has-text-align-center has-white-color has-text-color has-medium-font-size\"><br><strong>Technischer Support<\/strong><\/p>\n\n\n\n<p><\/p>\n<\/div>\n\n\n\n<div class=\"wp-block-column is-vertically-aligned-top is-layout-flow wp-block-column-is-layout-flow\" style=\"flex-basis:66.66%\">\n<h3 class=\"wp-block-heading\" id=\"h-technische-unterstutzung-durch-unser-experten-team\">Technische Unterst\u00fctzung durch unser Experten-Team<\/h3>\n\n\n\n<p class=\"has-medium-font-size\">Konditionen abh\u00e4ngig von Ihrem Abonnement<\/p>\n\n\n\n<p>Unser Kunden-Support-Service ist darauf ausgelegt, Ihnen in jeder Phase Ihrer MDM-Nutzung zuverl\u00e4ssige und schnelle Hilfe zu bieten. Abh\u00e4ngig von Ihrem Abonnement bieten wir folgende Support-Optionen an: <\/p>\n\n\n\n<ul class=\"wp-block-list\">\n<li><strong>Support Services Standard: <\/strong>Support-Anfrage per Ticket-System; Ticket-Bearbeitung an Werktagen (Montag bis Freitag) von 9:00 &#8211; 17:00 Uhr;  Antworten per E-Mail oder telefonisch.<\/li>\n\n\n\n<li><strong>Support Services Priority: <\/strong>Support per Ticket-System mit bevorzugter Ticket-Bearbeitung und telefonische Unterst\u00fctzung an Werktagen (Montag &#8211; Freitag) 9:00 &#8211; 17:00 Uhr.<\/li>\n<\/ul>\n\n\n\n<p>Der schnellste und einfachste Weg, Support zu erhalten, ist, ihn direkt zusammen mit den Lizenzen oder mit einer Lizenzverl\u00e4ngerung zu erwerben.&nbsp;Bis auf den Basic Plan beinhalten alle Pl\u00e4ne mindestens die Support Services Standard, ein Upgrade auf einen h\u00f6heren Plan mit Premium-Support ist jederzeit m\u00f6glich.&nbsp;<\/p>\n\n\n\n<div class=\"wp-block-buttons is-layout-flex wp-block-buttons-is-layout-flex\">\n<div class=\"wp-block-button\"><a class=\"wp-block-button__link wp-element-button\" href=\"https:\/\/www.cortado.com\/de\/abos-preise\/ppy\/\">Pl\u00e4ne ansehen<\/a><\/div>\n<\/div>\n<\/div>\n<\/div>\n\n\n\n<div style=\"height:50px\" aria-hidden=\"true\" class=\"wp-block-spacer\"><\/div>\n\n\n\n<div class=\"wp-block-columns are-vertically-aligned-top is-layout-flex wp-container-core-columns-is-layout-ad2f72ca wp-block-columns-is-layout-flex\">\n<div class=\"wp-block-column is-vertically-aligned-top has-background is-layout-flow wp-block-column-is-layout-flow\" style=\"background-color:#6fa12b;flex-basis:33.33%\">\n<p class=\"has-text-align-center has-white-color has-text-color has-medium-font-size\"><br><strong>Consulting Services<\/strong><\/p>\n\n\n\n<p><\/p>\n<\/div>\n\n\n\n<div class=\"wp-block-column is-vertically-aligned-top is-layout-flow wp-block-column-is-layout-flow\" style=\"flex-basis:66.66%\">\n<h3 class=\"wp-block-heading\" id=\"h-schopfen-sie-das-volle-potential-ihrer-cortado-losung-aus\">Sch\u00f6pfen Sie das volle Potential Ihrer Cortado-L\u00f6sung aus<\/h3>\n\n\n\n<p class=\"has-medium-font-size\">Remote- oder Vor-Ort-Beratung | ab 1.200 Euro pro Tag<\/p>\n\n\n\n<p>Unsere Consulting Services bieten Ihnen individuelle Beratung, um das volle Potenzial Ihrer MDM-L\u00f6sung auszusch\u00f6pfen. Ob Sie Ihre MDM-Strategie optimieren, komplexe Herausforderungen meistern oder neue Nutzungsm\u00f6glichkeiten entdecken m\u00f6chten, unser Expertenteam steht bereit, um Sie fachkundig zu beraten und Sie bei der Umsetzung zu unterst\u00fctzen.<\/p>\n\n\n\n<ul class=\"wp-block-list\">\n<li><strong>Remote-Consulting:<\/strong> 1 Tag (8 Stunden) mit einem Experten unseres Consulting Teams \u2013 1.200 Euro<\/li>\n\n\n\n<li><strong>Vor-Ort-Consulting: <\/strong> 1 Tag (8 Stunden) mit einem Experten unseres Consulting Teams bei Ihnen vor Ort, inklusive Reise- und \u00dcbernachtungskosten \u2013 1.500 Euro<\/li>\n<\/ul>\n\n\n\n<p>Zus\u00e4tzliche Stundenkontingente sind ab 195 Euro pro Stunde erh\u00e4ltlich (auf Anfrage).<\/p>\n\n\n\n<div class=\"wp-block-buttons is-layout-flex wp-block-buttons-is-layout-flex\">\n<div class=\"wp-block-button\"><a class=\"wp-block-button__link wp-element-button\" href=\"#anfrage\">Anfrage senden<\/a><\/div>\n<\/div>\n<\/div>\n<\/div>\n\n\n\n<div style=\"height:50px\" aria-hidden=\"true\" class=\"wp-block-spacer\"><\/div>\n\n\n\n<div class=\"wp-block-media-text alignwide is-stacked-on-mobile is-image-fill has-white-color has-text-color has-background\" style=\"background-color:#414758\" id=\"anfrage\"><figure class=\"wp-block-media-text__media\" style=\"background-image:url(https:\/\/www.cortado.com\/wp-content\/uploads\/support-team-01.png);background-position:50% 50%\"><img loading=\"lazy\" decoding=\"async\" width=\"1000\" height=\"1000\" src=\"https:\/\/www.cortado.com\/wp-content\/uploads\/support-team-01.png\" alt=\"Support Team Mitarbeiterin am PC mit Headset\" class=\"wp-image-8340 size-full\" srcset=\"https:\/\/www.cortado.com\/wp-content\/uploads\/support-team-01.png 1000w, https:\/\/www.cortado.com\/wp-content\/uploads\/support-team-01-300x300.png 300w, https:\/\/www.cortado.com\/wp-content\/uploads\/support-team-01-150x150.png 150w, https:\/\/www.cortado.com\/wp-content\/uploads\/support-team-01-768x768.png 768w\" sizes=\"auto, (max-width: 1000px) 100vw, 1000px\" \/><\/figure><div class=\"wp-block-media-text__content\">\n<div style=\"height:50px\" aria-hidden=\"true\" class=\"wp-block-spacer\"><\/div>\n\n\n\n<h3 class=\"wp-block-heading has-large-font-size\">Kontaktieren Sie uns!<\/h3>\n\n\n\n<p class=\"has-medium-font-size\">Ben\u00f6tigen Sie Unterst\u00fctzung bei der Entscheidung f\u00fcr die  passende Support-Option oder w\u00fcnschen ein konkretes Angebot? Dann senden Sie uns Ihre Nachricht \u00fcber dieses Formular. <\/p>\n\n\n<div class=\"wpforms-container wpforms-container-full wpforms-block wpforms-block-ed8bb47e-7f91-401f-8e57-fb2d788f5104\" id=\"wpforms-7304\"><form id=\"wpforms-form-7304\" class=\"wpforms-validate wpforms-form wpforms-ajax-form\" data-formid=\"7304\" method=\"post\" enctype=\"multipart\/form-data\" action=\"\/de\/wp-json\/wp\/v2\/pages\/8207\" data-token=\"22b6543c54113de94eb6cab5b7cf91a2\" data-token-time=\"1776923208\"><noscript class=\"wpforms-error-noscript\">Bitte aktiviere JavaScript in deinem Browser, um dieses Formular fertigzustellen.<\/noscript><div class=\"wpforms-field-container\"><div id=\"wpforms-7304-field_1-container\" class=\"wpforms-field wpforms-field-name\" data-field-id=\"1\"><label class=\"wpforms-field-label\" for=\"wpforms-7304-field_1\">Vor- und Zuname <span class=\"wpforms-required-label\">*<\/span><\/label><div class=\"wpforms-field-row wpforms-field-large\"><div class=\"wpforms-field-row-block wpforms-first wpforms-one-half\"><input type=\"text\" id=\"wpforms-7304-field_1\" class=\"wpforms-field-name-first wpforms-field-required\" name=\"wpforms[fields][1][first]\" required><label for=\"wpforms-7304-field_1\" class=\"wpforms-field-sublabel after wpforms-sublabel-hide\">Vorname<\/label><\/div><div class=\"wpforms-field-row-block wpforms-one-half\"><input type=\"text\" id=\"wpforms-7304-field_1-last\" class=\"wpforms-field-name-last wpforms-field-required\" name=\"wpforms[fields][1][last]\" required><label for=\"wpforms-7304-field_1-last\" class=\"wpforms-field-sublabel after wpforms-sublabel-hide\">Nachname<\/label><\/div><\/div><\/div><div id=\"wpforms-7304-field_2-container\" class=\"wpforms-field wpforms-field-email\" data-field-id=\"2\"><label class=\"wpforms-field-label\" for=\"wpforms-7304-field_2\">E-Mail <span class=\"wpforms-required-label\">*<\/span><\/label><input type=\"email\" id=\"wpforms-7304-field_2\" class=\"wpforms-field-large wpforms-field-required\" data-rule-restricted-email=\"1\" name=\"wpforms[fields][2]\" spellcheck=\"false\" required><\/div><div id=\"wpforms-7304-field_3-container\" class=\"wpforms-field wpforms-field-textarea\" data-field-id=\"3\"><label class=\"wpforms-field-label\" for=\"wpforms-7304-field_3\">Nachricht <span class=\"wpforms-required-label\">*<\/span><\/label><textarea id=\"wpforms-7304-field_3\" class=\"wpforms-field-large wpforms-field-required\" name=\"wpforms[fields][3]\" required><\/textarea><\/div><div id=\"wpforms-7304-field_5-container\" class=\"wpforms-field wpforms-field-checkbox wpforms-conditional-trigger\" data-field-id=\"5\"><label class=\"wpforms-field-label wpforms-label-hide\">Anruf erw\u00fcnscht<\/label><ul id=\"wpforms-7304-field_5\"><li class=\"choice-1 depth-1\"><input type=\"checkbox\" id=\"wpforms-7304-field_5_1\" name=\"wpforms[fields][5][]\" value=\"Ich bitte um R\u00fcckmeldung per Telefon.\"  ><label class=\"wpforms-field-label-inline\" for=\"wpforms-7304-field_5_1\">Ich bitte um R\u00fcckmeldung per Telefon.<\/label><\/li><\/ul><\/div><div id=\"wpforms-7304-field_4-container\" class=\"wpforms-field wpforms-field-phone wpforms-conditional-field wpforms-conditional-show\" data-field-id=\"4\" style=\"display:none;\"><label class=\"wpforms-field-label\" for=\"wpforms-7304-field_4\">Telefon <span class=\"wpforms-required-label\">*<\/span><\/label><input type=\"tel\" id=\"wpforms-7304-field_4\" class=\"wpforms-field-large wpforms-field-required\" data-rule-int-phone-field=\"true\" name=\"wpforms[fields][4]\" aria-label=\"Telefon\" required><\/div><\/div><!-- .wpforms-field-container --><div class=\"wpforms-recaptcha-container wpforms-is-recaptcha wpforms-is-recaptcha-type-v3\" ><input type=\"hidden\" name=\"wpforms[recaptcha]\" value=\"\"><\/div><div class=\"wpforms-submit-container\" ><input type=\"hidden\" name=\"wpforms[id]\" value=\"7304\"><input type=\"hidden\" name=\"page_title\" value=\"\"><input type=\"hidden\" name=\"page_url\" value=\"https:\/\/www.cortado.com\/de\/wp-json\/wp\/v2\/pages\/8207\"><input type=\"hidden\" name=\"url_referer\" value=\"\"><button type=\"submit\" name=\"wpforms[submit]\" id=\"wpforms-submit-7304\" class=\"wpforms-submit button large primary highlight\" data-alt-text=\"Ihre Anfrage wird gesendet ...\" data-submit-text=\"Anfrage senden\" aria-live=\"assertive\" value=\"wpforms-submit\">Anfrage senden<\/button><img loading=\"lazy\" decoding=\"async\" src=\"https:\/\/www.cortado.com\/wp-content\/plugins\/wpforms\/assets\/images\/submit-spin.svg\" class=\"wpforms-submit-spinner\" style=\"display: none;\" width=\"26\" height=\"26\" alt=\"Wird geladen\"><\/div><\/form><\/div>  <!-- .wpforms-container -->\n\n\n<div style=\"height:25px\" aria-hidden=\"true\" class=\"wp-block-spacer\"><\/div>\n<\/div><\/div>\n","protected":false},"excerpt":{"rendered":"<p>Cortado Services &amp; Support: Immer an Ihrer Seite! Von der Planung, \u00fcber die Einf\u00fchrung und den laufenden Betrieb bis hin zu Optimierung und Ausbau: Als einer der f\u00fchrenden MDM-Anbieter setzen wir alles daran, Ihnen den bestm\u00f6glichen Service zu bieten und stehen Ihnen mit individuellen, praxisorientierten Supportl\u00f6sungen zur Seite.&nbsp; Pre-Sales Support Sind Sie noch in der [&hellip;]<\/p>\n","protected":false},"author":9,"featured_media":8340,"parent":0,"menu_order":0,"comment_status":"closed","ping_status":"closed","template":"","meta":{"_acf_changed":false,"inline_featured_image":false,"advgb_blocks_editor_width":"","advgb_blocks_columns_visual_guide":"","footnotes":""},"class_list":["post-8207","page","type-page","status-publish","has-post-thumbnail","hentry"],"acf":[],"yoast_head":"<!-- This site is optimized with the Yoast SEO Premium plugin v21.9 (Yoast SEO v27.3) - https:\/\/yoast.com\/product\/yoast-seo-premium-wordpress\/ -->\n<title>Cortado Services &amp; Support | Immer an Ihrer Seite<\/title>\n<meta name=\"description\" content=\"Cortado bietet Ihnen eine breite Palette an Service- und Supportl\u00f6sungen, die Ihnen dabei helfen, unsere Software optimal einzusetzen.\" \/>\n<meta name=\"robots\" content=\"index, follow, max-snippet:-1, max-image-preview:large, max-video-preview:-1\" \/>\n<link rel=\"canonical\" href=\"https:\/\/www.cortado.com\/de\/services\/\" \/>\n<meta property=\"og:locale\" content=\"de_DE\" \/>\n<meta property=\"og:type\" content=\"article\" \/>\n<meta property=\"og:title\" content=\"Cortado Services &amp; Support\" \/>\n<meta property=\"og:description\" content=\"Cortado bietet Ihnen eine breite Palette an Service- und Supportl\u00f6sungen, die Ihnen dabei helfen, unsere Software optimal einzusetzen.\" \/>\n<meta property=\"og:url\" content=\"https:\/\/www.cortado.com\/de\/services\/\" \/>\n<meta property=\"og:site_name\" content=\"Cortado\" \/>\n<meta property=\"article:publisher\" content=\"https:\/\/www.facebook.com\/CortadoMobileSolutions\/\" \/>\n<meta property=\"article:modified_time\" content=\"2024-06-07T08:05:44+00:00\" \/>\n<meta property=\"og:image\" content=\"https:\/\/www.cortado.com\/wp-content\/uploads\/support-team-01.png\" \/>\n\t<meta property=\"og:image:width\" content=\"1000\" \/>\n\t<meta property=\"og:image:height\" content=\"1000\" \/>\n\t<meta property=\"og:image:type\" content=\"image\/png\" \/>\n<meta name=\"twitter:card\" content=\"summary_large_image\" \/>\n<meta name=\"twitter:site\" content=\"@cortado_com\" \/>\n<meta name=\"twitter:label1\" content=\"Gesch\u00e4tzte Lesezeit\" \/>\n\t<meta name=\"twitter:data1\" content=\"3 Minuten\" \/>\n<script type=\"application\/ld+json\" class=\"yoast-schema-graph\">{\"@context\":\"https:\\\/\\\/schema.org\",\"@graph\":[{\"@type\":\"WebPage\",\"@id\":\"https:\\\/\\\/www.cortado.com\\\/de\\\/services\\\/\",\"url\":\"https:\\\/\\\/www.cortado.com\\\/de\\\/services\\\/\",\"name\":\"Cortado Services & Support | Immer an Ihrer Seite\",\"isPartOf\":{\"@id\":\"https:\\\/\\\/www.cortado.com\\\/de\\\/#website\"},\"primaryImageOfPage\":{\"@id\":\"https:\\\/\\\/www.cortado.com\\\/de\\\/services\\\/#primaryimage\"},\"image\":{\"@id\":\"https:\\\/\\\/www.cortado.com\\\/de\\\/services\\\/#primaryimage\"},\"thumbnailUrl\":\"https:\\\/\\\/www.cortado.com\\\/wp-content\\\/uploads\\\/support-team-01.png\",\"datePublished\":\"2023-08-21T11:10:22+00:00\",\"dateModified\":\"2024-06-07T08:05:44+00:00\",\"description\":\"Cortado bietet Ihnen eine breite Palette an Service- und Supportl\u00f6sungen, die Ihnen dabei helfen, unsere Software optimal einzusetzen.\",\"breadcrumb\":{\"@id\":\"https:\\\/\\\/www.cortado.com\\\/de\\\/services\\\/#breadcrumb\"},\"inLanguage\":\"de-DE\",\"potentialAction\":[{\"@type\":\"ReadAction\",\"target\":[\"https:\\\/\\\/www.cortado.com\\\/de\\\/services\\\/\"]}]},{\"@type\":\"ImageObject\",\"inLanguage\":\"de-DE\",\"@id\":\"https:\\\/\\\/www.cortado.com\\\/de\\\/services\\\/#primaryimage\",\"url\":\"https:\\\/\\\/www.cortado.com\\\/wp-content\\\/uploads\\\/support-team-01.png\",\"contentUrl\":\"https:\\\/\\\/www.cortado.com\\\/wp-content\\\/uploads\\\/support-team-01.png\",\"width\":1000,\"height\":1000,\"caption\":\"Support Team Mitarbeiterin am PC mit Headset\"},{\"@type\":\"BreadcrumbList\",\"@id\":\"https:\\\/\\\/www.cortado.com\\\/de\\\/services\\\/#breadcrumb\",\"itemListElement\":[{\"@type\":\"ListItem\",\"position\":1,\"name\":\"Home\",\"item\":\"https:\\\/\\\/www.cortado.com\\\/de\\\/\"},{\"@type\":\"ListItem\",\"position\":2,\"name\":\"Cortado Services &#038; Support\"}]},{\"@type\":\"WebSite\",\"@id\":\"https:\\\/\\\/www.cortado.com\\\/de\\\/#website\",\"url\":\"https:\\\/\\\/www.cortado.com\\\/de\\\/\",\"name\":\"Cortado\",\"description\":\"\",\"potentialAction\":[{\"@type\":\"SearchAction\",\"target\":{\"@type\":\"EntryPoint\",\"urlTemplate\":\"https:\\\/\\\/www.cortado.com\\\/de\\\/?s={search_term_string}\"},\"query-input\":{\"@type\":\"PropertyValueSpecification\",\"valueRequired\":true,\"valueName\":\"search_term_string\"}}],\"inLanguage\":\"de-DE\"}]}<\/script>\n<!-- \/ Yoast SEO Premium plugin. -->","yoast_head_json":{"title":"Cortado Services & Support | Immer an Ihrer Seite","description":"Cortado bietet Ihnen eine breite Palette an Service- und Supportl\u00f6sungen, die Ihnen dabei helfen, unsere Software optimal einzusetzen.","robots":{"index":"index","follow":"follow","max-snippet":"max-snippet:-1","max-image-preview":"max-image-preview:large","max-video-preview":"max-video-preview:-1"},"canonical":"https:\/\/www.cortado.com\/de\/services\/","og_locale":"de_DE","og_type":"article","og_title":"Cortado Services & Support","og_description":"Cortado bietet Ihnen eine breite Palette an Service- und Supportl\u00f6sungen, die Ihnen dabei helfen, unsere Software optimal einzusetzen.","og_url":"https:\/\/www.cortado.com\/de\/services\/","og_site_name":"Cortado","article_publisher":"https:\/\/www.facebook.com\/CortadoMobileSolutions\/","article_modified_time":"2024-06-07T08:05:44+00:00","og_image":[{"width":1000,"height":1000,"url":"https:\/\/www.cortado.com\/wp-content\/uploads\/support-team-01.png","type":"image\/png"}],"twitter_card":"summary_large_image","twitter_site":"@cortado_com","twitter_misc":{"Gesch\u00e4tzte Lesezeit":"3 Minuten"},"schema":{"@context":"https:\/\/schema.org","@graph":[{"@type":"WebPage","@id":"https:\/\/www.cortado.com\/de\/services\/","url":"https:\/\/www.cortado.com\/de\/services\/","name":"Cortado Services & Support | Immer an Ihrer Seite","isPartOf":{"@id":"https:\/\/www.cortado.com\/de\/#website"},"primaryImageOfPage":{"@id":"https:\/\/www.cortado.com\/de\/services\/#primaryimage"},"image":{"@id":"https:\/\/www.cortado.com\/de\/services\/#primaryimage"},"thumbnailUrl":"https:\/\/www.cortado.com\/wp-content\/uploads\/support-team-01.png","datePublished":"2023-08-21T11:10:22+00:00","dateModified":"2024-06-07T08:05:44+00:00","description":"Cortado bietet Ihnen eine breite Palette an Service- und Supportl\u00f6sungen, die Ihnen dabei helfen, unsere Software optimal einzusetzen.","breadcrumb":{"@id":"https:\/\/www.cortado.com\/de\/services\/#breadcrumb"},"inLanguage":"de-DE","potentialAction":[{"@type":"ReadAction","target":["https:\/\/www.cortado.com\/de\/services\/"]}]},{"@type":"ImageObject","inLanguage":"de-DE","@id":"https:\/\/www.cortado.com\/de\/services\/#primaryimage","url":"https:\/\/www.cortado.com\/wp-content\/uploads\/support-team-01.png","contentUrl":"https:\/\/www.cortado.com\/wp-content\/uploads\/support-team-01.png","width":1000,"height":1000,"caption":"Support Team Mitarbeiterin am PC mit Headset"},{"@type":"BreadcrumbList","@id":"https:\/\/www.cortado.com\/de\/services\/#breadcrumb","itemListElement":[{"@type":"ListItem","position":1,"name":"Home","item":"https:\/\/www.cortado.com\/de\/"},{"@type":"ListItem","position":2,"name":"Cortado Services &#038; Support"}]},{"@type":"WebSite","@id":"https:\/\/www.cortado.com\/de\/#website","url":"https:\/\/www.cortado.com\/de\/","name":"Cortado","description":"","potentialAction":[{"@type":"SearchAction","target":{"@type":"EntryPoint","urlTemplate":"https:\/\/www.cortado.com\/de\/?s={search_term_string}"},"query-input":{"@type":"PropertyValueSpecification","valueRequired":true,"valueName":"search_term_string"}}],"inLanguage":"de-DE"}]}},"coauthors":[],"author_meta":{"author_link":"https:\/\/www.cortado.com\/de\/author\/dani\/","display_name":"Linda Martin"},"relative_dates":{"created":"Ver\u00f6ffentlicht 3 Jahren vor","modified":"Aktualisiert 2 Jahren vor"},"absolute_dates":{"created":"Ver\u00f6ffentlicht am August 21, 2023","modified":"Aktualisiert am Juni 7, 2024"},"absolute_dates_time":{"created":"Ver\u00f6ffentlicht am August 21, 2023 11:10 am","modified":"Aktualisiert am Juni 7, 2024 8:05 am"},"featured_img_caption":"","featured_img":"https:\/\/www.cortado.com\/wp-content\/uploads\/support-team-01.png","series_order":"","_links":{"self":[{"href":"https:\/\/www.cortado.com\/de\/wp-json\/wp\/v2\/pages\/8207","targetHints":{"allow":["GET"]}}],"collection":[{"href":"https:\/\/www.cortado.com\/de\/wp-json\/wp\/v2\/pages"}],"about":[{"href":"https:\/\/www.cortado.com\/de\/wp-json\/wp\/v2\/types\/page"}],"author":[{"embeddable":true,"href":"https:\/\/www.cortado.com\/de\/wp-json\/wp\/v2\/users\/9"}],"replies":[{"embeddable":true,"href":"https:\/\/www.cortado.com\/de\/wp-json\/wp\/v2\/comments?post=8207"}],"version-history":[{"count":0,"href":"https:\/\/www.cortado.com\/de\/wp-json\/wp\/v2\/pages\/8207\/revisions"}],"wp:featuredmedia":[{"embeddable":true,"href":"https:\/\/www.cortado.com\/de\/wp-json\/wp\/v2\/media\/8340"}],"wp:attachment":[{"href":"https:\/\/www.cortado.com\/de\/wp-json\/wp\/v2\/media?parent=8207"}],"curies":[{"name":"wp","href":"https:\/\/api.w.org\/{rel}","templated":true}]}}