{"id":911,"date":"2016-09-14T14:55:36","date_gmt":"2016-09-14T14:55:36","guid":{"rendered":"http:\/\/cortadomobile.wpengine.com\/?page_id=911"},"modified":"2025-05-21T13:02:44","modified_gmt":"2025-05-21T13:02:44","slug":"ueber-uns","status":"publish","type":"page","link":"https:\/\/www.cortado.com\/de\/ueber-uns\/","title":{"rendered":"\u00dcber uns"},"content":{"rendered":"\n<div class=\"wp-block-media-text alignwide has-media-on-the-right is-stacked-on-mobile is-vertically-aligned-top\"><div class=\"wp-block-media-text__content\">\n<div class=\"wp-block-group is-layout-constrained wp-block-group-is-layout-constrained\"><div class=\"wp-block-group__inner-container\">\n<h1 class=\"wp-block-heading\" id=\"h-cortado-mobile-solutions-die-mdm-spezialisten\">Cortado Mobile Solutions \u2013 Die MDM-Spezialisten<\/h1>\n\n\n\n<p>Cortado Mobile Solutions ist ein deutscher Softwarehersteller mit Sitz in Berlin und Pr\u00e4senz rund um den Globus. Unserer \u00dcberzeugung nach kann kein Unternehmen darauf verzichten, seine Arbeitsprozesse zu mobilisieren, wenn es wettbewerbsf\u00e4hig bleiben m\u00f6chte. Darum machen wir die Bereitstellung von Smartphones und Tablets f\u00fcr Unternehmen jeder Branche und Gr\u00f6\u00dfenordnung so einfach, sicher und produktiv wie nur m\u00f6glich.<\/p>\n\n\n\n<p>Herzst\u00fcck unserer Angebote ist unsere cloudbasierte MDM-L\u00f6sung Cortado f\u00fcr die zentrale DSGVO-konforme Verwaltung von mobilen Ger\u00e4ten. Dank Firmenhauptsitz und Software-Hosting in Deutschland werden die Daten nach deutschem und europ\u00e4ischem Recht gesch\u00fctzt.<\/p>\n\n\n\n<p>F\u00fcr Unternehmen, die weder das Personal noch die Zeit f\u00fcr die Mobilger\u00e4teverwaltung aufbringen wollen oder k\u00f6nnen, bietet Cortado Rundum-Sorglos-Pakete. Diese Pakete bestehen aus Smartphones oder Tablets zur Miete oder zum Kauf. Alle Ger\u00e4te sind vollst\u00e4ndig per MDM vorkonfiguriert, inklusive E-Mail, WLAN und allen gew\u00fcnschten Apps. DSGVO-Compliance und Schutz von Unternehmensdaten sind dabei von Minute eins an sichergestellt. <\/p>\n<\/div><\/div>\n\n\n\n<p>Praktisch f\u00fcr deutschsprachige Unternehmen: Verwaltungskonsole, technische Unterlagen sowie Consulting und Support stehen in deutscher Sprache zur Verf\u00fcgung.&nbsp;<\/p>\n<\/div><figure class=\"wp-block-media-text__media\"><img loading=\"lazy\" decoding=\"async\" width=\"500\" height=\"250\" src=\"https:\/\/www.cortado.com\/wp-content\/uploads\/cortado-logo-500x250-1.png\" alt=\"Cortado Logo\" class=\"wp-image-7792 size-full\" srcset=\"https:\/\/www.cortado.com\/wp-content\/uploads\/cortado-logo-500x250-1.png 500w, https:\/\/www.cortado.com\/wp-content\/uploads\/cortado-logo-500x250-1-300x150.png 300w\" sizes=\"(max-width: 500px) 100vw, 500px\" \/><\/figure><\/div>\n\n\n\n<div style=\"height:25px\" aria-hidden=\"true\" class=\"wp-block-spacer\"><\/div>\n\n\n\n<p><\/p>\n","protected":false},"excerpt":{"rendered":"","protected":false},"author":17,"featured_media":12018,"parent":0,"menu_order":0,"comment_status":"closed","ping_status":"closed","template":"","meta":{"inline_featured_image":false,"advgb_blocks_editor_width":"","advgb_blocks_columns_visual_guide":"","footnotes":""},"acf":[],"yoast_head":"<!-- This site is optimized with the Yoast SEO Premium plugin v21.9 (Yoast SEO v21.9.1) - https:\/\/yoast.com\/wordpress\/plugins\/seo\/ -->\n<title>\u00dcber uns \u2013 Cortado Mobile Solutions<\/title>\n<meta name=\"description\" content=\"Lernen Sie die MDM-Spezialisten von Cortado kennen. Als Berliner Unternehmen setzen wir auf Datenschutz nach EU-Standards.\" \/>\n<meta name=\"robots\" content=\"index, follow, max-snippet:-1, max-image-preview:large, max-video-preview:-1\" \/>\n<link rel=\"canonical\" href=\"https:\/\/www.cortado.com\/de\/ueber-uns\/\" \/>\n<meta property=\"og:locale\" content=\"de_DE\" \/>\n<meta property=\"og:type\" content=\"article\" \/>\n<meta property=\"og:title\" content=\"\u00dcber uns\" \/>\n<meta property=\"og:description\" content=\"Lernen Sie die MDM-Spezialisten von Cortado kennen. Als Berliner Unternehmen setzen wir auf Datenschutz nach EU-Standards.\" \/>\n<meta property=\"og:url\" content=\"https:\/\/www.cortado.com\/de\/ueber-uns\/\" \/>\n<meta property=\"og:site_name\" content=\"Cortado\" \/>\n<meta property=\"article:publisher\" content=\"https:\/\/www.facebook.com\/CortadoMobileSolutions\/\" \/>\n<meta property=\"article:modified_time\" content=\"2025-05-21T13:02:44+00:00\" \/>\n<meta property=\"og:image\" content=\"https:\/\/www.cortado.com\/wp-content\/uploads\/cortado_mobile_solutions_fi.png\" \/>\n\t<meta property=\"og:image:width\" content=\"960\" \/>\n\t<meta property=\"og:image:height\" content=\"540\" \/>\n\t<meta property=\"og:image:type\" content=\"image\/png\" \/>\n<meta name=\"twitter:card\" content=\"summary_large_image\" \/>\n<meta name=\"twitter:site\" content=\"@cortado_com\" \/>\n<meta name=\"twitter:label1\" content=\"Gesch\u00e4tzte Lesezeit\" \/>\n\t<meta name=\"twitter:data1\" content=\"2 Minuten\" \/>\n<script type=\"application\/ld+json\" class=\"yoast-schema-graph\">{\"@context\":\"https:\/\/schema.org\",\"@graph\":[{\"@type\":\"WebPage\",\"@id\":\"https:\/\/www.cortado.com\/de\/ueber-uns\/\",\"url\":\"https:\/\/www.cortado.com\/de\/ueber-uns\/\",\"name\":\"\u00dcber uns \u2013 Cortado Mobile Solutions\",\"isPartOf\":{\"@id\":\"https:\/\/www.cortado.com\/de\/#website\"},\"datePublished\":\"2016-09-14T14:55:36+00:00\",\"dateModified\":\"2025-05-21T13:02:44+00:00\",\"description\":\"Lernen Sie die MDM-Spezialisten von Cortado kennen. Als Berliner Unternehmen setzen wir auf Datenschutz nach EU-Standards.\",\"breadcrumb\":{\"@id\":\"https:\/\/www.cortado.com\/de\/ueber-uns\/#breadcrumb\"},\"inLanguage\":\"de-DE\",\"potentialAction\":[{\"@type\":\"ReadAction\",\"target\":[\"https:\/\/www.cortado.com\/de\/ueber-uns\/\"]}]},{\"@type\":\"BreadcrumbList\",\"@id\":\"https:\/\/www.cortado.com\/de\/ueber-uns\/#breadcrumb\",\"itemListElement\":[{\"@type\":\"ListItem\",\"position\":1,\"name\":\"Home\",\"item\":\"https:\/\/www.cortado.com\/de\/\"},{\"@type\":\"ListItem\",\"position\":2,\"name\":\"\u00dcber uns\"}]},{\"@type\":\"WebSite\",\"@id\":\"https:\/\/www.cortado.com\/de\/#website\",\"url\":\"https:\/\/www.cortado.com\/de\/\",\"name\":\"Cortado\",\"description\":\"\",\"potentialAction\":[{\"@type\":\"SearchAction\",\"target\":{\"@type\":\"EntryPoint\",\"urlTemplate\":\"https:\/\/www.cortado.com\/de\/?s={search_term_string}\"},\"query-input\":\"required name=search_term_string\"}],\"inLanguage\":\"de-DE\"}]}<\/script>\n<!-- \/ Yoast SEO Premium plugin. -->","yoast_head_json":{"title":"\u00dcber uns \u2013 Cortado Mobile Solutions","description":"Lernen Sie die MDM-Spezialisten von Cortado kennen. Als Berliner Unternehmen setzen wir auf Datenschutz nach EU-Standards.","robots":{"index":"index","follow":"follow","max-snippet":"max-snippet:-1","max-image-preview":"max-image-preview:large","max-video-preview":"max-video-preview:-1"},"canonical":"https:\/\/www.cortado.com\/de\/ueber-uns\/","og_locale":"de_DE","og_type":"article","og_title":"\u00dcber uns","og_description":"Lernen Sie die MDM-Spezialisten von Cortado kennen. Als Berliner Unternehmen setzen wir auf Datenschutz nach EU-Standards.","og_url":"https:\/\/www.cortado.com\/de\/ueber-uns\/","og_site_name":"Cortado","article_publisher":"https:\/\/www.facebook.com\/CortadoMobileSolutions\/","article_modified_time":"2025-05-21T13:02:44+00:00","og_image":[{"width":960,"height":540,"url":"https:\/\/www.cortado.com\/wp-content\/uploads\/cortado_mobile_solutions_fi.png","type":"image\/png"}],"twitter_card":"summary_large_image","twitter_site":"@cortado_com","twitter_misc":{"Gesch\u00e4tzte Lesezeit":"2 Minuten"},"schema":{"@context":"https:\/\/schema.org","@graph":[{"@type":"WebPage","@id":"https:\/\/www.cortado.com\/de\/ueber-uns\/","url":"https:\/\/www.cortado.com\/de\/ueber-uns\/","name":"\u00dcber uns \u2013 Cortado Mobile Solutions","isPartOf":{"@id":"https:\/\/www.cortado.com\/de\/#website"},"datePublished":"2016-09-14T14:55:36+00:00","dateModified":"2025-05-21T13:02:44+00:00","description":"Lernen Sie die MDM-Spezialisten von Cortado kennen. Als Berliner Unternehmen setzen wir auf Datenschutz nach EU-Standards.","breadcrumb":{"@id":"https:\/\/www.cortado.com\/de\/ueber-uns\/#breadcrumb"},"inLanguage":"de-DE","potentialAction":[{"@type":"ReadAction","target":["https:\/\/www.cortado.com\/de\/ueber-uns\/"]}]},{"@type":"BreadcrumbList","@id":"https:\/\/www.cortado.com\/de\/ueber-uns\/#breadcrumb","itemListElement":[{"@type":"ListItem","position":1,"name":"Home","item":"https:\/\/www.cortado.com\/de\/"},{"@type":"ListItem","position":2,"name":"\u00dcber uns"}]},{"@type":"WebSite","@id":"https:\/\/www.cortado.com\/de\/#website","url":"https:\/\/www.cortado.com\/de\/","name":"Cortado","description":"","potentialAction":[{"@type":"SearchAction","target":{"@type":"EntryPoint","urlTemplate":"https:\/\/www.cortado.com\/de\/?s={search_term_string}"},"query-input":"required name=search_term_string"}],"inLanguage":"de-DE"}]}},"coauthors":[],"author_meta":{"author_link":"https:\/\/www.cortado.com\/de\/author\/damei\/","display_name":"Dana Meier"},"relative_dates":{"created":"Posted 10 Jahren ago","modified":"Updated 11 Monaten ago"},"absolute_dates":{"created":"Posted on September 14, 2016","modified":"Updated on Mai 21, 2025"},"absolute_dates_time":{"created":"Posted on September 14, 2016 2:55 pm","modified":"Updated on Mai 21, 2025 1:02 pm"},"featured_img_caption":"","featured_img":"https:\/\/www.cortado.com\/wp-content\/uploads\/cortado_mobile_solutions_fi.png","series_order":"","_links":{"self":[{"href":"https:\/\/www.cortado.com\/de\/wp-json\/wp\/v2\/pages\/911"}],"collection":[{"href":"https:\/\/www.cortado.com\/de\/wp-json\/wp\/v2\/pages"}],"about":[{"href":"https:\/\/www.cortado.com\/de\/wp-json\/wp\/v2\/types\/page"}],"author":[{"embeddable":true,"href":"https:\/\/www.cortado.com\/de\/wp-json\/wp\/v2\/users\/17"}],"replies":[{"embeddable":true,"href":"https:\/\/www.cortado.com\/de\/wp-json\/wp\/v2\/comments?post=911"}],"version-history":[{"count":0,"href":"https:\/\/www.cortado.com\/de\/wp-json\/wp\/v2\/pages\/911\/revisions"}],"wp:featuredmedia":[{"embeddable":true,"href":"https:\/\/www.cortado.com\/de\/wp-json\/wp\/v2\/media\/12018"}],"wp:attachment":[{"href":"https:\/\/www.cortado.com\/de\/wp-json\/wp\/v2\/media?parent=911"}],"curies":[{"name":"wp","href":"https:\/\/api.w.org\/{rel}","templated":true}]}}